{"id":38431,"date":"2021-10-29T11:16:33","date_gmt":"2021-10-29T14:16:33","guid":{"rendered":"https:\/\/www.argensend.com\/?post_type=product&#038;p=38431"},"modified":"2025-04-21T13:48:26","modified_gmt":"2025-04-21T16:48:26","slug":"kurupi-yerba-mate-menta-y-boldo-500-gr","status":"publish","type":"product","link":"https:\/\/www.argensend.com\/en\/product\/kurupi-yerba-mate-menta-y-boldo-500-gr\/","title":{"rendered":"Kurup\u00ed &#8211; Yerba Mate Menta y Boldo 500gr"},"content":{"rendered":"<p>El proceso de elaboraci\u00f3n de la Yerba Mate, despu\u00e9s de la cosecha de las hojas, pasa por los siguientes procesos: Preparaci\u00f3n, Maduraci\u00f3n, Finalizaci\u00f3n. En la etapa de finalizaci\u00f3n, se selecciona la Yerba Mate, separando las hojas de los tallos para que el producto pueda ser debidamente empaquetado y distribuido en los mercados.<\/p>\n<p>La Yerba Mate Kurup\u00ed, Compuesta con hierbas Menta y Boldo, posee propiedades digestivas, la mezcla efectiva de las hierbas medicinales que la componen ofrece una acci\u00f3n anti\u00e1cida, principal beneficio de este producto 100% natural. *<\/p>\n<p>Composici\u00f3n<br \/>\nIlex paraguariensis (Yerba Mate)<br \/>\nPeumus boldus M. (Boldo)<br \/>\nMenta x piperita L. (Menta)<\/p>\n<p>Presentaci\u00f3nes<\/p>","protected":false},"excerpt":{"rendered":"<p>Yerba Mate Kurup\u00ed<\/p>","protected":false},"featured_media":38432,"comment_status":"closed","ping_status":"closed","template":"","meta":{"_acf_changed":false,"om_disable_all_campaigns":false,"_monsterinsights_skip_tracking":false,"_monsterinsights_sitenote_active":false,"_monsterinsights_sitenote_note":"","_monsterinsights_sitenote_category":0},"etheme_brands":[],"product_brand":[],"product_cat":[2124],"product_tag":[203,234,5233,225,5232,165,259,260,9997,228,163],"class_list":{"0":"post-38431","1":"product","2":"type-product","3":"status-publish","4":"has-post-thumbnail","6":"product_cat-yerbas","7":"product_tag-argentina","8":"product_tag-argentine","9":"product_tag-boldo","10":"product_tag-infusion","11":"product_tag-kurupi","12":"product_tag-mate","13":"product_tag-menta","14":"product_tag-mint","15":"product_tag-t10bi","16":"product_tag-tradicional","17":"product_tag-yerba","19":"first","20":"instock","21":"taxable","22":"shipping-taxable","23":"purchasable","24":"product-type-simple"},"acf":[],"aioseo_notices":[],"_links":{"self":[{"href":"https:\/\/www.argensend.com\/en\/wp-json\/wp\/v2\/product\/38431","targetHints":{"allow":["GET"]}}],"collection":[{"href":"https:\/\/www.argensend.com\/en\/wp-json\/wp\/v2\/product"}],"about":[{"href":"https:\/\/www.argensend.com\/en\/wp-json\/wp\/v2\/types\/product"}],"replies":[{"embeddable":true,"href":"https:\/\/www.argensend.com\/en\/wp-json\/wp\/v2\/comments?post=38431"}],"version-history":[{"count":5,"href":"https:\/\/www.argensend.com\/en\/wp-json\/wp\/v2\/product\/38431\/revisions"}],"predecessor-version":[{"id":116368,"href":"https:\/\/www.argensend.com\/en\/wp-json\/wp\/v2\/product\/38431\/revisions\/116368"}],"wp:featuredmedia":[{"embeddable":true,"href":"https:\/\/www.argensend.com\/en\/wp-json\/wp\/v2\/media\/38432"}],"wp:attachment":[{"href":"https:\/\/www.argensend.com\/en\/wp-json\/wp\/v2\/media?parent=38431"}],"wp:term":[{"taxonomy":"brand","embeddable":true,"href":"https:\/\/www.argensend.com\/en\/wp-json\/wp\/v2\/etheme_brands?post=38431"},{"taxonomy":"product_brand","embeddable":true,"href":"https:\/\/www.argensend.com\/en\/wp-json\/wp\/v2\/product_brand?post=38431"},{"taxonomy":"product_cat","embeddable":true,"href":"https:\/\/www.argensend.com\/en\/wp-json\/wp\/v2\/product_cat?post=38431"},{"taxonomy":"product_tag","embeddable":true,"href":"https:\/\/www.argensend.com\/en\/wp-json\/wp\/v2\/product_tag?post=38431"}],"curies":[{"name":"wp","href":"https:\/\/api.w.org\/{rel}","templated":true}]}}