{"id":38628,"date":"2021-11-06T21:52:59","date_gmt":"2021-11-07T00:52:59","guid":{"rendered":"https:\/\/www.argensend.com\/?post_type=product&#038;p=38628"},"modified":"2025-04-21T13:48:21","modified_gmt":"2025-04-21T16:48:21","slug":"nobleza-gaucha-yerba-mate-seleccion-especial-azul-500-gr-yerba-mate-special-selection-blue-17-63-oz","status":"publish","type":"product","link":"https:\/\/www.argensend.com\/en\/product\/nobleza-gaucha-yerba-mate-seleccion-especial-azul-500-gr-yerba-mate-special-selection-blue-17-63-oz\/","title":{"rendered":"Nobleza Gaucha &#8211; Yerba Mate Selecci\u00f3n Especial Azul 500gr"},"content":{"rendered":"<p>Disfruta de la aut\u00e9ntica tradici\u00f3n argentina con la Yerba Mate Selecci\u00f3n Nobleza Gaucha X 500 Gr. Esta yerba mate de alta calidad, producida por la reconocida marca Nobleza Gaucha, te brinda una experiencia \u00fanica y deliciosa en cada mate que compartas con amigos y familiares. Al adquirir este producto, recibir\u00e1s una unidad de 1 kg, perfecta para disfrutar durante un buen tiempo y mantener siempre a mano en tu hogar. No esperes m\u00e1s para deleitarte con el sabor y la calidad que solo Nobleza Gaucha puede ofrecerte.<\/p>","protected":false},"excerpt":{"rendered":"<p>Yerba Mate Nobleza Gaucha<\/p>","protected":false},"featured_media":38629,"comment_status":"closed","ping_status":"closed","template":"","meta":{"_acf_changed":false,"om_disable_all_campaigns":false,"_monsterinsights_skip_tracking":false,"_monsterinsights_sitenote_active":false,"_monsterinsights_sitenote_note":"","_monsterinsights_sitenote_category":0},"etheme_brands":[],"product_brand":[],"product_cat":[8812,2124],"product_tag":[203,234,714,935,1000,6893,225,473,165,6892,1213,5237,228,163],"class_list":{"0":"post-38628","1":"product","2":"type-product","3":"status-publish","4":"has-post-thumbnail","6":"product_cat-sin-alcohol-kosher","7":"product_cat-yerbas","8":"product_tag-argentina","9":"product_tag-argentine","10":"product_tag-azul","11":"product_tag-blue","12":"product_tag-especial","13":"product_tag-gaucha","14":"product_tag-infusion","15":"product_tag-kosher","16":"product_tag-mate","17":"product_tag-nobleza","18":"product_tag-seleccion","19":"product_tag-selection","20":"product_tag-tradicional","21":"product_tag-yerba","23":"first","24":"instock","25":"taxable","26":"shipping-taxable","27":"purchasable","28":"product-type-simple"},"acf":[],"aioseo_notices":[],"_links":{"self":[{"href":"https:\/\/www.argensend.com\/en\/wp-json\/wp\/v2\/product\/38628","targetHints":{"allow":["GET"]}}],"collection":[{"href":"https:\/\/www.argensend.com\/en\/wp-json\/wp\/v2\/product"}],"about":[{"href":"https:\/\/www.argensend.com\/en\/wp-json\/wp\/v2\/types\/product"}],"replies":[{"embeddable":true,"href":"https:\/\/www.argensend.com\/en\/wp-json\/wp\/v2\/comments?post=38628"}],"version-history":[{"count":4,"href":"https:\/\/www.argensend.com\/en\/wp-json\/wp\/v2\/product\/38628\/revisions"}],"predecessor-version":[{"id":116358,"href":"https:\/\/www.argensend.com\/en\/wp-json\/wp\/v2\/product\/38628\/revisions\/116358"}],"wp:featuredmedia":[{"embeddable":true,"href":"https:\/\/www.argensend.com\/en\/wp-json\/wp\/v2\/media\/38629"}],"wp:attachment":[{"href":"https:\/\/www.argensend.com\/en\/wp-json\/wp\/v2\/media?parent=38628"}],"wp:term":[{"taxonomy":"brand","embeddable":true,"href":"https:\/\/www.argensend.com\/en\/wp-json\/wp\/v2\/etheme_brands?post=38628"},{"taxonomy":"product_brand","embeddable":true,"href":"https:\/\/www.argensend.com\/en\/wp-json\/wp\/v2\/product_brand?post=38628"},{"taxonomy":"product_cat","embeddable":true,"href":"https:\/\/www.argensend.com\/en\/wp-json\/wp\/v2\/product_cat?post=38628"},{"taxonomy":"product_tag","embeddable":true,"href":"https:\/\/www.argensend.com\/en\/wp-json\/wp\/v2\/product_tag?post=38628"}],"curies":[{"name":"wp","href":"https:\/\/api.w.org\/{rel}","templated":true}]}}