{"id":39679,"date":"2021-11-16T11:43:19","date_gmt":"2021-11-16T14:43:19","guid":{"rendered":"https:\/\/www.argensend.com\/?post_type=product&#038;p=39679"},"modified":"2024-12-06T16:21:33","modified_gmt":"2024-12-06T19:21:33","slug":"colon-estadio-retro-1995-a-escala","status":"publish","type":"product","link":"https:\/\/www.argensend.com\/en\/product\/colon-estadio-retro-1995-a-escala\/","title":{"rendered":"Col\u00f3n &#8211; Estadio Retro 1995 a Escala"},"content":{"rendered":"","protected":false},"excerpt":{"rendered":"<p>Modelo r\u00e9plica a escala del Estadio Brigadier General Estanislao L\u00f3pez, en su versi\u00f3n del a\u00f1o 1995.<br \/>\nFabricado con tecnolog\u00eda de impresi\u00f3n 3D y m\u00e9todos art\u00edsticos manuales.<\/p>\n<p>Materiales: PLA (Pl\u00e1stico biodegradable, de origen vegetal), MDF Board, Papel autoadhesivo, Laminas de pl\u00e1stico y Acr\u00edlico<\/p>\n<p>Dimensiones: 12cm x 9cm<br \/>\nBase: 15cm x 12cm<\/p>\n<p>\u2026\u2026\u2026\u2026\u2026\u2026\u2026\u2026\u2026\u2026\u2026\u2026\u2026\u2026\u2026\u2026\u2026\u2026\u2026\u2026\u2026\u2026\u2026\u2026\u2026\u2026\u2026\u2026\u2026<\/p>\n<p>Scale replica model of the Brigadier General Estanislao L\u00f3pez Stadium, in its 1995 version.<br \/>\nManufactured with 3D printing technology and manual artistic methods.<\/p>\n<p>Materials: PLA (biodegradable plastic of vegetable origin), MDF Board, self-adhesive paper, plastic sheets and acrylic.<\/p>\n<p>Dimensions: 12cm x 9cm<br \/>\nBase: 15cm x 12cm<\/p>","protected":false},"featured_media":39691,"comment_status":"closed","ping_status":"closed","template":"","meta":{"_acf_changed":false,"om_disable_all_campaigns":false,"_monsterinsights_skip_tracking":false,"_monsterinsights_sitenote_active":false,"_monsterinsights_sitenote_note":"","_monsterinsights_sitenote_category":0},"etheme_brands":[],"product_brand":[],"product_cat":[3944,5280],"product_tag":[5400,203,234,224,1417,5395,5401,3693,5405,1050,334,5397,724,5266,713,5403,5404,5402,3352,3692],"class_list":{"0":"post-39679","1":"product","2":"type-product","3":"status-publish","4":"has-post-thumbnail","6":"product_cat-articulos-decorativos","7":"product_cat-colon","8":"product_tag-5400","9":"product_tag-argentina","10":"product_tag-argentine","11":"product_tag-argentino","12":"product_tag-black","13":"product_tag-colon","14":"product_tag-escala","15":"product_tag-estadio","16":"product_tag-fe","17":"product_tag-futbol","18":"product_tag-negro","19":"product_tag-pueblo","20":"product_tag-red","21":"product_tag-retro","22":"product_tag-rojo","23":"product_tag-sabaleros","24":"product_tag-santa","25":"product_tag-scaled","26":"product_tag-soccer","27":"product_tag-stadium","29":"first","30":"instock","31":"taxable","32":"shipping-taxable","33":"purchasable","34":"product-type-simple"},"acf":[],"aioseo_notices":[],"_links":{"self":[{"href":"https:\/\/www.argensend.com\/en\/wp-json\/wp\/v2\/product\/39679","targetHints":{"allow":["GET"]}}],"collection":[{"href":"https:\/\/www.argensend.com\/en\/wp-json\/wp\/v2\/product"}],"about":[{"href":"https:\/\/www.argensend.com\/en\/wp-json\/wp\/v2\/types\/product"}],"replies":[{"embeddable":true,"href":"https:\/\/www.argensend.com\/en\/wp-json\/wp\/v2\/comments?post=39679"}],"version-history":[{"count":4,"href":"https:\/\/www.argensend.com\/en\/wp-json\/wp\/v2\/product\/39679\/revisions"}],"predecessor-version":[{"id":107001,"href":"https:\/\/www.argensend.com\/en\/wp-json\/wp\/v2\/product\/39679\/revisions\/107001"}],"wp:featuredmedia":[{"embeddable":true,"href":"https:\/\/www.argensend.com\/en\/wp-json\/wp\/v2\/media\/39691"}],"wp:attachment":[{"href":"https:\/\/www.argensend.com\/en\/wp-json\/wp\/v2\/media?parent=39679"}],"wp:term":[{"taxonomy":"brand","embeddable":true,"href":"https:\/\/www.argensend.com\/en\/wp-json\/wp\/v2\/etheme_brands?post=39679"},{"taxonomy":"product_brand","embeddable":true,"href":"https:\/\/www.argensend.com\/en\/wp-json\/wp\/v2\/product_brand?post=39679"},{"taxonomy":"product_cat","embeddable":true,"href":"https:\/\/www.argensend.com\/en\/wp-json\/wp\/v2\/product_cat?post=39679"},{"taxonomy":"product_tag","embeddable":true,"href":"https:\/\/www.argensend.com\/en\/wp-json\/wp\/v2\/product_tag?post=39679"}],"curies":[{"name":"wp","href":"https:\/\/api.w.org\/{rel}","templated":true}]}}