{"id":39689,"date":"2021-11-16T11:55:39","date_gmt":"2021-11-16T14:55:39","guid":{"rendered":"https:\/\/www.argensend.com\/?post_type=product&#038;p=39689"},"modified":"2024-12-06T16:21:33","modified_gmt":"2024-12-06T19:21:33","slug":"colon-estadio-c-a-colon-a-escala","status":"publish","type":"product","link":"https:\/\/www.argensend.com\/en\/product\/colon-estadio-c-a-colon-a-escala\/","title":{"rendered":"Col\u00f3n &#8211; Estadio C a COL\u00d3N a Escala"},"content":{"rendered":"","protected":false},"excerpt":{"rendered":"<p>Modelo r\u00e9plica a escala del Estadio Brigadier General Estanislao L\u00f3pez.<br \/>\nFabricado con tecnolog\u00eda de impresi\u00f3n 3D y m\u00e9todos art\u00edsticos manuales.<\/p>\n<p>Materiales: PLA (Pl\u00e1stico biodegradable, de origen vegetal), MDF Board, Papel autoadhesivo, Laminas de pl\u00e1stico y Acr\u00edlico<\/p>\n<p>Dimensiones: 15cm x 9,5cm<br \/>\nBase: 16,5cm x 12,5cm<\/p>\n<p>\u2026\u2026\u2026\u2026\u2026\u2026\u2026\u2026\u2026\u2026\u2026\u2026\u2026\u2026\u2026\u2026\u2026\u2026\u2026\u2026\u2026\u2026\u2026\u2026\u2026\u2026\u2026\u2026\u2026<\/p>\n<p>Scale replica model of the Brigadier General Estanislao L\u00f3pez Stadium.<br \/>\nManufactured with 3D printing technology and manual artistic methods.<\/p>\n<p>Materials: PLA (biodegradable plastic of vegetable origin), MDF Board, self-adhesive paper, plastic sheets and acrylic.<\/p>\n<p>Dimensions: 15cm x 9,5cm<br \/>\nBase: 16,5cm x 12,5cm<\/p>","protected":false},"featured_media":39696,"comment_status":"closed","ping_status":"closed","template":"","meta":{"_acf_changed":false,"om_disable_all_campaigns":false,"_monsterinsights_skip_tracking":false,"_monsterinsights_sitenote_active":false,"_monsterinsights_sitenote_note":"","_monsterinsights_sitenote_category":0},"etheme_brands":[],"product_brand":[],"product_cat":[3944,5280],"product_tag":[203,234,224,1417,5395,5401,3693,5405,1050,334,5397,724,713,5403,5404,5402,3352,3692],"class_list":{"0":"post-39689","1":"product","2":"type-product","3":"status-publish","4":"has-post-thumbnail","6":"product_cat-articulos-decorativos","7":"product_cat-colon","8":"product_tag-argentina","9":"product_tag-argentine","10":"product_tag-argentino","11":"product_tag-black","12":"product_tag-colon","13":"product_tag-escala","14":"product_tag-estadio","15":"product_tag-fe","16":"product_tag-futbol","17":"product_tag-negro","18":"product_tag-pueblo","19":"product_tag-red","20":"product_tag-rojo","21":"product_tag-sabaleros","22":"product_tag-santa","23":"product_tag-scaled","24":"product_tag-soccer","25":"product_tag-stadium","27":"first","28":"instock","29":"taxable","30":"shipping-taxable","31":"purchasable","32":"product-type-simple"},"acf":[],"aioseo_notices":[],"_links":{"self":[{"href":"https:\/\/www.argensend.com\/en\/wp-json\/wp\/v2\/product\/39689","targetHints":{"allow":["GET"]}}],"collection":[{"href":"https:\/\/www.argensend.com\/en\/wp-json\/wp\/v2\/product"}],"about":[{"href":"https:\/\/www.argensend.com\/en\/wp-json\/wp\/v2\/types\/product"}],"replies":[{"embeddable":true,"href":"https:\/\/www.argensend.com\/en\/wp-json\/wp\/v2\/comments?post=39689"}],"version-history":[{"count":4,"href":"https:\/\/www.argensend.com\/en\/wp-json\/wp\/v2\/product\/39689\/revisions"}],"predecessor-version":[{"id":106999,"href":"https:\/\/www.argensend.com\/en\/wp-json\/wp\/v2\/product\/39689\/revisions\/106999"}],"wp:featuredmedia":[{"embeddable":true,"href":"https:\/\/www.argensend.com\/en\/wp-json\/wp\/v2\/media\/39696"}],"wp:attachment":[{"href":"https:\/\/www.argensend.com\/en\/wp-json\/wp\/v2\/media?parent=39689"}],"wp:term":[{"taxonomy":"brand","embeddable":true,"href":"https:\/\/www.argensend.com\/en\/wp-json\/wp\/v2\/etheme_brands?post=39689"},{"taxonomy":"product_brand","embeddable":true,"href":"https:\/\/www.argensend.com\/en\/wp-json\/wp\/v2\/product_brand?post=39689"},{"taxonomy":"product_cat","embeddable":true,"href":"https:\/\/www.argensend.com\/en\/wp-json\/wp\/v2\/product_cat?post=39689"},{"taxonomy":"product_tag","embeddable":true,"href":"https:\/\/www.argensend.com\/en\/wp-json\/wp\/v2\/product_tag?post=39689"}],"curies":[{"name":"wp","href":"https:\/\/api.w.org\/{rel}","templated":true}]}}