{"id":39724,"date":"2021-11-16T12:39:20","date_gmt":"2021-11-16T15:39:20","guid":{"rendered":"https:\/\/www.argensend.com\/?post_type=product&#038;p=39724"},"modified":"2024-12-06T16:21:35","modified_gmt":"2024-12-06T19:21:35","slug":"st-ives-crema-corporal-reafirmante-350-ml","status":"publish","type":"product","link":"https:\/\/www.argensend.com\/en\/product\/st-ives-crema-corporal-reafirmante-350-ml\/","title":{"rendered":"St Ives &#8211; Crema Corporal Reafirmante 350ml"},"content":{"rendered":"<p>En St Ives, Somos Fan\u00e1ticos De Todo Lo Natural. Es Por Eso Que Nuestros Productos Est\u00e1n Hechos Con Humectantes 100% Naturales*, Con Ingredientes Como Los Ar\u00e1ndanos, La Leche De Coco Y La Avena. \u00a1St. Ives Revitaliza Tu Piel, Usala Todos Los D\u00edas Y Descubr\u00ed Una Piel Radiante! \u00bfPor Qu\u00e9 Amamos Las Algas Marinas Y El Aloe Vera? Las Algas Marinas Ayudan A Mejorar La Elasticidad Y La Humectaci\u00f3n De La Piel. El Aloe Vera Tiene Propiedades Humectantes. St. Ives Reafirmante Est\u00e1 Dermatol\u00f3gicamente Probada Y No Contiene Parabenos. Te Presentamos Nuestra Crema Corporal Reafirmante. Cuida Tu Piel Con Esta F\u00f3rmula Fresca, Sin Sensaci\u00f3n Grasosa, Que Contiene El Innovador Hydrofirm Complex, Hecho A Base De Algas Marinas Y Extractos Bot\u00e1nicos. Su F\u00f3rmula Ayuda A Recuperar La Firmeza De La Piel, Mejorar Su Elasticidad Y Proporcionar Una Humectaci\u00f3n Duradera. Apl\u00edcala Todos Los D\u00edas Para Lograr La Apariencia Y Sensaci\u00f3n Suave Y Radiante Que Tu Piel Se Merece. \u00bfC\u00f3mo Se Usa La Nuestra Crema Corporal? Presion\u00e1 El Pump Un Par De Veces Para Aplicar Un Poco De Crema En Las Palmas De Tus Manos Y Rep\u00e1rtela Por Todo Tu Cuerpo. Masajea Suavemente En Peque\u00f1os Movimientos Circulares. \u00dasala Diariamente, El Uso Continuo Mejora La Humectaci\u00f3n De La Piel. (*Sustancias De Origen Natural)<br \/>\n\u2026\u2026\u2026\u2026\u2026\u2026\u2026\u2026\u2026\u2026\u2026\u2026\u2026\u2026\u2026\u2026\u2026\u2026\u2026\u2026\u2026\u2026\u2026\u2026\u2026\u2026\u2026\u2026\u2026\u2026\u2026\u2026\u2026\u2026\u2026\u2026\u2026\u2026\u2026\u2026\u2026\u2026\u2026\u2026\u2026\u2026\u2026\u2026\u2026<\/p>\n<p>At St Ives, we&#8217;re fans of all things natural. That&#8217;s why our products are made with 100% natural moisturizers*, with ingredients like blueberries, coconut milk and oatmeal. St. Ives Revitalizes Your Skin, Use It Every Day And Discover Radiant Skin! Why We Love Seaweed And Aloe Vera? Seaweed helps improve skin elasticity and moisture. Aloe Vera Has Moisturizing Properties. St. Ives Firming Body Cream is Dermatologically Tested and Paraben Free. Introducing Our Firming Body Cream. Take care of your skin with this fresh, non-greasy formula, which contains the innovative Hydrofirm Complex, made from marine algae and botanical extracts. Its formula helps restore skin firmness, improve elasticity and provide long-lasting moisture. Apply it every day to achieve the smooth, radiant look and feel your skin deserves. How do you use our Body Cream? Press the Pump a couple of times to apply a little cream on the palms of your hands and spread it all over your body. Massage gently in small circular motions. Use it daily, continuous use improves skin moisturizing. (*Substances of Natural Origin)<\/p>","protected":false},"excerpt":{"rendered":"<p>En St Ives, Somos Fan\u00e1ticos De Todo Lo Natural. Es Por Eso Que Nuestros Productos Est\u00e1n Hechos Con Humectantes 100% Naturales*, Con Ingredientes Como Los&#8230;<\/p>","protected":false},"featured_media":39727,"comment_status":"closed","ping_status":"closed","template":"","meta":{"_acf_changed":false,"om_disable_all_campaigns":false,"_monsterinsights_skip_tracking":false,"_monsterinsights_sitenote_active":false,"_monsterinsights_sitenote_note":"","_monsterinsights_sitenote_category":0},"etheme_brands":[],"product_brand":[],"product_cat":[8819],"product_tag":[5423,4567,203,234,224,1057,5413,3014,456,5424,3207,5410,3205,4568],"class_list":{"0":"post-39724","1":"product","2":"type-product","3":"status-publish","4":"has-post-thumbnail","6":"product_cat-farmacia","7":"product_tag-algas","8":"product_tag-aloe","9":"product_tag-argentina","10":"product_tag-argentine","11":"product_tag-argentino","12":"product_tag-body","13":"product_tag-corporal","14":"product_tag-cream","15":"product_tag-crema","16":"product_tag-marinas","17":"product_tag-pink","18":"product_tag-pote","19":"product_tag-rosa","20":"product_tag-vera","22":"first","23":"instock","24":"taxable","25":"shipping-taxable","26":"purchasable","27":"product-type-simple"},"acf":[],"aioseo_notices":[],"_links":{"self":[{"href":"https:\/\/www.argensend.com\/en\/wp-json\/wp\/v2\/product\/39724","targetHints":{"allow":["GET"]}}],"collection":[{"href":"https:\/\/www.argensend.com\/en\/wp-json\/wp\/v2\/product"}],"about":[{"href":"https:\/\/www.argensend.com\/en\/wp-json\/wp\/v2\/types\/product"}],"replies":[{"embeddable":true,"href":"https:\/\/www.argensend.com\/en\/wp-json\/wp\/v2\/comments?post=39724"}],"version-history":[{"count":3,"href":"https:\/\/www.argensend.com\/en\/wp-json\/wp\/v2\/product\/39724\/revisions"}],"predecessor-version":[{"id":102085,"href":"https:\/\/www.argensend.com\/en\/wp-json\/wp\/v2\/product\/39724\/revisions\/102085"}],"wp:featuredmedia":[{"embeddable":true,"href":"https:\/\/www.argensend.com\/en\/wp-json\/wp\/v2\/media\/39727"}],"wp:attachment":[{"href":"https:\/\/www.argensend.com\/en\/wp-json\/wp\/v2\/media?parent=39724"}],"wp:term":[{"taxonomy":"brand","embeddable":true,"href":"https:\/\/www.argensend.com\/en\/wp-json\/wp\/v2\/etheme_brands?post=39724"},{"taxonomy":"product_brand","embeddable":true,"href":"https:\/\/www.argensend.com\/en\/wp-json\/wp\/v2\/product_brand?post=39724"},{"taxonomy":"product_cat","embeddable":true,"href":"https:\/\/www.argensend.com\/en\/wp-json\/wp\/v2\/product_cat?post=39724"},{"taxonomy":"product_tag","embeddable":true,"href":"https:\/\/www.argensend.com\/en\/wp-json\/wp\/v2\/product_tag?post=39724"}],"curies":[{"name":"wp","href":"https:\/\/api.w.org\/{rel}","templated":true}]}}