{"id":39728,"date":"2021-11-16T12:43:13","date_gmt":"2021-11-16T15:43:13","guid":{"rendered":"https:\/\/www.argensend.com\/?post_type=product&#038;p=39728"},"modified":"2024-12-06T16:21:38","modified_gmt":"2024-12-06T19:21:38","slug":"st-ives-crema-corporal-humectacion-diaria-532-ml","status":"publish","type":"product","link":"https:\/\/www.argensend.com\/en\/product\/st-ives-crema-corporal-humectacion-diaria-532-ml\/","title":{"rendered":"St Ives &#8211; Crema Corporal Humectaci\u00f3n Diaria 532 Ml"},"content":{"rendered":"<p>En St Ives, Somos Fan\u00e1ticos De Todo Lo Natural. Es Por Eso Que Nuestros Productos Est\u00e1n Hechos Con Humectantes 100% Naturales*, Con Ingredientes Como Los Ar\u00e1ndanos, La Leche De Coco Y La Avena. \u00a1St. Ives Revitaliza Tu Piel, Us\u00e1la Todos Los D\u00edas Y Descubr\u00ed Una Piel Radiante!Nuestra Crema Corporal De Humectaci\u00f3n Diaria Ayuda A Proteger Contra La Resequedad Para Una Piel Saludable Todos Los D\u00edas. Est\u00e1 Hecha Con Humectantes 100% Naturales* , Que Ayudan A Restaurar La Luminosidad Natural De Tu Piel. Su F\u00f3rmula, Sin Sensaci\u00f3n Grasosa, Contiene Vitamina E Y Palta, Para Brindar Una Humectaci\u00f3n Inmediata Y Suavizar La Piel Seca. Aplicala Todos Los D\u00edas Para Lograr La Apariencia Y Sensaci\u00f3n Suave Que Tu Piel Se Merece. \u00bfPor Qu\u00e9 Amamos La Vitamina E Y La Palta? La Vitamina E Es Un Antioxidante Que Ayuda A Mantener La Suavidad De La Piel. La Palta Funciona Como Un Hidratante Perfecto.\u00bfC\u00f3mo Se Usa La Nuestra Crema Corporal? Presion\u00e1 El Pump Un Par De Veces Para Aplicar Un Poco De Crema En Las Palmas De Tus Manos Y Repart\u00edla Por Todo Tu Cuerpo. Masaje\u00e1 Suavemente En Peque\u00f1os Movimientos Circulares. Usala Diariamente, El Uso Continuo Mejora La Humectaci\u00f3n De La Piel. (*Sustancias De Origen Natural)Adem\u00e1s, ST. IVES Humectaci\u00f3n Diaria Est\u00e1 Dermatol\u00f3gicamente Probada Y No Contiene Parabenos.<br \/>\n\u2026\u2026\u2026\u2026\u2026\u2026\u2026\u2026\u2026\u2026\u2026\u2026\u2026\u2026\u2026\u2026\u2026\u2026\u2026\u2026\u2026\u2026\u2026\u2026\u2026\u2026\u2026\u2026\u2026\u2026\u2026\u2026\u2026\u2026\u2026\u2026\u2026\u2026\u2026\u2026\u2026\u2026\u2026\u2026\u2026\u2026\u2026\u2026\u2026<\/p>\n<p>At St Ives, we&#8217;re fans of all things natural. That&#8217;s why our products are made with 100% natural moisturizers*, with ingredients like cranberries, coconut milk and oatmeal. St. Ives revitalizes your skin, use it every day and discover radiant skin! Our daily moisturizing body cream helps protect against dryness for healthy skin every day. It&#8217;s made with 100% Natural Moisturizers*, which help restore your skin&#8217;s natural radiance. Its non-greasy formula contains Vitamin E and avocado to provide immediate moisture and soothe dry skin. Apply it every day to achieve the smooth look and feel your skin deserves. Why Do We Love Vitamin E and Avocado? Vitamin E Is An Antioxidant That Helps Maintain Skin Softness. Avocado works as a perfect moisturizer. How do you use our body cream? Press the Pump a couple of times to apply a little cream on the palms of your hands and spread it all over your body. Massage gently in small circular motions. Use Daily, Continuous Use Improves Skin Moisturization. (*Substances of Natural Origin)In addition, ST. IVES Daily Moisturizer is Dermatologically Tested and Paraben Free.<\/p>","protected":false},"excerpt":{"rendered":"<p>En St Ives, Somos Fan\u00e1ticos De Todo Lo Natural. Es Por Eso Que Nuestros Productos Est\u00e1n Hechos Con Humectantes 100% Naturales*, Con Ingredientes Como Los&#8230;<\/p>","protected":false},"featured_media":39738,"comment_status":"closed","ping_status":"closed","template":"","meta":{"_acf_changed":false,"om_disable_all_campaigns":false,"_monsterinsights_skip_tracking":false,"_monsterinsights_sitenote_active":false,"_monsterinsights_sitenote_note":"","_monsterinsights_sitenote_category":0},"etheme_brands":[],"product_brand":[],"product_cat":[8819],"product_tag":[1236,203,234,224,1057,5413,3014,456,4674,3206,1463,5410,567,4672,4673,3507],"class_list":{"0":"post-39728","1":"product","2":"type-product","3":"status-publish","4":"has-post-thumbnail","6":"product_cat-farmacia","7":"product_tag-amarillo","8":"product_tag-argentina","9":"product_tag-argentine","10":"product_tag-argentino","11":"product_tag-body","12":"product_tag-corporal","13":"product_tag-cream","14":"product_tag-crema","15":"product_tag-e","16":"product_tag-green","17":"product_tag-palta","18":"product_tag-pote","19":"product_tag-verde","20":"product_tag-vitamin","21":"product_tag-vitamina","22":"product_tag-yellow","24":"first","25":"instock","26":"taxable","27":"shipping-taxable","28":"purchasable","29":"product-type-simple"},"acf":[],"aioseo_notices":[],"_links":{"self":[{"href":"https:\/\/www.argensend.com\/en\/wp-json\/wp\/v2\/product\/39728","targetHints":{"allow":["GET"]}}],"collection":[{"href":"https:\/\/www.argensend.com\/en\/wp-json\/wp\/v2\/product"}],"about":[{"href":"https:\/\/www.argensend.com\/en\/wp-json\/wp\/v2\/types\/product"}],"replies":[{"embeddable":true,"href":"https:\/\/www.argensend.com\/en\/wp-json\/wp\/v2\/comments?post=39728"}],"version-history":[{"count":3,"href":"https:\/\/www.argensend.com\/en\/wp-json\/wp\/v2\/product\/39728\/revisions"}],"predecessor-version":[{"id":102086,"href":"https:\/\/www.argensend.com\/en\/wp-json\/wp\/v2\/product\/39728\/revisions\/102086"}],"wp:featuredmedia":[{"embeddable":true,"href":"https:\/\/www.argensend.com\/en\/wp-json\/wp\/v2\/media\/39738"}],"wp:attachment":[{"href":"https:\/\/www.argensend.com\/en\/wp-json\/wp\/v2\/media?parent=39728"}],"wp:term":[{"taxonomy":"brand","embeddable":true,"href":"https:\/\/www.argensend.com\/en\/wp-json\/wp\/v2\/etheme_brands?post=39728"},{"taxonomy":"product_brand","embeddable":true,"href":"https:\/\/www.argensend.com\/en\/wp-json\/wp\/v2\/product_brand?post=39728"},{"taxonomy":"product_cat","embeddable":true,"href":"https:\/\/www.argensend.com\/en\/wp-json\/wp\/v2\/product_cat?post=39728"},{"taxonomy":"product_tag","embeddable":true,"href":"https:\/\/www.argensend.com\/en\/wp-json\/wp\/v2\/product_tag?post=39728"}],"curies":[{"name":"wp","href":"https:\/\/api.w.org\/{rel}","templated":true}]}}