{"id":39731,"date":"2021-11-16T12:44:03","date_gmt":"2021-11-16T15:44:03","guid":{"rendered":"https:\/\/www.argensend.com\/?post_type=product&#038;p=39731"},"modified":"2024-12-06T16:21:38","modified_gmt":"2024-12-06T19:21:38","slug":"st-ives-crema-corporal-avena-y-karite-532-ml","status":"publish","type":"product","link":"https:\/\/www.argensend.com\/en\/product\/st-ives-crema-corporal-avena-y-karite-532-ml\/","title":{"rendered":"St Ives &#8211; Crema Corporal Avena y Karit\u00e9 532 Ml"},"content":{"rendered":"<p>En St Ives, Somos Fan\u00e1ticos De Todo Lo Natural. Es Por Eso Que Nuestros Productos Est\u00e1n Hechos Con Humectantes 100% Naturales*, Con Ingredientes Como Los Ar\u00e1ndanos, La Leche De Coco Y La Avena. \u00a1St. Ives Revitaliza Tu Piel, Usala Todos Los D\u00edas Y Descubr\u00ed Una Piel Radiante! Cubr\u00ed Tu Piel Con La Crema Corporal De Avena Y Karit\u00e9 Para Hidratar Y Aliviar La Piel Seca Al Instante. Hecha Con Humectantes 100% Naturales* (*Sustancias De Origen Natural), Contiene Avena Y Manteca De Karit\u00e9. La Tradicional Y Saludable Avena Tiene Muchos Beneficios De Su Lado. No Solo Es S\u00faper Hidratante, Sino Que Tambi\u00e9n Es Calmante Y Suaviza La Piel. Mientras Que La Manteca De Karit\u00e9 Tiene Cualidades Humectantes Y Relajantes De La Piel. Adem\u00e1s, Act\u00faa Como Antioxidante. Su F\u00f3rmula, Sin Sensaci\u00f3n Grasosa, Hidrata Intensamente La Piel Y Al Mismo Tiempo Trabaja Para Restablecer Su Balance De Humectaci\u00f3n Natural. Adem\u00e1s, Garantiza Una Humectaci\u00f3n Por 24 Horas Y Es De R\u00e1pida Absorci\u00f3n. Modo De Uso: Presiona El Pump Un Par De Veces Para Aplicar Un Poco De Crema En Tus Palmas Y Repartila Por Todo Tu Cuerpo. Masajea Suavemente En Peque\u00f1os Movimientos Circulares. \u00dasala Diariamente, El Uso Continuo Mejora La Humectaci\u00f3n De La Piel. Apl\u00edcala Todos Los D\u00edas Para Lograr La Apariencia Y Sensaci\u00f3n Suave Que Tu Piel Se Merece. La Crema Es Libre De Parabenos, Est\u00e1 Dermatol\u00f3gicamente Probada.<br \/>\n\u2026\u2026\u2026\u2026\u2026\u2026\u2026\u2026\u2026\u2026\u2026\u2026\u2026\u2026\u2026\u2026\u2026\u2026\u2026\u2026\u2026\u2026\u2026\u2026\u2026\u2026\u2026\u2026\u2026\u2026\u2026\u2026\u2026\u2026\u2026\u2026\u2026\u2026\u2026\u2026\u2026\u2026\u2026\u2026\u2026\u2026\u2026\u2026\u2026<\/p>\n<p>At St Ives, we&#8217;re fans of all things natural. That&#8217;s why our products are made with 100% natural moisturizers*, with ingredients like blueberries, coconut milk and oatmeal. St. Ives revitalizes your skin, use it every day and discover radiant skin! Cover your skin with Oatmeal &amp; Shea Body Cream to instantly moisturize and soothe dry skin. Made with 100% Natural Moisturizers* (*Substances of Natural Origin), it contains Oatmeal and Shea Butter. Traditional, healthy oatmeal has many benefits on its side. Not only is it super moisturizing, but it&#8217;s also soothing and skin softening. While Shea Butter has skin moisturizing and soothing qualities. In addition, it acts as an antioxidant. Its formula, without greasy sensation, intensely moisturizes the skin and at the same time works to restore its natural moisture balance. In addition, it guarantees 24-hour moisturization and is quickly absorbed. How to use: Press the Pump a couple of times to apply a little cream on your palms and spread it all over your body. Massage gently in small circular motions. Use Daily, Continued Use Improves Skin Moisturization. Apply daily to achieve the soft look and feel your skin deserves. The cream is Paraben Free, Dermatologically Tested.<\/p>","protected":false},"excerpt":{"rendered":"<p>En St Ives, Somos Fan\u00e1ticos De Todo Lo Natural. Es Por Eso Que Nuestros Productos Est\u00e1n Hechos Con Humectantes 100% Naturales*, Con Ingredientes Como Los&#8230;<\/p>","protected":false},"featured_media":39733,"comment_status":"closed","ping_status":"closed","template":"","meta":{"_acf_changed":false,"om_disable_all_campaigns":false,"_monsterinsights_skip_tracking":false,"_monsterinsights_sitenote_active":false,"_monsterinsights_sitenote_note":"","_monsterinsights_sitenote_category":0},"etheme_brands":[],"product_brand":[],"product_cat":[8819],"product_tag":[203,234,224,296,4467,1057,2217,5408,3014,456,4466,958,5409,5410,4465],"class_list":{"0":"post-39731","1":"product","2":"type-product","3":"status-publish","4":"has-post-thumbnail","6":"product_cat-farmacia","7":"product_tag-argentina","8":"product_tag-argentine","9":"product_tag-argentino","10":"product_tag-avena","11":"product_tag-beige","12":"product_tag-body","13":"product_tag-butter","14":"product_tag-corpora","15":"product_tag-cream","16":"product_tag-crema","17":"product_tag-karite","18":"product_tag-marron","19":"product_tag-oatmel","20":"product_tag-pote","21":"product_tag-shea","23":"first","24":"instock","25":"taxable","26":"shipping-taxable","27":"purchasable","28":"product-type-simple"},"acf":[],"aioseo_notices":[],"_links":{"self":[{"href":"https:\/\/www.argensend.com\/en\/wp-json\/wp\/v2\/product\/39731","targetHints":{"allow":["GET"]}}],"collection":[{"href":"https:\/\/www.argensend.com\/en\/wp-json\/wp\/v2\/product"}],"about":[{"href":"https:\/\/www.argensend.com\/en\/wp-json\/wp\/v2\/types\/product"}],"replies":[{"embeddable":true,"href":"https:\/\/www.argensend.com\/en\/wp-json\/wp\/v2\/comments?post=39731"}],"version-history":[{"count":2,"href":"https:\/\/www.argensend.com\/en\/wp-json\/wp\/v2\/product\/39731\/revisions"}],"predecessor-version":[{"id":102087,"href":"https:\/\/www.argensend.com\/en\/wp-json\/wp\/v2\/product\/39731\/revisions\/102087"}],"wp:featuredmedia":[{"embeddable":true,"href":"https:\/\/www.argensend.com\/en\/wp-json\/wp\/v2\/media\/39733"}],"wp:attachment":[{"href":"https:\/\/www.argensend.com\/en\/wp-json\/wp\/v2\/media?parent=39731"}],"wp:term":[{"taxonomy":"brand","embeddable":true,"href":"https:\/\/www.argensend.com\/en\/wp-json\/wp\/v2\/etheme_brands?post=39731"},{"taxonomy":"product_brand","embeddable":true,"href":"https:\/\/www.argensend.com\/en\/wp-json\/wp\/v2\/product_brand?post=39731"},{"taxonomy":"product_cat","embeddable":true,"href":"https:\/\/www.argensend.com\/en\/wp-json\/wp\/v2\/product_cat?post=39731"},{"taxonomy":"product_tag","embeddable":true,"href":"https:\/\/www.argensend.com\/en\/wp-json\/wp\/v2\/product_tag?post=39731"}],"curies":[{"name":"wp","href":"https:\/\/api.w.org\/{rel}","templated":true}]}}