{"id":39741,"date":"2021-11-16T12:49:31","date_gmt":"2021-11-16T15:49:31","guid":{"rendered":"https:\/\/www.argensend.com\/?post_type=product&#038;p=39741"},"modified":"2024-12-06T16:21:38","modified_gmt":"2024-12-06T19:21:38","slug":"st-ives-crema-corporal-exotic-naturals-532-ml","status":"publish","type":"product","link":"https:\/\/www.argensend.com\/en\/product\/st-ives-crema-corporal-exotic-naturals-532-ml\/","title":{"rendered":"St Ives &#8211; Crema Corporal Exotic Naturals 532 Ml"},"content":{"rendered":"<p>En St Ives, Somos Fan\u00e1ticos De Todo Lo Natural. Es Por Eso Que Nuestros Productos Est\u00e1n Hechos Con Humectantes 100% Naturales*, Con Ingredientes Como Los Ar\u00e1ndanos, La Leche De Coco Y La Avena. \u00a1St. Ives Revitaliza Tu Piel, \u00dasala Todos Los D\u00edas Y Descubr\u00ed Una Piel Radiante! Cuida Tu Piel Con La Crema Corporal De Leche De Coco Y Extracto De Orqu\u00eddeas. Esta Crema Deja Tu Piel Suave Y Sedosa Con Humectantes 100% Naturales* (*Sustancias De Origen Natural). Su F\u00f3rmula, Sin Sensaci\u00f3n Grasosa, Ayuda A Nutrir E Hidratar Tu Piel, Devolvi\u00e9ndole Su Luminosidad Natural. El Extracto De Leche De Coco Es Conocido Por Ayudar A Humectar La Piel Seca, Dej\u00e1ndola Suave. Mientras Que El Extracto De Orqu\u00eddea, No Solo Tienen Un Perfume Exquisito Y Las Flores Son Hermosas, Sino Que Tambi\u00e9n Tienen Un Fuerte Poder Humectante Y Son Antioxidantes. Adem\u00e1s, Las Cremas St. Ives Son Libre De Parabenos, Y Est\u00e1n Dermatol\u00f3gicamente Probadas. Modo De Uso: Presiona El Pump Un Par De Veces Para Aplicar Un Poco De Crema En Tus Palmas Y Rep\u00e1rtela Por Todo Tu Cuerpo. Masajea Suavemente En Peque\u00f1os Movimientos Circulares. \u00dasala Diariamente, El Uso Continuo Mejora La Humectaci\u00f3n De La Piel. Exotics Naturals Te Garantiza Una Humectaci\u00f3n Por 24 Horas Y Es De R\u00e1pida Absorci\u00f3n.<br \/>\n\u2026\u2026\u2026\u2026\u2026\u2026\u2026\u2026\u2026\u2026\u2026\u2026\u2026\u2026\u2026\u2026\u2026\u2026\u2026\u2026\u2026\u2026\u2026\u2026\u2026\u2026\u2026\u2026\u2026\u2026\u2026\u2026\u2026\u2026\u2026\u2026\u2026\u2026\u2026\u2026\u2026\u2026\u2026\u2026\u2026\u2026\u2026\u2026\u2026<\/p>\n<p>At St Ives, we&#8217;re fans of all things natural. That&#8217;s why our products are made with 100% natural moisturizers*, with ingredients such as cranberries, coconut milk and oatmeal. St. Ives revitalizes your skin, use it every day and discover a radiant skin! Take care of your skin with Coconut Milk and Orchid Extract Body Cream. This cream leaves your skin soft and silky with 100% natural moisturizers* (*Substances of natural origin). Its non-greasy formula helps nourish and moisturize your skin, restoring its natural radiance. Coconut Milk Extract is known to help moisturize dry skin, leaving it soft. While Orchid Extract, not only have an exquisite fragrance and the flowers are beautiful, but also have a strong moisturizing power and are antioxidants. In addition, St. Ives Creams are Paraben Free, and are Dermatologically Tested. How to use: Press the Pump a couple of times to apply a little cream on your palms and spread it all over your body. Massage gently in small circular motions. Use Daily, Continued Use Improves Skin Moisturization. Exotics Naturals guarantees 24-hour moisturization and is quickly absorbed.<\/p>","protected":false},"excerpt":{"rendered":"<p>En St Ives, Somos Fan\u00e1ticos De Todo Lo Natural. Es Por Eso Que Nuestros Productos Est\u00e1n Hechos Con Humectantes 100% Naturales*, Con Ingredientes Como Los&#8230;<\/p>","protected":false},"featured_media":39743,"comment_status":"closed","ping_status":"closed","template":"","meta":{"_acf_changed":false,"om_disable_all_campaigns":false,"_monsterinsights_skip_tracking":false,"_monsterinsights_sitenote_active":false,"_monsterinsights_sitenote_note":"","_monsterinsights_sitenote_category":0},"etheme_brands":[],"product_brand":[],"product_cat":[8819],"product_tag":[203,234,224,1057,320,5413,3014,456,5411,69,5412,5410,3214],"class_list":{"0":"post-39741","1":"product","2":"type-product","3":"status-publish","4":"has-post-thumbnail","6":"product_cat-farmacia","7":"product_tag-argentina","8":"product_tag-argentine","9":"product_tag-argentino","10":"product_tag-body","11":"product_tag-coco","12":"product_tag-corporal","13":"product_tag-cream","14":"product_tag-crema","15":"product_tag-extractos","16":"product_tag-leche","17":"product_tag-orquidea","18":"product_tag-pote","19":"product_tag-violeta","21":"first","22":"instock","23":"taxable","24":"shipping-taxable","25":"purchasable","26":"product-type-simple"},"acf":[],"aioseo_notices":[],"_links":{"self":[{"href":"https:\/\/www.argensend.com\/en\/wp-json\/wp\/v2\/product\/39741","targetHints":{"allow":["GET"]}}],"collection":[{"href":"https:\/\/www.argensend.com\/en\/wp-json\/wp\/v2\/product"}],"about":[{"href":"https:\/\/www.argensend.com\/en\/wp-json\/wp\/v2\/types\/product"}],"replies":[{"embeddable":true,"href":"https:\/\/www.argensend.com\/en\/wp-json\/wp\/v2\/comments?post=39741"}],"version-history":[{"count":4,"href":"https:\/\/www.argensend.com\/en\/wp-json\/wp\/v2\/product\/39741\/revisions"}],"predecessor-version":[{"id":102088,"href":"https:\/\/www.argensend.com\/en\/wp-json\/wp\/v2\/product\/39741\/revisions\/102088"}],"wp:featuredmedia":[{"embeddable":true,"href":"https:\/\/www.argensend.com\/en\/wp-json\/wp\/v2\/media\/39743"}],"wp:attachment":[{"href":"https:\/\/www.argensend.com\/en\/wp-json\/wp\/v2\/media?parent=39741"}],"wp:term":[{"taxonomy":"brand","embeddable":true,"href":"https:\/\/www.argensend.com\/en\/wp-json\/wp\/v2\/etheme_brands?post=39741"},{"taxonomy":"product_brand","embeddable":true,"href":"https:\/\/www.argensend.com\/en\/wp-json\/wp\/v2\/product_brand?post=39741"},{"taxonomy":"product_cat","embeddable":true,"href":"https:\/\/www.argensend.com\/en\/wp-json\/wp\/v2\/product_cat?post=39741"},{"taxonomy":"product_tag","embeddable":true,"href":"https:\/\/www.argensend.com\/en\/wp-json\/wp\/v2\/product_tag?post=39741"}],"curies":[{"name":"wp","href":"https:\/\/api.w.org\/{rel}","templated":true}]}}