{"id":40019,"date":"2021-11-17T15:05:58","date_gmt":"2021-11-17T18:05:58","guid":{"rendered":"https:\/\/www.argensend.com\/?post_type=product&#038;p=40019"},"modified":"2024-12-06T16:22:04","modified_gmt":"2024-12-06T19:22:04","slug":"preservativos-condon-playboy-mixtos-x-36-unidades-12x3","status":"publish","type":"product","link":"https:\/\/www.argensend.com\/en\/product\/preservativos-condon-playboy-mixtos-x-36-unidades-12x3\/","title":{"rendered":"Preservativos condon Playboy Mixtos 36 Unidades (12- 3)"},"content":{"rendered":"<section class=\"product-description-container\">\n<div class=\"product-description active\">\n<div class=\"productDescription\">\n<section class=\"product-description-container\">\n<div class=\"product-description active\">\n<div class=\"productDescription\">\n<section class=\"product-description-container\">\n<div class=\"product-description active\">\n<div class=\"productDescription\"><\/div>\n<div class=\"product-modules\"><\/div>\n<\/div>\n<\/section>\n<\/div>\n<div class=\"product-modules\"><\/div>\n<\/div>\n<\/section>\n<\/div>\n<\/div>\n<\/section>","protected":false},"excerpt":{"rendered":"<p>El precio publicado corresponde a 12 caja con 3 condones cada uno, total 36 unidades, combo surtido de los siguientes preservativos<br \/>\n&#8211; Extra lubricado<br \/>\n&#8211; S\u00faper fino<br \/>\n&#8211; Cl\u00e1sico<br \/>\n&#8211; Texturado<br \/>\n&#8211; Tachas<br \/>\nCondones ultraresistentes aptos para sexo anal<br \/>\n\u00bfPor qu\u00e9 elegir Condones Playboy?<br \/>\nLos preservativos Playboy son fabricados con l\u00e1tex de alta calidad. Son probados electr\u00f3nicamente y adicionalmente se realizan pruebas de presi\u00f3n, volumen de estallamiento y de agua para detectar orificios o rasgaduras no visibles al ojo humano. Este sistema de calidad asegura un producto seguro y confiable.<br \/>\nOfrecen bajo olor a l\u00e1tex y cinco tipos de condones para cada gusto y necesidad.<\/p>","protected":false},"featured_media":40020,"comment_status":"closed","ping_status":"closed","template":"","meta":{"_acf_changed":false,"om_disable_all_campaigns":false,"_monsterinsights_skip_tracking":false,"_monsterinsights_sitenote_active":false,"_monsterinsights_sitenote_note":"","_monsterinsights_sitenote_category":0},"etheme_brands":[],"product_brand":[],"product_cat":[8819,2111],"product_tag":[203,234,224,1417,162,158,4961,4962,2970,4994,4448,4990,4960,334,4979,4980,4959,4991,4993,4952,751],"class_list":{"0":"post-40019","1":"product","2":"type-product","3":"status-publish","4":"has-post-thumbnail","6":"product_cat-farmacia","7":"product_cat-proveeduria","8":"product_tag-argentina","9":"product_tag-argentine","10":"product_tag-argentino","11":"product_tag-black","12":"product_tag-blanco","13":"product_tag-clasico","14":"product_tag-condoms","15":"product_tag-condones","16":"product_tag-control","17":"product_tag-extreme","18":"product_tag-extremo","19":"product_tag-feel","20":"product_tag-forros","21":"product_tag-negro","22":"product_tag-placer","23":"product_tag-pleasure","24":"product_tag-preservativos","25":"product_tag-sensacion","26":"product_tag-studs","27":"product_tag-tachas","28":"product_tag-white","30":"first","31":"instock","32":"taxable","33":"shipping-taxable","34":"purchasable","35":"product-type-simple"},"acf":[],"aioseo_notices":[],"_links":{"self":[{"href":"https:\/\/www.argensend.com\/en\/wp-json\/wp\/v2\/product\/40019","targetHints":{"allow":["GET"]}}],"collection":[{"href":"https:\/\/www.argensend.com\/en\/wp-json\/wp\/v2\/product"}],"about":[{"href":"https:\/\/www.argensend.com\/en\/wp-json\/wp\/v2\/types\/product"}],"replies":[{"embeddable":true,"href":"https:\/\/www.argensend.com\/en\/wp-json\/wp\/v2\/comments?post=40019"}],"version-history":[{"count":2,"href":"https:\/\/www.argensend.com\/en\/wp-json\/wp\/v2\/product\/40019\/revisions"}],"predecessor-version":[{"id":102146,"href":"https:\/\/www.argensend.com\/en\/wp-json\/wp\/v2\/product\/40019\/revisions\/102146"}],"wp:featuredmedia":[{"embeddable":true,"href":"https:\/\/www.argensend.com\/en\/wp-json\/wp\/v2\/media\/40020"}],"wp:attachment":[{"href":"https:\/\/www.argensend.com\/en\/wp-json\/wp\/v2\/media?parent=40019"}],"wp:term":[{"taxonomy":"brand","embeddable":true,"href":"https:\/\/www.argensend.com\/en\/wp-json\/wp\/v2\/etheme_brands?post=40019"},{"taxonomy":"product_brand","embeddable":true,"href":"https:\/\/www.argensend.com\/en\/wp-json\/wp\/v2\/product_brand?post=40019"},{"taxonomy":"product_cat","embeddable":true,"href":"https:\/\/www.argensend.com\/en\/wp-json\/wp\/v2\/product_cat?post=40019"},{"taxonomy":"product_tag","embeddable":true,"href":"https:\/\/www.argensend.com\/en\/wp-json\/wp\/v2\/product_tag?post=40019"}],"curies":[{"name":"wp","href":"https:\/\/api.w.org\/{rel}","templated":true}]}}