{"id":40157,"date":"2021-11-18T16:21:42","date_gmt":"2021-11-18T19:21:42","guid":{"rendered":"https:\/\/www.argensend.com\/?post_type=product&#038;p=40157"},"modified":"2024-12-06T16:22:14","modified_gmt":"2024-12-06T19:22:14","slug":"pervinox-providona-iodo-60-ml-providone-iodine-60-ml","status":"publish","type":"product","link":"https:\/\/www.argensend.com\/en\/product\/pervinox-providona-iodo-60-ml-providone-iodine-60-ml\/","title":{"rendered":"Pervinox &#8211; Providona Iodo 60ml"},"content":{"rendered":"","protected":false},"excerpt":{"rendered":"<p>Gracias a la Povidona Iodada, su \u00fanico principio activo, Pervinox Povidona es un\u00a0efectivo antis\u00e9ptico y desinfectante. Ideal para el tratamiento de heridas en la piel, susceptibles de sobreinfecci\u00f3n por bacterias y otros microorganismos. Recomendado tambi\u00e9n, para el tratamiento de quemaduras superficiales poco extendidas.<\/p>\n<p>Podes utilizar Pervinox Povidona para limpiar y desinfectar heridas, quemaduras y picaduras de insectos. Su aplicaci\u00f3n se realiza sin diluir.<br \/>\n\u2026\u2026\u2026\u2026\u2026\u2026\u2026\u2026\u2026\u2026\u2026\u2026\u2026\u2026\u2026\u2026\u2026\u2026\u2026\u2026\u2026\u2026\u2026\u2026\u2026\u2026\u2026\u2026\u2026\u2026\u2026\u2026<\/p>\n<p>Thanks to Povidone Iodine, its only active ingredient, Pervinox Povidone is an effective antiseptic and disinfectant. Ideal for the treatment of skin wounds susceptible to superinfection by bacteria and other microorganisms. It is also recommended for the treatment of superficial burns.<\/p>\n<p>You can use Pervinox Povidone to clean and disinfect wounds, burns and insect bites. It is applied undiluted.<\/p>","protected":false},"featured_media":40166,"comment_status":"closed","ping_status":"closed","template":"","meta":{"_acf_changed":false,"om_disable_all_campaigns":false,"_monsterinsights_skip_tracking":false,"_monsterinsights_sitenote_active":false,"_monsterinsights_sitenote_note":"","_monsterinsights_sitenote_category":0},"etheme_brands":[],"product_brand":[],"product_cat":[8819],"product_tag":[5516,5515,1938,5517,5513,5512,5510,5511,5514],"class_list":{"0":"post-40157","1":"product","2":"type-product","3":"status-publish","4":"has-post-thumbnail","6":"product_cat-farmacia","7":"product_tag-antiseptic","8":"product_tag-antiseptico","9":"product_tag-desinfectante","10":"product_tag-disinfectant","11":"product_tag-iodine","12":"product_tag-iodo","13":"product_tag-pervinox","14":"product_tag-providona","15":"product_tag-providone","17":"first","18":"instock","19":"taxable","20":"shipping-taxable","21":"purchasable","22":"product-type-simple"},"acf":[],"aioseo_notices":[],"_links":{"self":[{"href":"https:\/\/www.argensend.com\/en\/wp-json\/wp\/v2\/product\/40157","targetHints":{"allow":["GET"]}}],"collection":[{"href":"https:\/\/www.argensend.com\/en\/wp-json\/wp\/v2\/product"}],"about":[{"href":"https:\/\/www.argensend.com\/en\/wp-json\/wp\/v2\/types\/product"}],"replies":[{"embeddable":true,"href":"https:\/\/www.argensend.com\/en\/wp-json\/wp\/v2\/comments?post=40157"}],"version-history":[{"count":2,"href":"https:\/\/www.argensend.com\/en\/wp-json\/wp\/v2\/product\/40157\/revisions"}],"predecessor-version":[{"id":102178,"href":"https:\/\/www.argensend.com\/en\/wp-json\/wp\/v2\/product\/40157\/revisions\/102178"}],"wp:featuredmedia":[{"embeddable":true,"href":"https:\/\/www.argensend.com\/en\/wp-json\/wp\/v2\/media\/40166"}],"wp:attachment":[{"href":"https:\/\/www.argensend.com\/en\/wp-json\/wp\/v2\/media?parent=40157"}],"wp:term":[{"taxonomy":"brand","embeddable":true,"href":"https:\/\/www.argensend.com\/en\/wp-json\/wp\/v2\/etheme_brands?post=40157"},{"taxonomy":"product_brand","embeddable":true,"href":"https:\/\/www.argensend.com\/en\/wp-json\/wp\/v2\/product_brand?post=40157"},{"taxonomy":"product_cat","embeddable":true,"href":"https:\/\/www.argensend.com\/en\/wp-json\/wp\/v2\/product_cat?post=40157"},{"taxonomy":"product_tag","embeddable":true,"href":"https:\/\/www.argensend.com\/en\/wp-json\/wp\/v2\/product_tag?post=40157"}],"curies":[{"name":"wp","href":"https:\/\/api.w.org\/{rel}","templated":true}]}}