{"id":40181,"date":"2021-11-18T16:39:21","date_gmt":"2021-11-18T19:39:21","guid":{"rendered":"https:\/\/www.argensend.com\/?post_type=product&#038;p=40181"},"modified":"2024-12-06T16:22:15","modified_gmt":"2024-12-06T19:22:15","slug":"pervinox-incoloro-desinfectante-en-spray-60-ml-colorless-disinfectant-spray-60-ml","status":"publish","type":"product","link":"https:\/\/www.argensend.com\/en\/product\/pervinox-incoloro-desinfectante-en-spray-60-ml-colorless-disinfectant-spray-60-ml\/","title":{"rendered":"Pervinox &#8211; IncolOro Desinfectante en Spray 60ml"},"content":{"rendered":"","protected":false},"excerpt":{"rendered":"<p>Gracias al elevado efecto bactericida de la Clorhexidina, Pervinox Incoloro est\u00e1 indicado para prevenir infecciones en las heridas de la piel. Adem\u00e1s de no dejar color, presenta una \u00f3ptima tolerancia y su aplicaci\u00f3n es indolora.<\/p>\n<p>Pod\u00e9s utilizar Pervinox Incoloro para el tratamiento antis\u00e9ptico de heridas leves no sangrantes. Es el aliado ideal del botiqu\u00edn de tu hogar.<br \/>\n\u2026\u2026\u2026\u2026\u2026\u2026\u2026\u2026\u2026\u2026\u2026\u2026\u2026\u2026\u2026\u2026\u2026\u2026\u2026\u2026\u2026\u2026\u2026\u2026\u2026\u2026\u2026\u2026\u2026\u2026\u2026\u2026\u2026\u2026\u2026\u2026\u2026\u2026\u2026\u2026<\/p>\n<p>Thanks to the high bactericidal effect of Chlorhexidine, Pervinox Colorless is indicated for the prevention of skin wound infections. In addition to being colorless, it has an excellent tolerance and its application is painless.<\/p>\n<p>You can use Pervinox Incoloro for the antiseptic treatment of light non-bleeding wounds. It is the ideal ally of your home medicine cabinet.<\/p>","protected":false},"featured_media":40180,"comment_status":"closed","ping_status":"closed","template":"","meta":{"_acf_changed":false,"om_disable_all_campaigns":false,"_monsterinsights_skip_tracking":false,"_monsterinsights_sitenote_active":false,"_monsterinsights_sitenote_note":"","_monsterinsights_sitenote_category":0},"etheme_brands":[],"product_brand":[],"product_cat":[8819],"product_tag":[5520,1938,5517,5519,5510,5229],"class_list":{"0":"post-40181","1":"product","2":"type-product","3":"status-publish","4":"has-post-thumbnail","6":"product_cat-farmacia","7":"product_tag-colorless","8":"product_tag-desinfectante","9":"product_tag-disinfectant","10":"product_tag-incoloro","11":"product_tag-pervinox","12":"product_tag-spray","14":"first","15":"instock","16":"taxable","17":"shipping-taxable","18":"purchasable","19":"product-type-simple"},"acf":[],"aioseo_notices":[],"_links":{"self":[{"href":"https:\/\/www.argensend.com\/en\/wp-json\/wp\/v2\/product\/40181","targetHints":{"allow":["GET"]}}],"collection":[{"href":"https:\/\/www.argensend.com\/en\/wp-json\/wp\/v2\/product"}],"about":[{"href":"https:\/\/www.argensend.com\/en\/wp-json\/wp\/v2\/types\/product"}],"replies":[{"embeddable":true,"href":"https:\/\/www.argensend.com\/en\/wp-json\/wp\/v2\/comments?post=40181"}],"version-history":[{"count":4,"href":"https:\/\/www.argensend.com\/en\/wp-json\/wp\/v2\/product\/40181\/revisions"}],"predecessor-version":[{"id":107184,"href":"https:\/\/www.argensend.com\/en\/wp-json\/wp\/v2\/product\/40181\/revisions\/107184"}],"wp:featuredmedia":[{"embeddable":true,"href":"https:\/\/www.argensend.com\/en\/wp-json\/wp\/v2\/media\/40180"}],"wp:attachment":[{"href":"https:\/\/www.argensend.com\/en\/wp-json\/wp\/v2\/media?parent=40181"}],"wp:term":[{"taxonomy":"brand","embeddable":true,"href":"https:\/\/www.argensend.com\/en\/wp-json\/wp\/v2\/etheme_brands?post=40181"},{"taxonomy":"product_brand","embeddable":true,"href":"https:\/\/www.argensend.com\/en\/wp-json\/wp\/v2\/product_brand?post=40181"},{"taxonomy":"product_cat","embeddable":true,"href":"https:\/\/www.argensend.com\/en\/wp-json\/wp\/v2\/product_cat?post=40181"},{"taxonomy":"product_tag","embeddable":true,"href":"https:\/\/www.argensend.com\/en\/wp-json\/wp\/v2\/product_tag?post=40181"}],"curies":[{"name":"wp","href":"https:\/\/api.w.org\/{rel}","templated":true}]}}