{"id":40182,"date":"2021-11-18T16:41:28","date_gmt":"2021-11-18T19:41:28","guid":{"rendered":"https:\/\/www.argensend.com\/?post_type=product&#038;p=40182"},"modified":"2024-12-06T16:22:15","modified_gmt":"2024-12-06T19:22:15","slug":"pervinox-anestetico-en-spray-40-ml-anesthetic-spray-40-ml","status":"publish","type":"product","link":"https:\/\/www.argensend.com\/en\/product\/pervinox-anestetico-en-spray-40-ml-anesthetic-spray-40-ml\/","title":{"rendered":"Pervinox &#8211; Anest\u00e9tico en Spray 40ml \/ Anesthetic Spray 40ml"},"content":{"rendered":"","protected":false},"excerpt":{"rendered":"<p>Gracias a sus componentes, Lidoca\u00edna y Cloruro de Benzalconio, Pervinox Anest\u00e9sico es un potente antis\u00e9ptico y anest\u00e9sico local que limpia y desinfecta la herida, mientras calma el dolor de cortes, abrasiones, raspones y otros. Adem\u00e1s, reduce el prurito causado por picaduras de insectos.<\/p>\n<p>Es el gran aliado del hogar y el cuidado de las heridas cotidianas superficiales. Ideal para utilizar en ni\u00f1os mayores a 2 a\u00f1os, ya que limpia, desinfecta, calma el dolor y no arde.<\/p>\n<p>\u2026\u2026\u2026\u2026\u2026\u2026\u2026\u2026\u2026\u2026\u2026\u2026\u2026\u2026\u2026\u2026\u2026\u2026\u2026\u2026\u2026\u2026\u2026\u2026\u2026\u2026\u2026\u2026\u2026\u2026\u2026\u2026\u2026\u2026\u2026\u2026\u2026\u2026\u2026\u2026<\/p>\n<p>Thanks to its components, Lidocaine and Benzalkonium Chloride, Pervinox Anesthetic is a powerful antiseptic and local anesthetic that cleans and disinfects the wound, while soothing the pain of cuts, abrasions, scrapes and others. It also reduces itching caused by insect bites.<\/p>\n<p>It is the great ally of home and daily superficial wound care. Ideal for use in children over 2 years old, as it cleans, disinfects, soothes pain and does not burn.<\/p>","protected":false},"featured_media":40185,"comment_status":"closed","ping_status":"closed","template":"","meta":{"_acf_changed":false,"om_disable_all_campaigns":false,"_monsterinsights_skip_tracking":false,"_monsterinsights_sitenote_active":false,"_monsterinsights_sitenote_note":"","_monsterinsights_sitenote_category":0},"etheme_brands":[],"product_brand":[],"product_cat":[8819],"product_tag":[5522,5529,5525,5527,5528,5524,5523,5526,5510],"class_list":{"0":"post-40182","1":"product","2":"type-product","3":"status-publish","4":"has-post-thumbnail","6":"product_cat-farmacia","7":"product_tag-anasthetic","8":"product_tag-anestetico","9":"product_tag-benzalconio","10":"product_tag-benzalkonium","11":"product_tag-chloride","12":"product_tag-cloruro","13":"product_tag-lidocaina","14":"product_tag-lidocaine","15":"product_tag-pervinox","17":"first","18":"instock","19":"taxable","20":"shipping-taxable","21":"purchasable","22":"product-type-simple"},"acf":[],"aioseo_notices":[],"_links":{"self":[{"href":"https:\/\/www.argensend.com\/en\/wp-json\/wp\/v2\/product\/40182","targetHints":{"allow":["GET"]}}],"collection":[{"href":"https:\/\/www.argensend.com\/en\/wp-json\/wp\/v2\/product"}],"about":[{"href":"https:\/\/www.argensend.com\/en\/wp-json\/wp\/v2\/types\/product"}],"replies":[{"embeddable":true,"href":"https:\/\/www.argensend.com\/en\/wp-json\/wp\/v2\/comments?post=40182"}],"version-history":[{"count":3,"href":"https:\/\/www.argensend.com\/en\/wp-json\/wp\/v2\/product\/40182\/revisions"}],"predecessor-version":[{"id":102184,"href":"https:\/\/www.argensend.com\/en\/wp-json\/wp\/v2\/product\/40182\/revisions\/102184"}],"wp:featuredmedia":[{"embeddable":true,"href":"https:\/\/www.argensend.com\/en\/wp-json\/wp\/v2\/media\/40185"}],"wp:attachment":[{"href":"https:\/\/www.argensend.com\/en\/wp-json\/wp\/v2\/media?parent=40182"}],"wp:term":[{"taxonomy":"brand","embeddable":true,"href":"https:\/\/www.argensend.com\/en\/wp-json\/wp\/v2\/etheme_brands?post=40182"},{"taxonomy":"product_brand","embeddable":true,"href":"https:\/\/www.argensend.com\/en\/wp-json\/wp\/v2\/product_brand?post=40182"},{"taxonomy":"product_cat","embeddable":true,"href":"https:\/\/www.argensend.com\/en\/wp-json\/wp\/v2\/product_cat?post=40182"},{"taxonomy":"product_tag","embeddable":true,"href":"https:\/\/www.argensend.com\/en\/wp-json\/wp\/v2\/product_tag?post=40182"}],"curies":[{"name":"wp","href":"https:\/\/api.w.org\/{rel}","templated":true}]}}