{"id":40411,"date":"2021-11-24T08:44:56","date_gmt":"2021-11-24T11:44:56","guid":{"rendered":"https:\/\/www.argensend.com\/?post_type=product&#038;p=40411"},"modified":"2024-12-06T16:22:22","modified_gmt":"2024-12-06T19:22:22","slug":"bano-facil-higiene-personal-no-shower-adult-bathing-wipes-cleansing-body-bath-cloths-with-aloe-vera-soap-10-count","status":"publish","type":"product","link":"https:\/\/www.argensend.com\/en\/product\/bano-facil-higiene-personal-no-shower-adult-bathing-wipes-cleansing-body-bath-cloths-with-aloe-vera-soap-10-count\/","title":{"rendered":"Ba\u00f1o F\u00e1cil &#8211; Pa\u00f1os Jabonoso No Necesita Enjuague 10u Manzanilla"},"content":{"rendered":"","protected":false},"excerpt":{"rendered":"","protected":false},"featured_media":40412,"comment_status":"closed","ping_status":"closed","template":"","meta":{"_acf_changed":false,"om_disable_all_campaigns":false,"_monsterinsights_skip_tracking":false,"_monsterinsights_sitenote_active":false,"_monsterinsights_sitenote_note":"","_monsterinsights_sitenote_category":0},"etheme_brands":[],"product_brand":[],"product_cat":[8819],"product_tag":[456,464,467,466,465],"class_list":{"0":"post-40411","1":"product","2":"type-product","3":"status-publish","4":"has-post-thumbnail","6":"product_cat-farmacia","7":"product_tag-crema","8":"product_tag-crema-dermaglos","9":"product_tag-crema-en-pote","10":"product_tag-crema-facial","11":"product_tag-dermaglos","13":"first","14":"instock","15":"taxable","16":"shipping-taxable","17":"purchasable","18":"product-type-simple"},"acf":[],"aioseo_notices":[],"_links":{"self":[{"href":"https:\/\/www.argensend.com\/en\/wp-json\/wp\/v2\/product\/40411","targetHints":{"allow":["GET"]}}],"collection":[{"href":"https:\/\/www.argensend.com\/en\/wp-json\/wp\/v2\/product"}],"about":[{"href":"https:\/\/www.argensend.com\/en\/wp-json\/wp\/v2\/types\/product"}],"replies":[{"embeddable":true,"href":"https:\/\/www.argensend.com\/en\/wp-json\/wp\/v2\/comments?post=40411"}],"version-history":[{"count":3,"href":"https:\/\/www.argensend.com\/en\/wp-json\/wp\/v2\/product\/40411\/revisions"}],"predecessor-version":[{"id":102193,"href":"https:\/\/www.argensend.com\/en\/wp-json\/wp\/v2\/product\/40411\/revisions\/102193"}],"wp:featuredmedia":[{"embeddable":true,"href":"https:\/\/www.argensend.com\/en\/wp-json\/wp\/v2\/media\/40412"}],"wp:attachment":[{"href":"https:\/\/www.argensend.com\/en\/wp-json\/wp\/v2\/media?parent=40411"}],"wp:term":[{"taxonomy":"brand","embeddable":true,"href":"https:\/\/www.argensend.com\/en\/wp-json\/wp\/v2\/etheme_brands?post=40411"},{"taxonomy":"product_brand","embeddable":true,"href":"https:\/\/www.argensend.com\/en\/wp-json\/wp\/v2\/product_brand?post=40411"},{"taxonomy":"product_cat","embeddable":true,"href":"https:\/\/www.argensend.com\/en\/wp-json\/wp\/v2\/product_cat?post=40411"},{"taxonomy":"product_tag","embeddable":true,"href":"https:\/\/www.argensend.com\/en\/wp-json\/wp\/v2\/product_tag?post=40411"}],"curies":[{"name":"wp","href":"https:\/\/api.w.org\/{rel}","templated":true}]}}