{"id":42094,"date":"2021-12-29T12:39:12","date_gmt":"2021-12-29T15:39:12","guid":{"rendered":"https:\/\/www.argensend.com\/?post_type=product&#038;p=42094"},"modified":"2025-12-22T16:58:35","modified_gmt":"2025-12-22T19:58:35","slug":"leche-en-polvo-instantanea-descremada-vacalin-400gr","status":"publish","type":"product","link":"https:\/\/www.argensend.com\/en\/product\/leche-en-polvo-instantanea-descremada-vacalin-400gr\/","title":{"rendered":"Vacal\u00edn &#8211; Leche en Polvo Instant\u00e1nea Descremada &#8211; 400gr"},"content":{"rendered":"","protected":false},"excerpt":{"rendered":"<p>Caracter\u00edsticas:<\/p>\n<div class=\"row\">\n<div class=\"col\">\n<p>Es un polvo uniforme, sin grumos, de color blanco amarillento y de sabor y olor agradable, semejante a la leche fluida descremada. Aporta vitaminas A y D, prote\u00ednas f\u00f3sforo y calcio.<\/p>\n<\/div>\n<\/div>\n<p><em>EN:<\/em><\/p>\n<p>Characteristics:<\/p>\n<p>It is a uniform, lump-free, yellowish-white powder with a pleasant taste and odor, similar to skimmed fluid milk. It provides vitamins A and D, proteins, phosphorus and calcium.<\/p>","protected":false},"featured_media":42084,"comment_status":"closed","ping_status":"closed","template":"","meta":{"_acf_changed":false,"om_disable_all_campaigns":false,"_monsterinsights_skip_tracking":false,"_monsterinsights_sitenote_active":false,"_monsterinsights_sitenote_note":"","_monsterinsights_sitenote_category":0},"etheme_brands":[],"product_brand":[],"product_cat":[85,10187],"product_tag":[1500,3651,3407,5858,10179,69,3838,4715,5864,887,4446,1248],"class_list":{"0":"post-42094","1":"product","2":"type-product","3":"status-publish","4":"has-post-thumbnail","6":"product_cat-bebidas","7":"product_cat-leches","8":"product_tag-desayuno","9":"product_tag-dry","10":"product_tag-instant","11":"product_tag-instantanea","12":"product_tag-leche-en-polvo","13":"product_tag-leche","14":"product_tag-merienda","15":"product_tag-milk","16":"product_tag-nonfat","17":"product_tag-polvo","18":"product_tag-powder","19":"product_tag-vacalin","21":"first","22":"instock","23":"taxable","24":"shipping-taxable","25":"purchasable","26":"product-type-simple"},"acf":[],"aioseo_notices":[],"_links":{"self":[{"href":"https:\/\/www.argensend.com\/en\/wp-json\/wp\/v2\/product\/42094","targetHints":{"allow":["GET"]}}],"collection":[{"href":"https:\/\/www.argensend.com\/en\/wp-json\/wp\/v2\/product"}],"about":[{"href":"https:\/\/www.argensend.com\/en\/wp-json\/wp\/v2\/types\/product"}],"replies":[{"embeddable":true,"href":"https:\/\/www.argensend.com\/en\/wp-json\/wp\/v2\/comments?post=42094"}],"version-history":[{"count":5,"href":"https:\/\/www.argensend.com\/en\/wp-json\/wp\/v2\/product\/42094\/revisions"}],"predecessor-version":[{"id":110159,"href":"https:\/\/www.argensend.com\/en\/wp-json\/wp\/v2\/product\/42094\/revisions\/110159"}],"wp:featuredmedia":[{"embeddable":true,"href":"https:\/\/www.argensend.com\/en\/wp-json\/wp\/v2\/media\/42084"}],"wp:attachment":[{"href":"https:\/\/www.argensend.com\/en\/wp-json\/wp\/v2\/media?parent=42094"}],"wp:term":[{"taxonomy":"brand","embeddable":true,"href":"https:\/\/www.argensend.com\/en\/wp-json\/wp\/v2\/etheme_brands?post=42094"},{"taxonomy":"product_brand","embeddable":true,"href":"https:\/\/www.argensend.com\/en\/wp-json\/wp\/v2\/product_brand?post=42094"},{"taxonomy":"product_cat","embeddable":true,"href":"https:\/\/www.argensend.com\/en\/wp-json\/wp\/v2\/product_cat?post=42094"},{"taxonomy":"product_tag","embeddable":true,"href":"https:\/\/www.argensend.com\/en\/wp-json\/wp\/v2\/product_tag?post=42094"}],"curies":[{"name":"wp","href":"https:\/\/api.w.org\/{rel}","templated":true}]}}