{"id":42309,"date":"2022-01-06T14:26:52","date_gmt":"2022-01-06T17:26:52","guid":{"rendered":"https:\/\/www.argensend.com\/?post_type=product&#038;p=42309"},"modified":"2025-04-21T13:47:54","modified_gmt":"2025-04-21T16:47:54","slug":"cafe-instantaneo-suave-la-planta-de-cafe-doy-pack-x-110-gr-mild-instant-coffee-the-coffee-plant-doy-pack","status":"publish","type":"product","link":"https:\/\/www.argensend.com\/en\/product\/cafe-instantaneo-suave-la-planta-de-cafe-doy-pack-x-110-gr-mild-instant-coffee-the-coffee-plant-doy-pack\/","title":{"rendered":"Cabrales &#8211; Caf\u00e9 Instant\u00e1neo Suave La Planta de Caf\u00e9 Doy Pack 110gr"},"content":{"rendered":"","protected":false},"excerpt":{"rendered":"","protected":false},"featured_media":42312,"comment_status":"closed","ping_status":"closed","template":"","meta":{"_acf_changed":false,"om_disable_all_campaigns":false,"_monsterinsights_skip_tracking":false,"_monsterinsights_sitenote_active":false,"_monsterinsights_sitenote_note":"","_monsterinsights_sitenote_category":0},"etheme_brands":[],"product_brand":[],"product_cat":[2126],"product_tag":[6378,979,4681,6335,1275,3009,1500,6377,5663,278,747,64,3314,5664,3407,3406,473,70,3838,1725,727,6341,6340,3411,2208,746,378,1278,748,4057,5867,784,4033,736],"class_list":{"0":"post-42309","1":"product","2":"type-product","3":"status-publish","4":"has-post-thumbnail","6":"product_cat-cafe","7":"product_tag-6378","8":"product_tag-979","9":"product_tag-breakfast","10":"product_tag-cabrales","11":"product_tag-cafe","12":"product_tag-coffee","13":"product_tag-desayuno","14":"product_tag-doy","15":"product_tag-en","16":"product_tag-free","17":"product_tag-gluten","18":"product_tag-gramos","19":"product_tag-grams","20":"product_tag-in","21":"product_tag-instant","22":"product_tag-instantaneo","23":"product_tag-kosher","24":"product_tag-la","25":"product_tag-merienda","26":"product_tag-mild","27":"product_tag-pack","28":"product_tag-plant","29":"product_tag-planta","30":"product_tag-sachets","31":"product_tag-saquitos","32":"product_tag-sin","33":"product_tag-snack","34":"product_tag-suave","35":"product_tag-tacc","36":"product_tag-the","37":"product_tag-time","38":"product_tag-unidades","39":"product_tag-units","40":"product_tag-without","42":"first","43":"instock","44":"sale","45":"taxable","46":"shipping-taxable","47":"purchasable","48":"product-type-simple"},"acf":[],"aioseo_notices":[],"_links":{"self":[{"href":"https:\/\/www.argensend.com\/en\/wp-json\/wp\/v2\/product\/42309","targetHints":{"allow":["GET"]}}],"collection":[{"href":"https:\/\/www.argensend.com\/en\/wp-json\/wp\/v2\/product"}],"about":[{"href":"https:\/\/www.argensend.com\/en\/wp-json\/wp\/v2\/types\/product"}],"replies":[{"embeddable":true,"href":"https:\/\/www.argensend.com\/en\/wp-json\/wp\/v2\/comments?post=42309"}],"version-history":[{"count":4,"href":"https:\/\/www.argensend.com\/en\/wp-json\/wp\/v2\/product\/42309\/revisions"}],"predecessor-version":[{"id":112342,"href":"https:\/\/www.argensend.com\/en\/wp-json\/wp\/v2\/product\/42309\/revisions\/112342"}],"wp:featuredmedia":[{"embeddable":true,"href":"https:\/\/www.argensend.com\/en\/wp-json\/wp\/v2\/media\/42312"}],"wp:attachment":[{"href":"https:\/\/www.argensend.com\/en\/wp-json\/wp\/v2\/media?parent=42309"}],"wp:term":[{"taxonomy":"brand","embeddable":true,"href":"https:\/\/www.argensend.com\/en\/wp-json\/wp\/v2\/etheme_brands?post=42309"},{"taxonomy":"product_brand","embeddable":true,"href":"https:\/\/www.argensend.com\/en\/wp-json\/wp\/v2\/product_brand?post=42309"},{"taxonomy":"product_cat","embeddable":true,"href":"https:\/\/www.argensend.com\/en\/wp-json\/wp\/v2\/product_cat?post=42309"},{"taxonomy":"product_tag","embeddable":true,"href":"https:\/\/www.argensend.com\/en\/wp-json\/wp\/v2\/product_tag?post=42309"}],"curies":[{"name":"wp","href":"https:\/\/api.w.org\/{rel}","templated":true}]}}