{"id":42403,"date":"2022-01-07T11:49:32","date_gmt":"2022-01-07T14:49:32","guid":{"rendered":"https:\/\/www.argensend.com\/?post_type=product&#038;p=42403"},"modified":"2024-12-06T16:23:37","modified_gmt":"2024-12-06T19:23:37","slug":"argentina-monopoly-oficial-monopoly-table-game","status":"publish","type":"product","link":"https:\/\/www.argensend.com\/en\/product\/argentina-monopoly-oficial-monopoly-table-game\/","title":{"rendered":"ToyCo &#8211; Monopoly &#8211; Argentina"},"content":{"rendered":"","protected":false},"excerpt":{"rendered":"<p>Monopoly Argentina. El emocionante juego de negociar propiedades. El objetivo de este juego es obtener grandes beneficios comprando, alquilando y vendiendo propiedades, de tal forma que uno de los jugadores llegue a ser el mas rico y por consiguiente el ganador. Monopoly ha sido producido bajo licencia en 43 paises y en 26 idiomas diferentes. Por muchos a\u00f1os ha alegrado los hogares de diversos paises del mundo con su original dise\u00f1o y reglas. Es una gran satisfaccion presentar este tradicional juego especialmente dise\u00f1ado con lugares calles y monumentos , que recrean geograficamente a la Republica Argentina. Incluye: 1 Tablero, 6 Peones de colores, 32 Casas, 12 Hoteles, 28 Cartas de Propiedades, 16 Cartas de Fortuna, 16 Cartas Arca Comunal, 2 Dados, Dinero de Fantasia e Instrucciones. Cantidad de jugadores: de 2 a 6.<\/p>","protected":false},"featured_media":42404,"comment_status":"closed","ping_status":"closed","template":"","meta":{"_acf_changed":false,"om_disable_all_campaigns":false,"_monsterinsights_skip_tracking":false,"_monsterinsights_sitenote_active":false,"_monsterinsights_sitenote_note":"","_monsterinsights_sitenote_category":0},"etheme_brands":[],"product_brand":[],"product_cat":[2236],"product_tag":[],"class_list":{"0":"post-42403","1":"product","2":"type-product","3":"status-publish","4":"has-post-thumbnail","6":"product_cat-juegos-mesa","8":"first","9":"instock","10":"taxable","11":"shipping-taxable","12":"purchasable","13":"product-type-simple"},"acf":[],"aioseo_notices":[],"_links":{"self":[{"href":"https:\/\/www.argensend.com\/en\/wp-json\/wp\/v2\/product\/42403","targetHints":{"allow":["GET"]}}],"collection":[{"href":"https:\/\/www.argensend.com\/en\/wp-json\/wp\/v2\/product"}],"about":[{"href":"https:\/\/www.argensend.com\/en\/wp-json\/wp\/v2\/types\/product"}],"replies":[{"embeddable":true,"href":"https:\/\/www.argensend.com\/en\/wp-json\/wp\/v2\/comments?post=42403"}],"version-history":[{"count":3,"href":"https:\/\/www.argensend.com\/en\/wp-json\/wp\/v2\/product\/42403\/revisions"}],"predecessor-version":[{"id":115823,"href":"https:\/\/www.argensend.com\/en\/wp-json\/wp\/v2\/product\/42403\/revisions\/115823"}],"wp:featuredmedia":[{"embeddable":true,"href":"https:\/\/www.argensend.com\/en\/wp-json\/wp\/v2\/media\/42404"}],"wp:attachment":[{"href":"https:\/\/www.argensend.com\/en\/wp-json\/wp\/v2\/media?parent=42403"}],"wp:term":[{"taxonomy":"brand","embeddable":true,"href":"https:\/\/www.argensend.com\/en\/wp-json\/wp\/v2\/etheme_brands?post=42403"},{"taxonomy":"product_brand","embeddable":true,"href":"https:\/\/www.argensend.com\/en\/wp-json\/wp\/v2\/product_brand?post=42403"},{"taxonomy":"product_cat","embeddable":true,"href":"https:\/\/www.argensend.com\/en\/wp-json\/wp\/v2\/product_cat?post=42403"},{"taxonomy":"product_tag","embeddable":true,"href":"https:\/\/www.argensend.com\/en\/wp-json\/wp\/v2\/product_tag?post=42403"}],"curies":[{"name":"wp","href":"https:\/\/api.w.org\/{rel}","templated":true}]}}