{"id":42411,"date":"2022-01-07T12:05:11","date_gmt":"2022-01-07T15:05:11","guid":{"rendered":"https:\/\/www.argensend.com\/?post_type=product&#038;p=42411"},"modified":"2024-12-06T16:23:38","modified_gmt":"2024-12-06T19:23:38","slug":"dove-jabon-granada-y-verbena-90gr-pomegranate-and-verbena-soap-90gr","status":"publish","type":"product","link":"https:\/\/www.argensend.com\/en\/product\/dove-jabon-granada-y-verbena-90gr-pomegranate-and-verbena-soap-90gr\/","title":{"rendered":"Dove &#8211; Jab\u00f3n De Tocador Nutrici\u00f3n Indulgente 90g x4 Unidades"},"content":{"rendered":"","protected":false},"excerpt":{"rendered":"<h3>Jab\u00f3n de Tocador Dove Leche de Coco 90 Gr<\/h3>\n<p>Jab\u00f3n humectante de\u00a0 Leche de Coco y P\u00e9talos de Jazmin, deja tu piel m\u00e1s suave e hidratada con la deliciosa y perfumada espuma del Jab\u00f3n Dove. 1\/4 de crema humectante y agentes de limpieza suaves ayudan a proteger la hidrataci\u00f3n de la piel. Deja la piel m\u00e1s suave, bien cuidada y radiante. Se puede utilizar diariamente en la cara, el cuerpo y las manos. Este jab\u00f3n corporal cuenta con\u00a0 Leche de Coco y P\u00e9talos de Jazmin, deja tu piel m\u00e1s suave e hidratada con la deliciosa y perfumada espuma del Jab\u00f3n Dove.<br \/>\nDove deja la piel m\u00e1s suave, bien cuidada y radiante.<br \/>\nEl Jab\u00f3n de Tocador Dove Leche de Coco respeta el pH natural de la piel. Ning\u00fan otro jab\u00f3n en barra com\u00fan hidrata la piel mejor que Dove.<br \/>\n\u00bfSab\u00edas que con los productos correctos para el cuidado del cuerpo pod\u00e9s lograr ese tiempo propio de todos los d\u00edas que uno necesita para relajarse y nutrir la piel dejandola m\u00e1s bonita? Si te pregunt\u00e1s c\u00f3mo hacer para tener una piel suave junto con un momento de relax en la ducha todos los d\u00edas, recomendamos probar el Jab\u00f3n Dove Delicious Care Leche de Coco. Dentro de la l\u00ednea Dove Delicious Care, hecha para calmar y nutrir su piel, esta jab\u00f3n pastilla ofrece el delicioso perfume de leche de coco con p\u00e9talos de jazm\u00edn.<\/p>\n<p><strong>Beneficios:<\/strong><\/p>\n<ul>\n<li>Deja tu piel m\u00e1s suave e hidratada<\/li>\n<li>Posee 1\/4 crema hidratante<\/li>\n<li>Se puede utilizar diariamente en la cara, el cuerpo y las manos<\/li>\n<\/ul>","protected":false},"featured_media":117552,"comment_status":"closed","ping_status":"closed","template":"","meta":{"_acf_changed":false,"om_disable_all_campaigns":false,"_monsterinsights_skip_tracking":false,"_monsterinsights_sitenote_active":false,"_monsterinsights_sitenote_note":"","_monsterinsights_sitenote_category":0},"etheme_brands":[],"product_brand":[],"product_cat":[8820],"product_tag":[203,234,224,1782,1618,6421,6426,1943,1160,6427],"class_list":{"0":"post-42411","1":"product","2":"type-product","3":"status-publish","4":"has-post-thumbnail","6":"product_cat-jabones-y-shampoo","7":"product_tag-argentina","8":"product_tag-argentine","9":"product_tag-argentino","10":"product_tag-barra","11":"product_tag-cuidado","12":"product_tag-dove","13":"product_tag-granada","14":"product_tag-jabon","15":"product_tag-limpieza","16":"product_tag-verbena","18":"first","19":"instock","20":"taxable","21":"shipping-taxable","22":"purchasable","23":"product-type-simple"},"acf":[],"aioseo_notices":[],"_links":{"self":[{"href":"https:\/\/www.argensend.com\/en\/wp-json\/wp\/v2\/product\/42411","targetHints":{"allow":["GET"]}}],"collection":[{"href":"https:\/\/www.argensend.com\/en\/wp-json\/wp\/v2\/product"}],"about":[{"href":"https:\/\/www.argensend.com\/en\/wp-json\/wp\/v2\/types\/product"}],"replies":[{"embeddable":true,"href":"https:\/\/www.argensend.com\/en\/wp-json\/wp\/v2\/comments?post=42411"}],"version-history":[{"count":5,"href":"https:\/\/www.argensend.com\/en\/wp-json\/wp\/v2\/product\/42411\/revisions"}],"predecessor-version":[{"id":117553,"href":"https:\/\/www.argensend.com\/en\/wp-json\/wp\/v2\/product\/42411\/revisions\/117553"}],"wp:featuredmedia":[{"embeddable":true,"href":"https:\/\/www.argensend.com\/en\/wp-json\/wp\/v2\/media\/117552"}],"wp:attachment":[{"href":"https:\/\/www.argensend.com\/en\/wp-json\/wp\/v2\/media?parent=42411"}],"wp:term":[{"taxonomy":"brand","embeddable":true,"href":"https:\/\/www.argensend.com\/en\/wp-json\/wp\/v2\/etheme_brands?post=42411"},{"taxonomy":"product_brand","embeddable":true,"href":"https:\/\/www.argensend.com\/en\/wp-json\/wp\/v2\/product_brand?post=42411"},{"taxonomy":"product_cat","embeddable":true,"href":"https:\/\/www.argensend.com\/en\/wp-json\/wp\/v2\/product_cat?post=42411"},{"taxonomy":"product_tag","embeddable":true,"href":"https:\/\/www.argensend.com\/en\/wp-json\/wp\/v2\/product_tag?post=42411"}],"curies":[{"name":"wp","href":"https:\/\/api.w.org\/{rel}","templated":true}]}}