{"id":42524,"date":"2022-01-10T08:02:57","date_gmt":"2022-01-10T11:02:57","guid":{"rendered":"https:\/\/www.argensend.com\/?post_type=product&#038;p=42524"},"modified":"2024-12-06T16:23:45","modified_gmt":"2024-12-06T19:23:45","slug":"daniel-balmaceda-grandes-historias-de-la-cocina-argentina-cooking-book-great-stories-of-argentine-cuisine-by-daniel-balmaceda","status":"publish","type":"product","link":"https:\/\/www.argensend.com\/en\/product\/daniel-balmaceda-grandes-historias-de-la-cocina-argentina-cooking-book-great-stories-of-argentine-cuisine-by-daniel-balmaceda\/","title":{"rendered":"Daniel Balmaceda &#8211; grandes Historias de la Cocina Argentina"},"content":{"rendered":"","protected":false},"excerpt":{"rendered":"<p>SINOPSIS:<br \/>\nEste libro es el resultado de la extraordinaria investigaci\u00f3n y rescate de m\u00e1s de un centenar de recetarios de todos los tiempos. Despu\u00e9s del \u00e9xito de La comida en la historia argentina, Daniel Balmaceda continu\u00f3 rastreando e indagando sobre las costumbres desconocidas de la cocina y la mesa de los argentinos. \u00bfC\u00f3mo com\u00edamos antes de la industrializaci\u00f3n de los alimentos?<\/p>","protected":false},"featured_media":42525,"comment_status":"closed","ping_status":"closed","template":"","meta":{"_acf_changed":false,"om_disable_all_campaigns":false,"_monsterinsights_skip_tracking":false,"_monsterinsights_sitenote_active":false,"_monsterinsights_sitenote_note":"","_monsterinsights_sitenote_category":0},"etheme_brands":[],"product_brand":[],"product_cat":[685,9871],"product_tag":[203,234,224,7950,755,788,3754,7955,7949,7953,7951,7952,7954,4725,752,4726],"class_list":{"0":"post-42524","1":"product","2":"type-product","3":"status-publish","4":"has-post-thumbnail","6":"product_cat-libros","7":"product_cat-libros-argentinos","8":"product_tag-argentina","9":"product_tag-argentine","10":"product_tag-argentino","11":"product_tag-balmaceda","12":"product_tag-book","13":"product_tag-cocina","14":"product_tag-cooking","15":"product_tag-cuisine","16":"product_tag-daniel","17":"product_tag-geat","18":"product_tag-grandes","19":"product_tag-historias","20":"product_tag-histories","21":"product_tag-lectura","22":"product_tag-libro","23":"product_tag-reading","25":"first","26":"instock","27":"taxable","28":"shipping-taxable","29":"purchasable","30":"product-type-simple"},"acf":[],"aioseo_notices":[],"_links":{"self":[{"href":"https:\/\/www.argensend.com\/en\/wp-json\/wp\/v2\/product\/42524","targetHints":{"allow":["GET"]}}],"collection":[{"href":"https:\/\/www.argensend.com\/en\/wp-json\/wp\/v2\/product"}],"about":[{"href":"https:\/\/www.argensend.com\/en\/wp-json\/wp\/v2\/types\/product"}],"replies":[{"embeddable":true,"href":"https:\/\/www.argensend.com\/en\/wp-json\/wp\/v2\/comments?post=42524"}],"version-history":[{"count":5,"href":"https:\/\/www.argensend.com\/en\/wp-json\/wp\/v2\/product\/42524\/revisions"}],"predecessor-version":[{"id":107051,"href":"https:\/\/www.argensend.com\/en\/wp-json\/wp\/v2\/product\/42524\/revisions\/107051"}],"wp:featuredmedia":[{"embeddable":true,"href":"https:\/\/www.argensend.com\/en\/wp-json\/wp\/v2\/media\/42525"}],"wp:attachment":[{"href":"https:\/\/www.argensend.com\/en\/wp-json\/wp\/v2\/media?parent=42524"}],"wp:term":[{"taxonomy":"brand","embeddable":true,"href":"https:\/\/www.argensend.com\/en\/wp-json\/wp\/v2\/etheme_brands?post=42524"},{"taxonomy":"product_brand","embeddable":true,"href":"https:\/\/www.argensend.com\/en\/wp-json\/wp\/v2\/product_brand?post=42524"},{"taxonomy":"product_cat","embeddable":true,"href":"https:\/\/www.argensend.com\/en\/wp-json\/wp\/v2\/product_cat?post=42524"},{"taxonomy":"product_tag","embeddable":true,"href":"https:\/\/www.argensend.com\/en\/wp-json\/wp\/v2\/product_tag?post=42524"}],"curies":[{"name":"wp","href":"https:\/\/api.w.org\/{rel}","templated":true}]}}