{"id":42539,"date":"2022-01-10T11:15:21","date_gmt":"2022-01-10T14:15:21","guid":{"rendered":"https:\/\/www.argensend.com\/?post_type=product&#038;p=42539"},"modified":"2025-04-22T13:07:56","modified_gmt":"2025-04-22T16:07:56","slug":"dona-petrona-momentos-dulces","status":"publish","type":"product","link":"https:\/\/www.argensend.com\/en\/product\/dona-petrona-momentos-dulces\/","title":{"rendered":"Do\u00f1a Petrona &#8211; Momentos Dulces"},"content":{"rendered":"","protected":false},"excerpt":{"rendered":"<p>Do\u00f1a Petrona afirmaba que &#8216;el lema de nuestra \u00e9poca es la econom\u00eda, en lo que ata\u00f1e al presupuesto, al desgaste f\u00edsico y, sobre todo, al tiempo. Debemos darnos tiempo no s\u00f3lo para cumplir en forma eficiente con nuestras tareas, sino tambi\u00e9n para la distracci\u00f3n de nuestro esp\u00edritu. \u00edHay tanto bueno en que pasar unos momentos&#8230;!&#8217; Esas palabras inspiraron la selecci\u00f3n de recetas que ofrece este libro. Variados panes, facturas y galletrtas para ma\u00f1anas a pura energ\u00eda. Postres cl\u00e1sicos, originales y light que complacer\u00e1n a todos. Para recibir a las visitas, delicias que cosechar\u00e1n merecidos elogios. Exquisiteces tradicionales que no pueden faltar en las celebraciones familiares.Y las mejores opciones para llenar la alacena con mermeladas y golosinas caseras. S\u00ed, Las pr\u00f3ximas p\u00e1ginas le brindan propuestas imperdibles para endulzar cada momento del d\u00eda, desde el desayuno hasta la sobremesa, y convertirlo en algo especial.<\/p>","protected":false},"featured_media":42540,"comment_status":"closed","ping_status":"closed","template":"","meta":{"_acf_changed":false,"om_disable_all_campaigns":false,"_monsterinsights_skip_tracking":false,"_monsterinsights_sitenote_active":false,"_monsterinsights_sitenote_note":"","_monsterinsights_sitenote_category":0},"etheme_brands":[],"product_brand":[],"product_cat":[685,8790],"product_tag":[4778,755,788,756,3754,1446,1271,3900,752,6299,3895,3896,5613,6525],"class_list":{"0":"post-42539","1":"product","2":"type-product","3":"status-publish","4":"has-post-thumbnail","6":"product_cat-libros","7":"product_cat-pasteleria-y-reposteria","8":"product_tag-bakery","9":"product_tag-book","10":"product_tag-cocina","11":"product_tag-cook","12":"product_tag-cooking","13":"product_tag-dona","14":"product_tag-dulces","15":"product_tag-kitchen","16":"product_tag-libro","17":"product_tag-momentos","18":"product_tag-papel","19":"product_tag-paper","20":"product_tag-pasteleria","21":"product_tag-petrona","23":"first","24":"instock","25":"taxable","26":"shipping-taxable","27":"purchasable","28":"product-type-simple"},"acf":[],"aioseo_notices":[],"_links":{"self":[{"href":"https:\/\/www.argensend.com\/en\/wp-json\/wp\/v2\/product\/42539","targetHints":{"allow":["GET"]}}],"collection":[{"href":"https:\/\/www.argensend.com\/en\/wp-json\/wp\/v2\/product"}],"about":[{"href":"https:\/\/www.argensend.com\/en\/wp-json\/wp\/v2\/types\/product"}],"replies":[{"embeddable":true,"href":"https:\/\/www.argensend.com\/en\/wp-json\/wp\/v2\/comments?post=42539"}],"version-history":[{"count":1,"href":"https:\/\/www.argensend.com\/en\/wp-json\/wp\/v2\/product\/42539\/revisions"}],"predecessor-version":[{"id":77817,"href":"https:\/\/www.argensend.com\/en\/wp-json\/wp\/v2\/product\/42539\/revisions\/77817"}],"wp:featuredmedia":[{"embeddable":true,"href":"https:\/\/www.argensend.com\/en\/wp-json\/wp\/v2\/media\/42540"}],"wp:attachment":[{"href":"https:\/\/www.argensend.com\/en\/wp-json\/wp\/v2\/media?parent=42539"}],"wp:term":[{"taxonomy":"brand","embeddable":true,"href":"https:\/\/www.argensend.com\/en\/wp-json\/wp\/v2\/etheme_brands?post=42539"},{"taxonomy":"product_brand","embeddable":true,"href":"https:\/\/www.argensend.com\/en\/wp-json\/wp\/v2\/product_brand?post=42539"},{"taxonomy":"product_cat","embeddable":true,"href":"https:\/\/www.argensend.com\/en\/wp-json\/wp\/v2\/product_cat?post=42539"},{"taxonomy":"product_tag","embeddable":true,"href":"https:\/\/www.argensend.com\/en\/wp-json\/wp\/v2\/product_tag?post=42539"}],"curies":[{"name":"wp","href":"https:\/\/api.w.org\/{rel}","templated":true}]}}