{"id":42547,"date":"2022-01-10T11:39:17","date_gmt":"2022-01-10T14:39:17","guid":{"rendered":"https:\/\/www.argensend.com\/?post_type=product&#038;p=42547"},"modified":"2024-12-06T16:23:47","modified_gmt":"2024-12-06T19:23:47","slug":"leandro-vesco-desconocida-buenos-aires-pulperias-y-bodegones-reading-book-unknown-buenos-aires-pulperias-and-bodegones-by-leandro-vesco","status":"publish","type":"product","link":"https:\/\/www.argensend.com\/en\/product\/leandro-vesco-desconocida-buenos-aires-pulperias-y-bodegones-reading-book-unknown-buenos-aires-pulperias-and-bodegones-by-leandro-vesco\/","title":{"rendered":"Leandro Vesco &#8211; Desconocida Buenos Aires: Pulper\u00edas y Bodegones"},"content":{"rendered":"","protected":false},"excerpt":{"rendered":"<p>Deseamos refugiarnos en rincones donde hay tiempo para todo. Queremos saborear comida reci\u00e9n preparada. Necesitamos recuperar la tradici\u00f3n del encuentro. En esta cuarta entrega de Desconocida Buenos Aires; Leandro Vesco nos invita a conocer dos lugares donde las puertas siempre permanecen abiertas: las pulper\u00edas y los bodegones. La autenticidad y calidez de sus due\u00f1os; los aromas y sabores de las comidas que nos traen recuerdos de la infancia y la codiciada paz de los pueblos hacen de estos espacios el punto de reuni\u00f3n ideal. Un buen aperitivo y una picada ser\u00e1n la excusa perfecta para descubrir las historias locales y los rituales guardados con orgullo en estas cl\u00e1sicas pulper\u00edas y bodegones.<\/p>","protected":false},"featured_media":42548,"comment_status":"closed","ping_status":"closed","template":"","meta":{"_acf_changed":false,"om_disable_all_campaigns":false,"_monsterinsights_skip_tracking":false,"_monsterinsights_sitenote_active":false,"_monsterinsights_sitenote_note":"","_monsterinsights_sitenote_category":0},"etheme_brands":[],"product_brand":[],"product_cat":[685],"product_tag":[5926,6542,6541,203,6535,755,1925,6533,6543,3731,3732,6536,752,6539,3946,3984,3895,3896,6540,6534,3729,1284,6538,6537,4879],"class_list":{"0":"post-42547","1":"product","2":"type-product","3":"status-publish","4":"has-post-thumbnail","6":"product_cat-libros","7":"product_tag-aires","8":"product_tag-antigua","9":"product_tag-antiguo","10":"product_tag-argentina","11":"product_tag-bodegones","12":"product_tag-book","13":"product_tag-buenos","14":"product_tag-desconocida","15":"product_tag-former","16":"product_tag-historia","17":"product_tag-history","18":"product_tag-leandro","19":"product_tag-libro","20":"product_tag-lugar","21":"product_tag-mapa","22":"product_tag-old","23":"product_tag-papel","24":"product_tag-paper","25":"product_tag-place","26":"product_tag-pulperias","27":"product_tag-store","28":"product_tag-tienda","29":"product_tag-unknown","30":"product_tag-vesco","31":"product_tag-y","33":"first","34":"instock","35":"taxable","36":"shipping-taxable","37":"purchasable","38":"product-type-simple"},"acf":[],"aioseo_notices":[],"_links":{"self":[{"href":"https:\/\/www.argensend.com\/en\/wp-json\/wp\/v2\/product\/42547","targetHints":{"allow":["GET"]}}],"collection":[{"href":"https:\/\/www.argensend.com\/en\/wp-json\/wp\/v2\/product"}],"about":[{"href":"https:\/\/www.argensend.com\/en\/wp-json\/wp\/v2\/types\/product"}],"replies":[{"embeddable":true,"href":"https:\/\/www.argensend.com\/en\/wp-json\/wp\/v2\/comments?post=42547"}],"version-history":[{"count":1,"href":"https:\/\/www.argensend.com\/en\/wp-json\/wp\/v2\/product\/42547\/revisions"}],"predecessor-version":[{"id":77814,"href":"https:\/\/www.argensend.com\/en\/wp-json\/wp\/v2\/product\/42547\/revisions\/77814"}],"wp:featuredmedia":[{"embeddable":true,"href":"https:\/\/www.argensend.com\/en\/wp-json\/wp\/v2\/media\/42548"}],"wp:attachment":[{"href":"https:\/\/www.argensend.com\/en\/wp-json\/wp\/v2\/media?parent=42547"}],"wp:term":[{"taxonomy":"brand","embeddable":true,"href":"https:\/\/www.argensend.com\/en\/wp-json\/wp\/v2\/etheme_brands?post=42547"},{"taxonomy":"product_brand","embeddable":true,"href":"https:\/\/www.argensend.com\/en\/wp-json\/wp\/v2\/product_brand?post=42547"},{"taxonomy":"product_cat","embeddable":true,"href":"https:\/\/www.argensend.com\/en\/wp-json\/wp\/v2\/product_cat?post=42547"},{"taxonomy":"product_tag","embeddable":true,"href":"https:\/\/www.argensend.com\/en\/wp-json\/wp\/v2\/product_tag?post=42547"}],"curies":[{"name":"wp","href":"https:\/\/api.w.org\/{rel}","templated":true}]}}