{"id":42777,"date":"2022-01-18T17:10:40","date_gmt":"2022-01-18T20:10:40","guid":{"rendered":"https:\/\/www.argensend.com\/?post_type=product&#038;p=42777"},"modified":"2024-12-06T16:23:57","modified_gmt":"2024-12-06T19:23:57","slug":"car-pintos-set-sellos-amar-ilustrado-illustrated-stamp-set-to-love","status":"publish","type":"product","link":"https:\/\/www.argensend.com\/en\/product\/car-pintos-set-sellos-amar-ilustrado-illustrated-stamp-set-to-love\/","title":{"rendered":"Car Pintos &#8211; Set Sellos &#8220;Amar&#8221; Ilustrado"},"content":{"rendered":"","protected":false},"excerpt":{"rendered":"<p>Set de sellos decorativos de goma en bloques de madera, tema &#8220;Amar&#8221;, ilustrado por Car Pintos.<\/p>\n<p>Contiene 2 sellos:<br \/>\n&#8211; &#8220;Flor&#8221; de 4.7 x 4.7 cm<br \/>\n&#8211; Palabra &#8220;Amar&#8221; de 4.7 x 2.3 cm<\/p>\n<p>Los sellos vienen en caja de pl\u00e1stico transparente de 8 x 5,5 cm.<br \/>\nNo incluye almohadilla ni tinta.<\/p>\n<p>La goma es apta al solvente, soy muy resistentes. Se pueden usar con nuestras tintas al agua (para papel y cart\u00f3n) o tintas indelebles (para m\u00faltiples superficies como pl\u00e1stico, metal, madera, tela decorativa, papel, cart\u00f3n etc.); tambi\u00e9n pod\u00e9s usarlos con pintura para tela, acr\u00edlicos o pintura a la tiza.<\/p>","protected":false},"featured_media":42778,"comment_status":"closed","ping_status":"closed","template":"","meta":{"_acf_changed":false,"om_disable_all_campaigns":false,"_monsterinsights_skip_tracking":false,"_monsterinsights_sitenote_active":false,"_monsterinsights_sitenote_note":"","_monsterinsights_sitenote_category":0},"etheme_brands":[],"product_brand":[],"product_cat":[8791],"product_tag":[6698,3366,3365,6705,3939,3294,3858,6678,3177,6701,6677,6707,6706,3857,4200,2042,1139,6683,6676,6704,5916,3796,6699,6675,6700],"class_list":{"0":"post-42777","1":"product","2":"type-product","3":"status-publish","4":"has-post-thumbnail","6":"product_cat-libreria","7":"product_tag-adolescente","8":"product_tag-adult","9":"product_tag-adulto","10":"product_tag-amar","11":"product_tag-car","12":"product_tag-child","13":"product_tag-children","14":"product_tag-colegio","15":"product_tag-color","16":"product_tag-colour","17":"product_tag-escuela","18":"product_tag-illustrated","19":"product_tag-ilustrado","20":"product_tag-kid","21":"product_tag-love","22":"product_tag-nina","23":"product_tag-nino","24":"product_tag-pintos","25":"product_tag-school","26":"product_tag-sello","27":"product_tag-stamp","28":"product_tag-to","29":"product_tag-universidad","30":"product_tag-university","31":"product_tag-utiles","33":"first","34":"instock","35":"taxable","36":"shipping-taxable","37":"purchasable","38":"product-type-simple"},"acf":[],"aioseo_notices":[],"_links":{"self":[{"href":"https:\/\/www.argensend.com\/en\/wp-json\/wp\/v2\/product\/42777","targetHints":{"allow":["GET"]}}],"collection":[{"href":"https:\/\/www.argensend.com\/en\/wp-json\/wp\/v2\/product"}],"about":[{"href":"https:\/\/www.argensend.com\/en\/wp-json\/wp\/v2\/types\/product"}],"replies":[{"embeddable":true,"href":"https:\/\/www.argensend.com\/en\/wp-json\/wp\/v2\/comments?post=42777"}],"version-history":[{"count":1,"href":"https:\/\/www.argensend.com\/en\/wp-json\/wp\/v2\/product\/42777\/revisions"}],"predecessor-version":[{"id":68487,"href":"https:\/\/www.argensend.com\/en\/wp-json\/wp\/v2\/product\/42777\/revisions\/68487"}],"wp:featuredmedia":[{"embeddable":true,"href":"https:\/\/www.argensend.com\/en\/wp-json\/wp\/v2\/media\/42778"}],"wp:attachment":[{"href":"https:\/\/www.argensend.com\/en\/wp-json\/wp\/v2\/media?parent=42777"}],"wp:term":[{"taxonomy":"brand","embeddable":true,"href":"https:\/\/www.argensend.com\/en\/wp-json\/wp\/v2\/etheme_brands?post=42777"},{"taxonomy":"product_brand","embeddable":true,"href":"https:\/\/www.argensend.com\/en\/wp-json\/wp\/v2\/product_brand?post=42777"},{"taxonomy":"product_cat","embeddable":true,"href":"https:\/\/www.argensend.com\/en\/wp-json\/wp\/v2\/product_cat?post=42777"},{"taxonomy":"product_tag","embeddable":true,"href":"https:\/\/www.argensend.com\/en\/wp-json\/wp\/v2\/product_tag?post=42777"}],"curies":[{"name":"wp","href":"https:\/\/api.w.org\/{rel}","templated":true}]}}