{"id":42779,"date":"2022-01-18T17:15:14","date_gmt":"2022-01-18T20:15:14","guid":{"rendered":"https:\/\/www.argensend.com\/?post_type=product&#038;p=42779"},"modified":"2024-12-06T16:23:57","modified_gmt":"2024-12-06T19:23:57","slug":"car-pintos-sello-decorativo-decorative-stamp","status":"publish","type":"product","link":"https:\/\/www.argensend.com\/en\/product\/car-pintos-sello-decorativo-decorative-stamp\/","title":{"rendered":"Car Pintos &#8211; Sello Decorativo"},"content":{"rendered":"","protected":false},"excerpt":{"rendered":"<p>Sello decorativo en bloque de madera, ilustrado por Car Pintos, modelo &#8220;Hoja&#8221;.<br \/>\nTama\u00f1o bloque de madera: 4,7 x 2,3 cm.<\/p>\n<p>No incluye almohadilla ni tinta.<\/p>\n<p>La goma es apta al solvente, soy muy resistentes. Se pueden usar con nuestras tintas al agua (para papel y cart\u00f3n) o tintas indelebles (para m\u00faltiples superficies como pl\u00e1stico, metal, madera, tela decorativa, papel, cart\u00f3n etc.); tambi\u00e9n pod\u00e9s usarlos con pintura para tela, acr\u00edlicos o pintura a la tiza.<\/p>","protected":false},"featured_media":42780,"comment_status":"closed","ping_status":"closed","template":"","meta":{"_acf_changed":false,"om_disable_all_campaigns":false,"_monsterinsights_skip_tracking":false,"_monsterinsights_sitenote_active":false,"_monsterinsights_sitenote_note":"","_monsterinsights_sitenote_category":0},"etheme_brands":[],"product_brand":[],"product_cat":[8791],"product_tag":[6698,3366,3365,6705,3939,3294,3858,6678,3177,6701,5933,1744,6677,6707,6706,3857,4200,2042,1139,6683,6676,6704,5916,3796,6699,6675,6700],"class_list":{"0":"post-42779","1":"product","2":"type-product","3":"status-publish","4":"has-post-thumbnail","6":"product_cat-libreria","7":"product_tag-adolescente","8":"product_tag-adult","9":"product_tag-adulto","10":"product_tag-amar","11":"product_tag-car","12":"product_tag-child","13":"product_tag-children","14":"product_tag-colegio","15":"product_tag-color","16":"product_tag-colour","17":"product_tag-decorative","18":"product_tag-decorativo","19":"product_tag-escuela","20":"product_tag-illustrated","21":"product_tag-ilustrado","22":"product_tag-kid","23":"product_tag-love","24":"product_tag-nina","25":"product_tag-nino","26":"product_tag-pintos","27":"product_tag-school","28":"product_tag-sello","29":"product_tag-stamp","30":"product_tag-to","31":"product_tag-universidad","32":"product_tag-university","33":"product_tag-utiles","35":"first","36":"instock","37":"taxable","38":"shipping-taxable","39":"purchasable","40":"product-type-simple"},"acf":[],"aioseo_notices":[],"_links":{"self":[{"href":"https:\/\/www.argensend.com\/en\/wp-json\/wp\/v2\/product\/42779","targetHints":{"allow":["GET"]}}],"collection":[{"href":"https:\/\/www.argensend.com\/en\/wp-json\/wp\/v2\/product"}],"about":[{"href":"https:\/\/www.argensend.com\/en\/wp-json\/wp\/v2\/types\/product"}],"replies":[{"embeddable":true,"href":"https:\/\/www.argensend.com\/en\/wp-json\/wp\/v2\/comments?post=42779"}],"version-history":[{"count":1,"href":"https:\/\/www.argensend.com\/en\/wp-json\/wp\/v2\/product\/42779\/revisions"}],"predecessor-version":[{"id":68486,"href":"https:\/\/www.argensend.com\/en\/wp-json\/wp\/v2\/product\/42779\/revisions\/68486"}],"wp:featuredmedia":[{"embeddable":true,"href":"https:\/\/www.argensend.com\/en\/wp-json\/wp\/v2\/media\/42780"}],"wp:attachment":[{"href":"https:\/\/www.argensend.com\/en\/wp-json\/wp\/v2\/media?parent=42779"}],"wp:term":[{"taxonomy":"brand","embeddable":true,"href":"https:\/\/www.argensend.com\/en\/wp-json\/wp\/v2\/etheme_brands?post=42779"},{"taxonomy":"product_brand","embeddable":true,"href":"https:\/\/www.argensend.com\/en\/wp-json\/wp\/v2\/product_brand?post=42779"},{"taxonomy":"product_cat","embeddable":true,"href":"https:\/\/www.argensend.com\/en\/wp-json\/wp\/v2\/product_cat?post=42779"},{"taxonomy":"product_tag","embeddable":true,"href":"https:\/\/www.argensend.com\/en\/wp-json\/wp\/v2\/product_tag?post=42779"}],"curies":[{"name":"wp","href":"https:\/\/api.w.org\/{rel}","templated":true}]}}