{"id":42861,"date":"2022-01-20T11:57:22","date_gmt":"2022-01-20T14:57:22","guid":{"rendered":"https:\/\/www.argensend.com\/?post_type=product&#038;p=42861"},"modified":"2024-12-06T16:24:01","modified_gmt":"2024-12-06T19:24:01","slug":"car-pintos-lamina-es-tiempo-de-florecer","status":"publish","type":"product","link":"https:\/\/www.argensend.com\/en\/product\/car-pintos-lamina-es-tiempo-de-florecer\/","title":{"rendered":"Car Pintos &#8211; L\u00e1mina &#8220;Es Tiempo de Florecer&#8221;"},"content":{"rendered":"","protected":false},"excerpt":{"rendered":"<div class=\"woocommerce-product-details__short-description\">\n<p>L\u00e1mina papel ilustraci\u00f3n 250gr. 30\u00d742 cm.<\/p>\n<\/div>\n<form class=\"cart\" action=\"https:\/\/carpintos.com.ar\/producto\/akron-vase\/\" enctype=\"multipart\/form-data\" method=\"post\">\n<div class=\"qodef-quantity-buttons quantity\"><\/div>\n<\/form>","protected":false},"featured_media":42862,"comment_status":"closed","ping_status":"closed","template":"","meta":{"_acf_changed":false,"om_disable_all_campaigns":false,"_monsterinsights_skip_tracking":false,"_monsterinsights_sitenote_active":false,"_monsterinsights_sitenote_note":"","_monsterinsights_sitenote_category":0},"etheme_brands":[],"product_brand":[],"product_cat":[606],"product_tag":[6148,3295,6689,6763,3939,3858,3211,3210,6692,6693,6695,6694,68,5663,6758,4990,6760,4133,4134,3458,5664,6155,6761,6762,3857,70,6764,752,6165,2042,1139,3605,6683,6691,6759,5867,3796,850,4879],"class_list":{"0":"post-42861","1":"product","2":"type-product","3":"status-publish","4":"has-post-thumbnail","6":"product_cat-cocina-deco-bazar","7":"product_tag-and","8":"product_tag-baby","9":"product_tag-blanda","10":"product_tag-bloom","11":"product_tag-car","12":"product_tag-children","13":"product_tag-colores","14":"product_tag-colors","15":"product_tag-crear","16":"product_tag-create","17":"product_tag-creative","18":"product_tag-creativo","19":"product_tag-de","20":"product_tag-en","21":"product_tag-es","22":"product_tag-feel","23":"product_tag-florecer","24":"product_tag-flores","25":"product_tag-flowers","26":"product_tag-foil","27":"product_tag-in","28":"product_tag-is","29":"product_tag-it","30":"product_tag-its","31":"product_tag-kid","32":"product_tag-la","33":"product_tag-lamina","34":"product_tag-libro","35":"product_tag-life","36":"product_tag-nina","37":"product_tag-nino","38":"product_tag-para","39":"product_tag-pintos","40":"product_tag-sentir","41":"product_tag-tiempo","42":"product_tag-time","43":"product_tag-to","44":"product_tag-vida","45":"product_tag-y","47":"first","48":"instock","49":"taxable","50":"shipping-taxable","51":"purchasable","52":"product-type-simple"},"acf":[],"aioseo_notices":[],"_links":{"self":[{"href":"https:\/\/www.argensend.com\/en\/wp-json\/wp\/v2\/product\/42861","targetHints":{"allow":["GET"]}}],"collection":[{"href":"https:\/\/www.argensend.com\/en\/wp-json\/wp\/v2\/product"}],"about":[{"href":"https:\/\/www.argensend.com\/en\/wp-json\/wp\/v2\/types\/product"}],"replies":[{"embeddable":true,"href":"https:\/\/www.argensend.com\/en\/wp-json\/wp\/v2\/comments?post=42861"}],"version-history":[{"count":2,"href":"https:\/\/www.argensend.com\/en\/wp-json\/wp\/v2\/product\/42861\/revisions"}],"predecessor-version":[{"id":99330,"href":"https:\/\/www.argensend.com\/en\/wp-json\/wp\/v2\/product\/42861\/revisions\/99330"}],"wp:featuredmedia":[{"embeddable":true,"href":"https:\/\/www.argensend.com\/en\/wp-json\/wp\/v2\/media\/42862"}],"wp:attachment":[{"href":"https:\/\/www.argensend.com\/en\/wp-json\/wp\/v2\/media?parent=42861"}],"wp:term":[{"taxonomy":"brand","embeddable":true,"href":"https:\/\/www.argensend.com\/en\/wp-json\/wp\/v2\/etheme_brands?post=42861"},{"taxonomy":"product_brand","embeddable":true,"href":"https:\/\/www.argensend.com\/en\/wp-json\/wp\/v2\/product_brand?post=42861"},{"taxonomy":"product_cat","embeddable":true,"href":"https:\/\/www.argensend.com\/en\/wp-json\/wp\/v2\/product_cat?post=42861"},{"taxonomy":"product_tag","embeddable":true,"href":"https:\/\/www.argensend.com\/en\/wp-json\/wp\/v2\/product_tag?post=42861"}],"curies":[{"name":"wp","href":"https:\/\/api.w.org\/{rel}","templated":true}]}}