{"id":42889,"date":"2022-01-20T17:44:02","date_gmt":"2022-01-20T20:44:02","guid":{"rendered":"https:\/\/www.argensend.com\/?post_type=product&#038;p=42889"},"modified":"2024-12-06T16:24:03","modified_gmt":"2024-12-06T19:24:03","slug":"mate-termico-explorer-clasico-acero-inoxidable-350-ml","status":"publish","type":"product","link":"https:\/\/www.argensend.com\/en\/product\/mate-termico-explorer-clasico-acero-inoxidable-350-ml\/","title":{"rendered":"Mate Termico Explorer Cl\u00e1sico Verde Acero Inoxidable 350ml"},"content":{"rendered":"","protected":false},"excerpt":{"rendered":"<p>Lleg\u00f3 el mate Explorer!<\/p>\n<p>Incondicional para acompa\u00f1ar todas tus tardes, la tecnolog\u00eda del mate Cl\u00e1sico de Explorer mantiene el agua caliente dentro del recipiente para que no pierda la temperatura \u00f3ptima!<\/p>\n<p>Ideal para los que lo usan de micr\u00f3fono!<\/p>\n<p>Caracter\u00edsticas:<\/p>\n<p>\u2022 Capacidad 350 ml<br \/>\n\u2022 Apto Frio calor<br \/>\n\u2022 Ideal para terere<br \/>\n\u2022 LIBRE de BPA<br \/>\n\u2022 Autorizado por el INAL<br \/>\n\u2022 Boca Ancha<br \/>\n\u2022 F\u00e1cil de Limpiar<br \/>\n\u2022 Cuenta con una c\u00e1mara de aire de acero inoxidable 304 SS que mantiene la<br \/>\ntemperatura dentro del recipiente en perfecto estado.<\/p>","protected":false},"featured_media":42891,"comment_status":"closed","ping_status":"closed","template":"","meta":{"_acf_changed":false,"om_disable_all_campaigns":false,"_monsterinsights_skip_tracking":false,"_monsterinsights_sitenote_active":false,"_monsterinsights_sitenote_note":"","_monsterinsights_sitenote_category":0},"etheme_brands":[],"product_brand":[],"product_cat":[3008],"product_tag":[5861,596,203,234,224,597,165,3274,562,3275,567,163],"class_list":{"0":"post-42889","1":"product","2":"type-product","3":"status-publish","4":"has-post-thumbnail","6":"product_cat-mates","7":"product_tag-236-ml","8":"product_tag-acero","9":"product_tag-argentina","10":"product_tag-argentine","11":"product_tag-argentino","12":"product_tag-inoxidable","13":"product_tag-mate","14":"product_tag-stainless","15":"product_tag-stanley","16":"product_tag-steel","17":"product_tag-verde","18":"product_tag-yerba","20":"first","21":"instock","22":"taxable","23":"shipping-taxable","24":"purchasable","25":"product-type-simple"},"acf":[],"aioseo_notices":[],"_links":{"self":[{"href":"https:\/\/www.argensend.com\/en\/wp-json\/wp\/v2\/product\/42889","targetHints":{"allow":["GET"]}}],"collection":[{"href":"https:\/\/www.argensend.com\/en\/wp-json\/wp\/v2\/product"}],"about":[{"href":"https:\/\/www.argensend.com\/en\/wp-json\/wp\/v2\/types\/product"}],"replies":[{"embeddable":true,"href":"https:\/\/www.argensend.com\/en\/wp-json\/wp\/v2\/comments?post=42889"}],"version-history":[{"count":2,"href":"https:\/\/www.argensend.com\/en\/wp-json\/wp\/v2\/product\/42889\/revisions"}],"predecessor-version":[{"id":103440,"href":"https:\/\/www.argensend.com\/en\/wp-json\/wp\/v2\/product\/42889\/revisions\/103440"}],"wp:featuredmedia":[{"embeddable":true,"href":"https:\/\/www.argensend.com\/en\/wp-json\/wp\/v2\/media\/42891"}],"wp:attachment":[{"href":"https:\/\/www.argensend.com\/en\/wp-json\/wp\/v2\/media?parent=42889"}],"wp:term":[{"taxonomy":"brand","embeddable":true,"href":"https:\/\/www.argensend.com\/en\/wp-json\/wp\/v2\/etheme_brands?post=42889"},{"taxonomy":"product_brand","embeddable":true,"href":"https:\/\/www.argensend.com\/en\/wp-json\/wp\/v2\/product_brand?post=42889"},{"taxonomy":"product_cat","embeddable":true,"href":"https:\/\/www.argensend.com\/en\/wp-json\/wp\/v2\/product_cat?post=42889"},{"taxonomy":"product_tag","embeddable":true,"href":"https:\/\/www.argensend.com\/en\/wp-json\/wp\/v2\/product_tag?post=42889"}],"curies":[{"name":"wp","href":"https:\/\/api.w.org\/{rel}","templated":true}]}}