{"id":42902,"date":"2022-01-21T08:17:43","date_gmt":"2022-01-21T11:17:43","guid":{"rendered":"https:\/\/www.argensend.com\/?post_type=product&#038;p=42902"},"modified":"2024-12-06T16:24:04","modified_gmt":"2024-12-06T19:24:04","slug":"mate-termico-clasico-explorer-apolo-negro-193-ml-acero-inoxidable","status":"publish","type":"product","link":"https:\/\/www.argensend.com\/en\/product\/mate-termico-clasico-explorer-apolo-negro-193-ml-acero-inoxidable\/","title":{"rendered":"Mate T\u00e9rmico Cl\u00e1sico Explorer Apolo Negro 193ml Acero Inoxidable"},"content":{"rendered":"","protected":false},"excerpt":{"rendered":"<p>MATE T\u00c9RMICO EXPLORER APOLO &#8211; 193 ml<\/p>\n<p>Una de las marcas l\u00edderes en camping te acerca su nuevo y extraordinario mate: compacto, c\u00f3modo y fabricado con materiales de primer\u00edsima calidad.<\/p>\n<p>No te resignes a tomar tus mates fr\u00edos. Con el nuevo modelo de EXPLORER, ten\u00e9s la soluci\u00f3n para tus largas rondas con amigos y familiares.<\/p>\n<p>FICHA T\u00c9CNICA:<\/p>\n<p>o Marca: Explorer Apolo<br \/>\no Modelo: T2 &#8211; Mate<br \/>\no Material: Acero Inoxidable<br \/>\no Colores: NEGRO \/ VERDE ( ELEGIR VARIANTE )<br \/>\no Capacidad: 193 ml<br \/>\no Altura: 8 cm<br \/>\no Di\u00e1metro: 7 cm<br \/>\no LIBRE BPA<br \/>\no Presentaci\u00f3n en caja<\/p>","protected":false},"featured_media":42899,"comment_status":"closed","ping_status":"closed","template":"","meta":{"_acf_changed":false,"om_disable_all_campaigns":false,"_monsterinsights_skip_tracking":false,"_monsterinsights_sitenote_active":false,"_monsterinsights_sitenote_note":"","_monsterinsights_sitenote_category":0},"etheme_brands":[],"product_brand":[],"product_cat":[3008],"product_tag":[5861,596,203,234,224,597,165,3274,562,3275,567,163],"class_list":{"0":"post-42902","1":"product","2":"type-product","3":"status-publish","4":"has-post-thumbnail","6":"product_cat-mates","7":"product_tag-236-ml","8":"product_tag-acero","9":"product_tag-argentina","10":"product_tag-argentine","11":"product_tag-argentino","12":"product_tag-inoxidable","13":"product_tag-mate","14":"product_tag-stainless","15":"product_tag-stanley","16":"product_tag-steel","17":"product_tag-verde","18":"product_tag-yerba","20":"first","21":"instock","22":"taxable","23":"shipping-taxable","24":"purchasable","25":"product-type-simple"},"acf":[],"aioseo_notices":[],"_links":{"self":[{"href":"https:\/\/www.argensend.com\/en\/wp-json\/wp\/v2\/product\/42902","targetHints":{"allow":["GET"]}}],"collection":[{"href":"https:\/\/www.argensend.com\/en\/wp-json\/wp\/v2\/product"}],"about":[{"href":"https:\/\/www.argensend.com\/en\/wp-json\/wp\/v2\/types\/product"}],"replies":[{"embeddable":true,"href":"https:\/\/www.argensend.com\/en\/wp-json\/wp\/v2\/comments?post=42902"}],"version-history":[{"count":3,"href":"https:\/\/www.argensend.com\/en\/wp-json\/wp\/v2\/product\/42902\/revisions"}],"predecessor-version":[{"id":103436,"href":"https:\/\/www.argensend.com\/en\/wp-json\/wp\/v2\/product\/42902\/revisions\/103436"}],"wp:featuredmedia":[{"embeddable":true,"href":"https:\/\/www.argensend.com\/en\/wp-json\/wp\/v2\/media\/42899"}],"wp:attachment":[{"href":"https:\/\/www.argensend.com\/en\/wp-json\/wp\/v2\/media?parent=42902"}],"wp:term":[{"taxonomy":"brand","embeddable":true,"href":"https:\/\/www.argensend.com\/en\/wp-json\/wp\/v2\/etheme_brands?post=42902"},{"taxonomy":"product_brand","embeddable":true,"href":"https:\/\/www.argensend.com\/en\/wp-json\/wp\/v2\/product_brand?post=42902"},{"taxonomy":"product_cat","embeddable":true,"href":"https:\/\/www.argensend.com\/en\/wp-json\/wp\/v2\/product_cat?post=42902"},{"taxonomy":"product_tag","embeddable":true,"href":"https:\/\/www.argensend.com\/en\/wp-json\/wp\/v2\/product_tag?post=42902"}],"curies":[{"name":"wp","href":"https:\/\/api.w.org\/{rel}","templated":true}]}}