{"id":43189,"date":"2022-01-28T11:30:49","date_gmt":"2022-01-28T14:30:49","guid":{"rendered":"https:\/\/www.argensend.com\/?post_type=product&#038;p=43189"},"modified":"2024-12-06T16:24:14","modified_gmt":"2024-12-06T19:24:14","slug":"felpudo-entrada-pvc-futbol-argentino-boca-juniors","status":"publish","type":"product","link":"https:\/\/www.argensend.com\/en\/product\/felpudo-entrada-pvc-futbol-argentino-boca-juniors\/","title":{"rendered":"Felpudo Entrada Pvc F\u00fatbol Argentino Boca Juniors"},"content":{"rendered":"","protected":false},"excerpt":{"rendered":"<p>El producto se encontrar\u00e1 disponible para su env\u00edo a partir del 4to d\u00eda habil de la compra.<br \/>\n60 cm x 40 cm<\/p>","protected":false},"featured_media":43190,"comment_status":"closed","ping_status":"closed","template":"","meta":{"_acf_changed":false,"om_disable_all_campaigns":false,"_monsterinsights_skip_tracking":false,"_monsterinsights_sitenote_active":false,"_monsterinsights_sitenote_note":"","_monsterinsights_sitenote_category":0},"etheme_brands":[],"product_brand":[],"product_cat":[1025,606],"product_tag":[203,234,224,666,7288,6094,1050,7287],"class_list":{"0":"post-43189","1":"product","2":"type-product","3":"status-publish","4":"has-post-thumbnail","6":"product_cat-boca-juniors","7":"product_cat-cocina-deco-bazar","8":"product_tag-argentina","9":"product_tag-argentine","10":"product_tag-argentino","11":"product_tag-boca","12":"product_tag-exterior","13":"product_tag-felpudo","14":"product_tag-futbol","15":"product_tag-interior","17":"first","18":"instock","19":"taxable","20":"shipping-taxable","21":"purchasable","22":"product-type-simple"},"acf":[],"aioseo_notices":[],"_links":{"self":[{"href":"https:\/\/www.argensend.com\/en\/wp-json\/wp\/v2\/product\/43189","targetHints":{"allow":["GET"]}}],"collection":[{"href":"https:\/\/www.argensend.com\/en\/wp-json\/wp\/v2\/product"}],"about":[{"href":"https:\/\/www.argensend.com\/en\/wp-json\/wp\/v2\/types\/product"}],"replies":[{"embeddable":true,"href":"https:\/\/www.argensend.com\/en\/wp-json\/wp\/v2\/comments?post=43189"}],"version-history":[{"count":3,"href":"https:\/\/www.argensend.com\/en\/wp-json\/wp\/v2\/product\/43189\/revisions"}],"predecessor-version":[{"id":101790,"href":"https:\/\/www.argensend.com\/en\/wp-json\/wp\/v2\/product\/43189\/revisions\/101790"}],"wp:featuredmedia":[{"embeddable":true,"href":"https:\/\/www.argensend.com\/en\/wp-json\/wp\/v2\/media\/43190"}],"wp:attachment":[{"href":"https:\/\/www.argensend.com\/en\/wp-json\/wp\/v2\/media?parent=43189"}],"wp:term":[{"taxonomy":"brand","embeddable":true,"href":"https:\/\/www.argensend.com\/en\/wp-json\/wp\/v2\/etheme_brands?post=43189"},{"taxonomy":"product_brand","embeddable":true,"href":"https:\/\/www.argensend.com\/en\/wp-json\/wp\/v2\/product_brand?post=43189"},{"taxonomy":"product_cat","embeddable":true,"href":"https:\/\/www.argensend.com\/en\/wp-json\/wp\/v2\/product_cat?post=43189"},{"taxonomy":"product_tag","embeddable":true,"href":"https:\/\/www.argensend.com\/en\/wp-json\/wp\/v2\/product_tag?post=43189"}],"curies":[{"name":"wp","href":"https:\/\/api.w.org\/{rel}","templated":true}]}}