{"id":43432,"date":"2022-02-11T16:37:05","date_gmt":"2022-02-11T19:37:05","guid":{"rendered":"https:\/\/www.argensend.com\/?post_type=product&#038;p=43432"},"modified":"2024-12-06T16:24:22","modified_gmt":"2024-12-06T19:24:22","slug":"libro-atlas-ilustrado-champan-cava-y-vinos-espumosos-tom-stevenson-illustrated-atlas-book-champagne-cava-and-sparkling-wines","status":"publish","type":"product","link":"https:\/\/www.argensend.com\/en\/product\/libro-atlas-ilustrado-champan-cava-y-vinos-espumosos-tom-stevenson-illustrated-atlas-book-champagne-cava-and-sparkling-wines\/","title":{"rendered":"Libro Atlas Ilustrado: Champ\u00e1n, Cava y Vinos Espumosos &#8211; Tom Stevenson"},"content":{"rendered":"","protected":false},"excerpt":{"rendered":"<p>Acompa\u00f1\u00e1 al Sommelier de Caf\u00e9 en un tour mundial en busca de la cafetera perfecta. El sommelier de caf\u00e9 tiene m\u00e1s de 20 cafeteras en su poder y con cada viaje su colecci\u00f3n se acrecienta. Las encuentra irresistibles en todas sus versiones, las venera como autoras materiales de sus momentos de placer, deliciosamente perfumadas por el aroma del caf\u00e9 reci\u00e9n hecho. Objetos de maravilloso dise\u00f1o, \u00edconos del postmodernismo y la cultura pop. En este libro de notas la propuesta es acompa\u00f1arlo en un tour mundial por sus cafeter\u00edas preferidas, en busca de su gran fetiche: la cafetera perfecta.<\/p>\n<p>Detalles:<br \/>\nHojas rayadas para que puedas tener todas tus anotaciones a mano.<br \/>\nIncluye el\u00e1stico y cinta se\u00f1alador.<\/p>\n<p>CARACTER\u00cdSTICAS<br \/>\nTama\u00f1o: 21,5 x 15 cm<br \/>\nInterior: 160 p\u00e1ginas rayadas<br \/>\nEncuadernaci\u00f3n: Tapa dura. Cosido.<br \/>\nColecci\u00f3n: Sommelier de Caf\u00e9<\/p>","protected":false},"featured_media":43433,"comment_status":"closed","ping_status":"closed","template":"","meta":{"_acf_changed":false,"om_disable_all_campaigns":false,"_monsterinsights_skip_tracking":false,"_monsterinsights_sitenote_active":false,"_monsterinsights_sitenote_note":"","_monsterinsights_sitenote_category":0},"etheme_brands":[],"product_brand":[],"product_cat":[685],"product_tag":[7337,203,7347,755,7344,7343,4866,7346,6707,6706,7345,2988,3278,4879],"class_list":{"0":"post-43432","1":"product","2":"type-product","3":"status-publish","4":"has-post-thumbnail","6":"product_cat-libros","7":"product_tag-agentina","8":"product_tag-argentina","9":"product_tag-atlas","10":"product_tag-book","11":"product_tag-cava","12":"product_tag-champan","13":"product_tag-el","14":"product_tag-espumosos","15":"product_tag-illustrated","16":"product_tag-ilustrado","17":"product_tag-otros","18":"product_tag-vinos","19":"product_tag-wine","20":"product_tag-y","22":"first","23":"instock","24":"taxable","25":"shipping-taxable","26":"purchasable","27":"product-type-simple"},"acf":[],"aioseo_notices":[],"_links":{"self":[{"href":"https:\/\/www.argensend.com\/en\/wp-json\/wp\/v2\/product\/43432","targetHints":{"allow":["GET"]}}],"collection":[{"href":"https:\/\/www.argensend.com\/en\/wp-json\/wp\/v2\/product"}],"about":[{"href":"https:\/\/www.argensend.com\/en\/wp-json\/wp\/v2\/types\/product"}],"replies":[{"embeddable":true,"href":"https:\/\/www.argensend.com\/en\/wp-json\/wp\/v2\/comments?post=43432"}],"version-history":[{"count":2,"href":"https:\/\/www.argensend.com\/en\/wp-json\/wp\/v2\/product\/43432\/revisions"}],"predecessor-version":[{"id":103002,"href":"https:\/\/www.argensend.com\/en\/wp-json\/wp\/v2\/product\/43432\/revisions\/103002"}],"wp:featuredmedia":[{"embeddable":true,"href":"https:\/\/www.argensend.com\/en\/wp-json\/wp\/v2\/media\/43433"}],"wp:attachment":[{"href":"https:\/\/www.argensend.com\/en\/wp-json\/wp\/v2\/media?parent=43432"}],"wp:term":[{"taxonomy":"brand","embeddable":true,"href":"https:\/\/www.argensend.com\/en\/wp-json\/wp\/v2\/etheme_brands?post=43432"},{"taxonomy":"product_brand","embeddable":true,"href":"https:\/\/www.argensend.com\/en\/wp-json\/wp\/v2\/product_brand?post=43432"},{"taxonomy":"product_cat","embeddable":true,"href":"https:\/\/www.argensend.com\/en\/wp-json\/wp\/v2\/product_cat?post=43432"},{"taxonomy":"product_tag","embeddable":true,"href":"https:\/\/www.argensend.com\/en\/wp-json\/wp\/v2\/product_tag?post=43432"}],"curies":[{"name":"wp","href":"https:\/\/api.w.org\/{rel}","templated":true}]}}