{"id":43576,"date":"2022-02-17T11:31:43","date_gmt":"2022-02-17T14:31:43","guid":{"rendered":"https:\/\/www.argensend.com\/?post_type=product&#038;p=43576"},"modified":"2024-12-06T16:24:27","modified_gmt":"2024-12-06T19:24:27","slug":"fogonero-parrilla-movil-chulengo-con-accesorios-portatil-pro","status":"publish","type":"product","link":"https:\/\/www.argensend.com\/en\/product\/fogonero-parrilla-movil-chulengo-con-accesorios-portatil-pro\/","title":{"rendered":"Fogonero Parrilla Movil Chulengo con Accesorios Portatil Pro"},"content":{"rendered":"<p>Dise\u00f1o resistente y resistente al \u00f3xido: esta fogonero est\u00e1 hecha de acero grueso duradero y chapado con color cobre antiguo para resistencia al calor y a la corrosi\u00f3n. Todo el brasero est\u00e1 apoyado por 3 patas de metal para garantizar su estabilidad.<br \/>\nFogata multifuncional para exteriores: dise\u00f1ada tanto para cocinar un rico asado como para quemar le\u00f1a. La placa de cocci\u00f3n est\u00e1 dise\u00f1ada para girar 360 grados, que tambi\u00e9n se puede ajustar hacia arriba y hacia abajo para alcanzar la altura deseada.<br \/>\nF\u00e1cil de montar: el paquete exterior de la chimenea viene con instrucciones de instalaci\u00f3n y funcionamiento para un montaje r\u00e1pido, lo que ayuda a completar la instalaci\u00f3n en minutos.<br \/>\nDise\u00f1o humanizado: La barra de anillo es para mover el brasero de forma segura cuando todav\u00eda est\u00e1 a alta temperatura de superficie.<\/p>\n<ul class=\"ui-pdp-list__wrapper\">\n<li class=\"ui-pdp-list__item\">\n<p class=\"ui-pdp-family--REGULAR ui-pdp-list__text\"><span class=\"ui-pdp-color--BLACK ui-pdp-size--XSMALL ui-pdp-family--BOLD\">Ancho x Altura<\/span>: 78 cm x 43 cm<\/p>\n<\/li>\n<\/ul>\n<ul class=\"ui-pdp-list__wrapper\">\n<li class=\"ui-pdp-list__item\">\n<p class=\"ui-pdp-family--REGULAR ui-pdp-list__text\"><span class=\"ui-pdp-color--BLACK ui-pdp-size--XSMALL ui-pdp-family--BOLD\">Peso<\/span>: 7 kg<\/p>\n<\/li>\n<\/ul>\n<p>\u2026\u2026\u2026\u2026\u2026\u2026\u2026\u2026\u2026\u2026\u2026\u2026\u2026\u2026\u2026\u2026\u2026\u2026\u2026\u2026\u2026\u2026\u2026\u2026\u2026\u2026\u2026\u2026\u2026\u2026\u2026\u2026\u2026\u2026\u2026\u2026\u2026\u2026\u2026\u2026\u2026\u2026\u2026\u2026\u2026\u2026\u2026\u2026\u2026\u2026\u2026\u2026\u2026\u2026\u2026\u2026\u2026\u2026.\u2026.<\/p>\n<p>Sturdy and rust-resistant design: this fire pit is made of durable thick steel and plated with antique copper color for heat and corrosion resistance. The whole brazier is supported by 3 metal legs to ensure stability.<br \/>\nMultifunctional outdoor fire pit: designed for both cooking a rich roast and burning wood. The cooking plate is designed to rotate 360 degrees, which can also be adjusted up and down to reach the desired height.<br \/>\nEasy to assemble: the outer package of the fireplace comes with installation and operating instructions for quick assembly, which helps to complete the installation in minutes.<br \/>\nHumanized design: The ring bar is to move the brazier safely when it is still at high surface temperature.<\/p>\n<p>Width x Height: 78 cm x 43 cm<br \/>\nWeight: 7 kg<\/p>","protected":false},"excerpt":{"rendered":"<p>Dise\u00f1o resistente y resistente al \u00f3xido: esta fogonero est\u00e1 hecha de acero grueso duradero y chapado con color cobre antiguo para resistencia al calor y&#8230;<\/p>","protected":false},"featured_media":43577,"comment_status":"closed","ping_status":"closed","template":"","meta":{"_acf_changed":false,"om_disable_all_campaigns":false,"_monsterinsights_skip_tracking":false,"_monsterinsights_sitenote_active":false,"_monsterinsights_sitenote_note":"","_monsterinsights_sitenote_category":0},"etheme_brands":[],"product_brand":[],"product_cat":[15],"product_tag":[203,234,224,312,5728,4965,587,1353,7509],"class_list":{"0":"post-43576","1":"product","2":"type-product","3":"status-publish","4":"has-post-thumbnail","6":"product_cat-asado","7":"product_tag-argentina","8":"product_tag-argentine","9":"product_tag-argentino","10":"product_tag-asado","11":"product_tag-fogonero","12":"product_tag-fuego","13":"product_tag-grill","14":"product_tag-parrilla","15":"product_tag-resistente","17":"first","18":"instock","19":"taxable","20":"shipping-taxable","21":"purchasable","22":"product-type-simple"},"acf":[],"aioseo_notices":[],"_links":{"self":[{"href":"https:\/\/www.argensend.com\/en\/wp-json\/wp\/v2\/product\/43576","targetHints":{"allow":["GET"]}}],"collection":[{"href":"https:\/\/www.argensend.com\/en\/wp-json\/wp\/v2\/product"}],"about":[{"href":"https:\/\/www.argensend.com\/en\/wp-json\/wp\/v2\/types\/product"}],"replies":[{"embeddable":true,"href":"https:\/\/www.argensend.com\/en\/wp-json\/wp\/v2\/comments?post=43576"}],"version-history":[{"count":2,"href":"https:\/\/www.argensend.com\/en\/wp-json\/wp\/v2\/product\/43576\/revisions"}],"predecessor-version":[{"id":101855,"href":"https:\/\/www.argensend.com\/en\/wp-json\/wp\/v2\/product\/43576\/revisions\/101855"}],"wp:featuredmedia":[{"embeddable":true,"href":"https:\/\/www.argensend.com\/en\/wp-json\/wp\/v2\/media\/43577"}],"wp:attachment":[{"href":"https:\/\/www.argensend.com\/en\/wp-json\/wp\/v2\/media?parent=43576"}],"wp:term":[{"taxonomy":"brand","embeddable":true,"href":"https:\/\/www.argensend.com\/en\/wp-json\/wp\/v2\/etheme_brands?post=43576"},{"taxonomy":"product_brand","embeddable":true,"href":"https:\/\/www.argensend.com\/en\/wp-json\/wp\/v2\/product_brand?post=43576"},{"taxonomy":"product_cat","embeddable":true,"href":"https:\/\/www.argensend.com\/en\/wp-json\/wp\/v2\/product_cat?post=43576"},{"taxonomy":"product_tag","embeddable":true,"href":"https:\/\/www.argensend.com\/en\/wp-json\/wp\/v2\/product_tag?post=43576"}],"curies":[{"name":"wp","href":"https:\/\/api.w.org\/{rel}","templated":true}]}}