{"id":43584,"date":"2022-02-17T12:57:59","date_gmt":"2022-02-17T15:57:59","guid":{"rendered":"https:\/\/www.argensend.com\/?post_type=product&#038;p=43584"},"modified":"2024-12-06T16:24:28","modified_gmt":"2024-12-06T19:24:28","slug":"parrilla-plegable-portatil-con-manija-asado-camping","status":"publish","type":"product","link":"https:\/\/www.argensend.com\/en\/product\/parrilla-plegable-portatil-con-manija-asado-camping\/","title":{"rendered":"Parrilla Plegable Portatil con Man\u00edja Asado Camping"},"content":{"rendered":"<p>PARRILLA PLEGABLE PORTATIL &#8211; IDEAL PARA CAMPING<br \/>\nMaterial Acero inoxidable<br \/>\nColor Plateado<br \/>\nPeso del art\u00edculo 1.6 Kilogramos<\/p>\n<p><strong>Sobre este art\u00edculo<\/strong><br \/>\nParrilla port\u00e1til para barbacoa: la parrilla de carb\u00f3n no solo tiene patas plegables, sino que tambi\u00e9n es peque\u00f1a, pesa solo 1.6 KG y es especialmente port\u00e1til. Las patas plegables se despliegan para apoyar la parrilla en un modo triangular para hacer que la parrilla sea m\u00e1s estable. Puedes poner una peque\u00f1a parrilla en el maletero y el jard\u00edn.<br \/>\n<strong>Materiales seguros:<\/strong> esta parrilla de barbacoa est\u00e1 hecha de acero inoxidable 430 que puede desempe\u00f1ar un papel de acero inoxidable, resistente al calor, no deformable, con las caracter\u00edsticas de seguridad, salud, humo no t\u00f3xico. Disfruta de la deliciosa carne asada<br \/>\n<strong>F\u00e1cil de usar<\/strong>: la parrilla de carb\u00f3n no requiere instalaci\u00f3n. Solo tienes que bajar las patas plegables para empezar a hacer la barbacoa. Tambi\u00e9n hay pulseras en ambos lados de la parrilla para un f\u00e1cil transporte. Est\u00e1 dise\u00f1ado con orificios de ventilaci\u00f3n en ambos extremos de la parrilla para que el flujo de aire se pueda controlar f\u00e1cilmente y el calor se distribuye uniformemente en la parrilla. Las rejillas de parrilla de barbacoa se pueden quitar limpias, muy convenientes, su cuadrado es de 43 X 29 centimetros. Adecuado para reuniones de 3 a 5 personas.<br \/>\n<strong>Te da una vida de ocio:<\/strong> con la parrilla de barbacoa de carb\u00f3n, puedes tener una deliciosa barbacoa ligera con tus familiares y amigos en el patio los fines de semana o vacaciones. Adem\u00e1s, puede ser una parrilla de camping, cuando est\u00e9s listo para acampar o picnics; puedes llevarlo f\u00e1cilmente fuera para barbacoa en cualquier momento. Imagen que se toma al sol y huele la fragancia carne asada en la playa. \u00a1Qu\u00e9 vida agradable!<br \/>\nS\u00faper perfecto para fiestas de barbacoa de 3 a 5 personas: el tama\u00f1o de la parrilla port\u00e1til es de 29x43x7,5 centimetros, si anhelas el sabor ahumado a la parrilla o disfrutas de ahumar carnes, la \u00fanica manera de lograr ambos es con esta sencilla parrilla de carb\u00f3n perfecta.<\/p>\n<p>\u2026\u2026\u2026\u2026\u2026\u2026\u2026\u2026\u2026\u2026\u2026\u2026\u2026\u2026\u2026\u2026\u2026\u2026\u2026\u2026\u2026\u2026\u2026\u2026\u2026\u2026\u2026\u2026\u2026\u2026\u2026\u2026\u2026\u2026\u2026\u2026\u2026\u2026\u2026\u2026\u2026\u2026\u2026\u2026\u2026\u2026\u2026\u2026\u2026\u2026\u2026\u2026\u2026\u2026\u2026\u2026\u2026\u2026\u2026<\/p>\n<p>PORTABLE FOLDING GRILL &#8211; IDEAL FOR CAMPING<br \/>\nMaterial Stainless steel<br \/>\nColor Silver<br \/>\nItem weight 1.6 Kilograms<\/p>\n<p>About this item<br \/>\n<strong>Portable barbecue grill:<\/strong> the charcoal grill not only has folding legs, but is also small, weighs only 1.6 KG and is especially portable. The folding legs fold out to support the grill in a triangular way to make the grill more stable. You can put a small grill in the trunk and garden.<br \/>\n<strong>Safe materials:<\/strong> this barbecue grill is made of 430 stainless steel which can play a role of stainless steel, heat-resistant, non-deformable, with the characteristics of safety, health, non-toxic smoke. Enjoy the delicious grilled meat<br \/>\n<strong>Easy to use:<\/strong> the charcoal grill requires no installation. Just lower the folding legs to start barbecuing. There are also wrist straps on both sides of the grill for easy carrying. It is designed with ventilation holes on both ends of the grill so that the airflow can be easily controlled and the heat is evenly distributed on the grill. The barbecue grill grates can be removed clean, very convenient, its square is 43 X 29 centimeters. Suitable for gatherings of 3 to 5 people.<br \/>\n<strong>It gives you a leisure life:<\/strong> with the charcoal barbecue grill, you can have a delicious light barbecue with your family and friends in the backyard on weekends or vacations. Besides, it can be a camping grill, when you are ready for camping or picnics; you can easily take it outside for barbecue anytime. Picture taking in the sun and smell the fragrance of grilled meat on the beach, what a nice life!<br \/>\nSuper perfect for barbecue parties of 3 to 5 people: the size of the portable grill is 29x43x7.5 centimeters, whether you crave smoky grilled flavor or enjoy smoking meats, the only way to achieve both is with this perfect simple charcoal grill.<\/p>","protected":false},"excerpt":{"rendered":"<p>PARRILLA PLEGABLE PORTATIL &#8211; IDEAL PARA CAMPING Material Acero inoxidable Color Plateado Peso del art\u00edculo 1.6 Kilogramos Sobre este art\u00edculo Parrilla port\u00e1til para barbacoa: la&#8230;<\/p>","protected":false},"featured_media":43585,"comment_status":"closed","ping_status":"closed","template":"","meta":{"_acf_changed":false,"om_disable_all_campaigns":false,"_monsterinsights_skip_tracking":false,"_monsterinsights_sitenote_active":false,"_monsterinsights_sitenote_note":"","_monsterinsights_sitenote_category":0},"etheme_brands":[],"product_brand":[],"product_cat":[3320,606],"product_tag":[5884,203,234,224,312,7514,4965,587,1353,7513,7509],"class_list":{"0":"post-43584","1":"product","2":"type-product","3":"status-publish","4":"has-post-thumbnail","6":"product_cat-cocina","7":"product_cat-cocina-deco-bazar","8":"product_tag-acero-inoxidable","9":"product_tag-argentina","10":"product_tag-argentine","11":"product_tag-argentino","12":"product_tag-asado","13":"product_tag-camping","14":"product_tag-fuego","15":"product_tag-grill","16":"product_tag-parrilla","17":"product_tag-portatil","18":"product_tag-resistente","20":"first","21":"instock","22":"taxable","23":"shipping-taxable","24":"purchasable","25":"product-type-simple"},"acf":[],"aioseo_notices":[],"_links":{"self":[{"href":"https:\/\/www.argensend.com\/en\/wp-json\/wp\/v2\/product\/43584","targetHints":{"allow":["GET"]}}],"collection":[{"href":"https:\/\/www.argensend.com\/en\/wp-json\/wp\/v2\/product"}],"about":[{"href":"https:\/\/www.argensend.com\/en\/wp-json\/wp\/v2\/types\/product"}],"replies":[{"embeddable":true,"href":"https:\/\/www.argensend.com\/en\/wp-json\/wp\/v2\/comments?post=43584"}],"version-history":[{"count":3,"href":"https:\/\/www.argensend.com\/en\/wp-json\/wp\/v2\/product\/43584\/revisions"}],"predecessor-version":[{"id":104184,"href":"https:\/\/www.argensend.com\/en\/wp-json\/wp\/v2\/product\/43584\/revisions\/104184"}],"wp:featuredmedia":[{"embeddable":true,"href":"https:\/\/www.argensend.com\/en\/wp-json\/wp\/v2\/media\/43585"}],"wp:attachment":[{"href":"https:\/\/www.argensend.com\/en\/wp-json\/wp\/v2\/media?parent=43584"}],"wp:term":[{"taxonomy":"brand","embeddable":true,"href":"https:\/\/www.argensend.com\/en\/wp-json\/wp\/v2\/etheme_brands?post=43584"},{"taxonomy":"product_brand","embeddable":true,"href":"https:\/\/www.argensend.com\/en\/wp-json\/wp\/v2\/product_brand?post=43584"},{"taxonomy":"product_cat","embeddable":true,"href":"https:\/\/www.argensend.com\/en\/wp-json\/wp\/v2\/product_cat?post=43584"},{"taxonomy":"product_tag","embeddable":true,"href":"https:\/\/www.argensend.com\/en\/wp-json\/wp\/v2\/product_tag?post=43584"}],"curies":[{"name":"wp","href":"https:\/\/api.w.org\/{rel}","templated":true}]}}