{"id":43588,"date":"2022-02-17T14:32:35","date_gmt":"2022-02-17T17:32:35","guid":{"rendered":"https:\/\/www.argensend.com\/?post_type=product&#038;p=43588"},"modified":"2024-12-06T16:24:28","modified_gmt":"2024-12-06T19:24:28","slug":"boca-juniors-pelota-adidas-original","status":"publish","type":"product","link":"https:\/\/www.argensend.com\/en\/product\/boca-juniors-pelota-adidas-original\/","title":{"rendered":"Boca Juniors &#8211; Pelota Adidas Original N\u00ba 5"},"content":{"rendered":"","protected":false},"excerpt":{"rendered":"<p>Si no pod\u00e9s desatar tus habilidades en la cancha de Boca Juniors entonces convert\u00ed el patio de tu casa en la Bombonera.<br \/>\nEl escudo que adorna el exterior de esta pelota de f\u00fatbol ADIDAS se encarga de mostrarle a todos a qu\u00e9 equipo apoy\u00e1s.<br \/>\nTama\u00f1o: N\u00ba5.<br \/>\nIMPORTANTE: El bal\u00f3n debe ser inflado con la presi\u00f3n que indica en el panel cercano a la v\u00e1lvula.<\/p>\n<p>EN: If you can&#8217;t unleash your skills on the Boca Juniors field, then turn your backyard into the Bombonera.<br \/>\nThe shield that adorns the outside of this ADIDAS soccer ball shows everyone which team you support.<br \/>\nSize: N\u00ba5.<br \/>\nIMPORTANT: The ball must be inflated with the pressure indicated on the panel near the valve.<\/p>","protected":false},"featured_media":61397,"comment_status":"closed","ping_status":"closed","template":"","meta":{"_acf_changed":false,"om_disable_all_campaigns":false,"_monsterinsights_skip_tracking":false,"_monsterinsights_sitenote_active":false,"_monsterinsights_sitenote_note":"","_monsterinsights_sitenote_category":0},"etheme_brands":[],"product_brand":[],"product_cat":[1025],"product_tag":[669,203,234,224,3313,1140,4703,1050,1979,1060],"class_list":{"0":"post-43588","1":"product","2":"type-product","3":"status-publish","4":"has-post-thumbnail","6":"product_cat-boca-juniors","7":"product_tag-adidas","8":"product_tag-argentina","9":"product_tag-argentine","10":"product_tag-argentino","11":"product_tag-ball","12":"product_tag-boca-juniors","13":"product_tag-bombonera","14":"product_tag-futbol","15":"product_tag-maradona","16":"product_tag-pelota","18":"first","19":"instock","20":"taxable","21":"shipping-taxable","22":"purchasable","23":"product-type-simple"},"acf":[],"aioseo_notices":[],"_links":{"self":[{"href":"https:\/\/www.argensend.com\/en\/wp-json\/wp\/v2\/product\/43588","targetHints":{"allow":["GET"]}}],"collection":[{"href":"https:\/\/www.argensend.com\/en\/wp-json\/wp\/v2\/product"}],"about":[{"href":"https:\/\/www.argensend.com\/en\/wp-json\/wp\/v2\/types\/product"}],"replies":[{"embeddable":true,"href":"https:\/\/www.argensend.com\/en\/wp-json\/wp\/v2\/comments?post=43588"}],"version-history":[{"count":4,"href":"https:\/\/www.argensend.com\/en\/wp-json\/wp\/v2\/product\/43588\/revisions"}],"predecessor-version":[{"id":98916,"href":"https:\/\/www.argensend.com\/en\/wp-json\/wp\/v2\/product\/43588\/revisions\/98916"}],"wp:featuredmedia":[{"embeddable":true,"href":"https:\/\/www.argensend.com\/en\/wp-json\/wp\/v2\/media\/61397"}],"wp:attachment":[{"href":"https:\/\/www.argensend.com\/en\/wp-json\/wp\/v2\/media?parent=43588"}],"wp:term":[{"taxonomy":"brand","embeddable":true,"href":"https:\/\/www.argensend.com\/en\/wp-json\/wp\/v2\/etheme_brands?post=43588"},{"taxonomy":"product_brand","embeddable":true,"href":"https:\/\/www.argensend.com\/en\/wp-json\/wp\/v2\/product_brand?post=43588"},{"taxonomy":"product_cat","embeddable":true,"href":"https:\/\/www.argensend.com\/en\/wp-json\/wp\/v2\/product_cat?post=43588"},{"taxonomy":"product_tag","embeddable":true,"href":"https:\/\/www.argensend.com\/en\/wp-json\/wp\/v2\/product_tag?post=43588"}],"curies":[{"name":"wp","href":"https:\/\/api.w.org\/{rel}","templated":true}]}}