{"id":46150,"date":"2022-02-25T09:26:30","date_gmt":"2022-02-25T12:26:30","guid":{"rendered":"https:\/\/www.argensend.com\/?post_type=product&#038;p=46150"},"modified":"2025-07-21T11:01:47","modified_gmt":"2025-07-21T14:01:47","slug":"biferdil-tratamiento-protector-termico-x-250-ml-thermal-protective-treatment-x-250ml","status":"publish","type":"product","link":"https:\/\/www.argensend.com\/en\/product\/biferdil-tratamiento-protector-termico-x-250-ml-thermal-protective-treatment-x-250ml\/","title":{"rendered":"Biferdil &#8211; Tratamiento Protector T\u00e9rmico 250ml"},"content":{"rendered":"","protected":false},"excerpt":{"rendered":"<p><strong>Descripci\u00f3n<\/strong><br \/>\nPor a\u00f1os los cabellos han sufrido los efectos negativos de las herramientas de peinado, especialmente el resecamiento producido por el uso continuo del secador. Biferdil cre\u00f3 el primer Protector T\u00e9rmico, logrando que el calor del secador y planchitas, trabaje provechosamente. Incluye una combinaci\u00f3n de prote\u00ednas hidrolizadas que, al ser expuestas al calor de las herramientas de peinado, act\u00faan reparando las \u00e1reas da\u00f1adas y las zonas m\u00e1s fr\u00e1giles de la fibra capilar. Ayuda a evitar la deshidrataci\u00f3n dejando el cabello d\u00f3cil y brillante.<\/p>\n<p><strong>Modo de Uso<\/strong><br \/>\nAplicar protector t\u00e9rmico sobre el cabello limpio, secado a toalla y luego distribuya cualquier otro producto que utilice para el peinado (gel, mousse, etc). Secar o modelar con la acci\u00f3n del calor.<\/p>\n<p>\u2026\u2026\u2026\u2026\u2026\u2026\u2026\u2026\u2026\u2026\u2026\u2026\u2026\u2026\u2026\u2026\u2026\u2026\u2026\u2026\u2026\u2026\u2026\u2026\u2026\u2026\u2026\u2026\u2026\u2026\u2026\u2026\u2026\u2026\u2026\u2026\u2026\u2026\u2026\u2026\u2026\u2026\u2026\u2026\u2026\u2026\u2026\u2026\u2026\u2026\u2026\u2026\u2026\u2026\u2026\u2026<\/p>\n<p><strong>Description<\/strong><br \/>\nFor years, hair has suffered the negative effects of styling tools, especially the drying produced by the continuous use of the hair dryer. Biferdil created the first Thermal Protector, making the heat from hair dryers and flat irons work to your advantage. It includes a combination of hydrolyzed proteins that, when exposed to the heat of the styling tools, act repairing the damaged areas and the most fragile zones of the hair fiber. Helps prevent dehydration, leaving hair soft and shiny.<\/p>\n<p><strong>How to use<\/strong><br \/>\nApply thermal protector on clean, towel-dried hair and then distribute any other styling products (gel, mousse, etc.). Dry or style with the action of heat.<\/p>","protected":false},"featured_media":78526,"comment_status":"closed","ping_status":"closed","template":"","meta":{"_acf_changed":false,"om_disable_all_campaigns":false,"_monsterinsights_skip_tracking":false,"_monsterinsights_sitenote_active":false,"_monsterinsights_sitenote_note":"","_monsterinsights_sitenote_category":0},"etheme_brands":[],"product_brand":[],"product_cat":[8820],"product_tag":[203,234,224,3246,1612,5425,7698,4663,4690,7697],"class_list":{"0":"post-46150","1":"product","2":"type-product","3":"status-publish","4":"has-post-thumbnail","6":"product_cat-jabones-y-shampoo","7":"product_tag-argentina","8":"product_tag-argentine","9":"product_tag-argentino","10":"product_tag-beauty","11":"product_tag-belleza","12":"product_tag-biferdil","13":"product_tag-cuidado-capilar","14":"product_tag-protector","15":"product_tag-termico","16":"product_tag-tratamiento","18":"first","19":"instock","20":"taxable","21":"shipping-taxable","22":"purchasable","23":"product-type-simple"},"acf":[],"aioseo_notices":[],"_links":{"self":[{"href":"https:\/\/www.argensend.com\/en\/wp-json\/wp\/v2\/product\/46150","targetHints":{"allow":["GET"]}}],"collection":[{"href":"https:\/\/www.argensend.com\/en\/wp-json\/wp\/v2\/product"}],"about":[{"href":"https:\/\/www.argensend.com\/en\/wp-json\/wp\/v2\/types\/product"}],"replies":[{"embeddable":true,"href":"https:\/\/www.argensend.com\/en\/wp-json\/wp\/v2\/comments?post=46150"}],"version-history":[{"count":5,"href":"https:\/\/www.argensend.com\/en\/wp-json\/wp\/v2\/product\/46150\/revisions"}],"predecessor-version":[{"id":103343,"href":"https:\/\/www.argensend.com\/en\/wp-json\/wp\/v2\/product\/46150\/revisions\/103343"}],"wp:featuredmedia":[{"embeddable":true,"href":"https:\/\/www.argensend.com\/en\/wp-json\/wp\/v2\/media\/78526"}],"wp:attachment":[{"href":"https:\/\/www.argensend.com\/en\/wp-json\/wp\/v2\/media?parent=46150"}],"wp:term":[{"taxonomy":"brand","embeddable":true,"href":"https:\/\/www.argensend.com\/en\/wp-json\/wp\/v2\/etheme_brands?post=46150"},{"taxonomy":"product_brand","embeddable":true,"href":"https:\/\/www.argensend.com\/en\/wp-json\/wp\/v2\/product_brand?post=46150"},{"taxonomy":"product_cat","embeddable":true,"href":"https:\/\/www.argensend.com\/en\/wp-json\/wp\/v2\/product_cat?post=46150"},{"taxonomy":"product_tag","embeddable":true,"href":"https:\/\/www.argensend.com\/en\/wp-json\/wp\/v2\/product_tag?post=46150"}],"curies":[{"name":"wp","href":"https:\/\/api.w.org\/{rel}","templated":true}]}}