{"id":46207,"date":"2022-02-25T16:48:01","date_gmt":"2022-02-25T19:48:01","guid":{"rendered":"https:\/\/www.argensend.com\/?post_type=product&#038;p=46207"},"modified":"2025-08-29T10:12:00","modified_gmt":"2025-08-29T13:12:00","slug":"penon-destileria-gin-american-dry-covent-473ml","status":"publish","type":"product","link":"https:\/\/www.argensend.com\/en\/product\/penon-destileria-gin-american-dry-covent-473ml\/","title":{"rendered":"Pe\u00f1\u00f3n Destiler\u00eda &#8211; Gin American Dry Covent 473ml"},"content":{"rendered":"","protected":false},"excerpt":{"rendered":"","protected":false},"featured_media":46208,"comment_status":"closed","ping_status":"closed","template":"","meta":{"_acf_changed":false,"om_disable_all_campaigns":false,"_monsterinsights_skip_tracking":false,"_monsterinsights_sitenote_active":false,"_monsterinsights_sitenote_note":"","_monsterinsights_sitenote_category":0},"etheme_brands":[],"product_brand":[],"product_cat":[2142],"product_tag":[7102,203,234,224,515,7725,7730,7729,3651,5477,349,7728,7139,3289],"class_list":{"0":"post-46207","1":"product","2":"type-product","3":"status-publish","4":"has-post-thumbnail","6":"product_cat-licores-bebidas-blancas","7":"product_tag-473-ml","8":"product_tag-argentina","9":"product_tag-argentine","10":"product_tag-argentino","11":"product_tag-bebida","12":"product_tag-bevegrage","13":"product_tag-covent","14":"product_tag-destileria","15":"product_tag-dry","16":"product_tag-gin","17":"product_tag-lata","18":"product_tag-penon-aguila","19":"product_tag-seco","20":"product_tag-tonic","22":"first","23":"instock","24":"taxable","25":"shipping-taxable","26":"purchasable","27":"product-type-simple"},"acf":[],"aioseo_notices":[],"_links":{"self":[{"href":"https:\/\/www.argensend.com\/en\/wp-json\/wp\/v2\/product\/46207","targetHints":{"allow":["GET"]}}],"collection":[{"href":"https:\/\/www.argensend.com\/en\/wp-json\/wp\/v2\/product"}],"about":[{"href":"https:\/\/www.argensend.com\/en\/wp-json\/wp\/v2\/types\/product"}],"replies":[{"embeddable":true,"href":"https:\/\/www.argensend.com\/en\/wp-json\/wp\/v2\/comments?post=46207"}],"version-history":[{"count":2,"href":"https:\/\/www.argensend.com\/en\/wp-json\/wp\/v2\/product\/46207\/revisions"}],"predecessor-version":[{"id":103363,"href":"https:\/\/www.argensend.com\/en\/wp-json\/wp\/v2\/product\/46207\/revisions\/103363"}],"wp:featuredmedia":[{"embeddable":true,"href":"https:\/\/www.argensend.com\/en\/wp-json\/wp\/v2\/media\/46208"}],"wp:attachment":[{"href":"https:\/\/www.argensend.com\/en\/wp-json\/wp\/v2\/media?parent=46207"}],"wp:term":[{"taxonomy":"brand","embeddable":true,"href":"https:\/\/www.argensend.com\/en\/wp-json\/wp\/v2\/etheme_brands?post=46207"},{"taxonomy":"product_brand","embeddable":true,"href":"https:\/\/www.argensend.com\/en\/wp-json\/wp\/v2\/product_brand?post=46207"},{"taxonomy":"product_cat","embeddable":true,"href":"https:\/\/www.argensend.com\/en\/wp-json\/wp\/v2\/product_cat?post=46207"},{"taxonomy":"product_tag","embeddable":true,"href":"https:\/\/www.argensend.com\/en\/wp-json\/wp\/v2\/product_tag?post=46207"}],"curies":[{"name":"wp","href":"https:\/\/api.w.org\/{rel}","templated":true}]}}