{"id":46281,"date":"2022-03-02T16:19:04","date_gmt":"2022-03-02T19:19:04","guid":{"rendered":"https:\/\/www.argensend.com\/?post_type=product&#038;p=46281"},"modified":"2024-12-06T16:25:18","modified_gmt":"2024-12-06T19:25:18","slug":"juego-de-mesa-teg-en-cartas-guerra-estrategico-board-game-teg-in-cards-strategic-warfare","status":"publish","type":"product","link":"https:\/\/www.argensend.com\/en\/product\/juego-de-mesa-teg-en-cartas-guerra-estrategico-board-game-teg-in-cards-strategic-warfare\/","title":{"rendered":"Yetem &#8211; Teg en Cartas Guerra Estrategico"},"content":{"rendered":"","protected":false},"excerpt":{"rendered":"<p>Tu juego preferido de estrategia ahora en versi\u00f3n cartas, f\u00e1cil de llevar a cualquier lugar. El primer jugador en cumplir su objetivo secreto o com\u00fan ser\u00e1 el vencedor. Edad recomendada: +10 a\u00f1os. N\u00famero de jugadores: 2 a 4. Duraci\u00f3n media de una partida: 30 minutos. Contenido de la caja: 21 cartas de OBJETIVOS SECRETOS, 40 cartas de TERRITORIOS, 16 cartas ESPECIALES, 56 cartas de DADOS, 4 cartas de TABLA DE CONTINENTES, 1 reglamento.<\/p>","protected":false},"featured_media":46282,"comment_status":"closed","ping_status":"closed","template":"","meta":{"_acf_changed":false,"om_disable_all_campaigns":false,"_monsterinsights_skip_tracking":false,"_monsterinsights_sitenote_active":false,"_monsterinsights_sitenote_note":"","_monsterinsights_sitenote_category":0},"etheme_brands":[],"product_brand":[],"product_cat":[2237],"product_tag":[],"class_list":{"0":"post-46281","1":"product","2":"type-product","3":"status-publish","4":"has-post-thumbnail","6":"product_cat-juegos-cartas","8":"first","9":"instock","10":"taxable","11":"shipping-taxable","12":"purchasable","13":"product-type-simple"},"acf":[],"aioseo_notices":[],"_links":{"self":[{"href":"https:\/\/www.argensend.com\/en\/wp-json\/wp\/v2\/product\/46281","targetHints":{"allow":["GET"]}}],"collection":[{"href":"https:\/\/www.argensend.com\/en\/wp-json\/wp\/v2\/product"}],"about":[{"href":"https:\/\/www.argensend.com\/en\/wp-json\/wp\/v2\/types\/product"}],"replies":[{"embeddable":true,"href":"https:\/\/www.argensend.com\/en\/wp-json\/wp\/v2\/comments?post=46281"}],"version-history":[{"count":5,"href":"https:\/\/www.argensend.com\/en\/wp-json\/wp\/v2\/product\/46281\/revisions"}],"predecessor-version":[{"id":115839,"href":"https:\/\/www.argensend.com\/en\/wp-json\/wp\/v2\/product\/46281\/revisions\/115839"}],"wp:featuredmedia":[{"embeddable":true,"href":"https:\/\/www.argensend.com\/en\/wp-json\/wp\/v2\/media\/46282"}],"wp:attachment":[{"href":"https:\/\/www.argensend.com\/en\/wp-json\/wp\/v2\/media?parent=46281"}],"wp:term":[{"taxonomy":"brand","embeddable":true,"href":"https:\/\/www.argensend.com\/en\/wp-json\/wp\/v2\/etheme_brands?post=46281"},{"taxonomy":"product_brand","embeddable":true,"href":"https:\/\/www.argensend.com\/en\/wp-json\/wp\/v2\/product_brand?post=46281"},{"taxonomy":"product_cat","embeddable":true,"href":"https:\/\/www.argensend.com\/en\/wp-json\/wp\/v2\/product_cat?post=46281"},{"taxonomy":"product_tag","embeddable":true,"href":"https:\/\/www.argensend.com\/en\/wp-json\/wp\/v2\/product_tag?post=46281"}],"curies":[{"name":"wp","href":"https:\/\/api.w.org\/{rel}","templated":true}]}}