{"id":47164,"date":"2022-03-21T09:55:19","date_gmt":"2022-03-21T12:55:19","guid":{"rendered":"https:\/\/www.argensend.com\/?post_type=product&#038;p=47164"},"modified":"2024-12-06T16:25:51","modified_gmt":"2024-12-06T19:25:51","slug":"isabel-allende-largo-petalo-de-mar-reading-book-long-sea-petal-by-isabel-allende","status":"publish","type":"product","link":"https:\/\/www.argensend.com\/en\/product\/isabel-allende-largo-petalo-de-mar-reading-book-long-sea-petal-by-isabel-allende\/","title":{"rendered":"Isabel Allende &#8211; Largo P\u00e9talo de Mar"},"content":{"rendered":"<p><strong>Sin\u00f3psis:<\/strong><br \/>\nEn plena Guerra Civil espa\u00f1ola, el joven m\u00e9dico V\u00edctor Dalmau, junto a su amiga pianista Roser Bruguera, se ven obligados a abandonar Barcelona, exiliarse y cruzar los Pirineos rumbo a Francia. A bordo del Winnipeg, un nav\u00edo fletado por el poeta Pablo Neruda que llev\u00f3 a m\u00e1s de dos mil espa\u00f1oles rumbo a Valpara\u00edso, embarcar\u00e1n en busca de la paz y la libertad que no tuvieron en su pa\u00eds. Recibidos como h\u00e9roes en Chile -ese \u00ablargo p\u00e9talo de mar y nieve\u00bb, en palabras del poeta chileno-, se integrar\u00e1n en la vida social del pa\u00eds durante varias d\u00e9cadas hasta el golpe de Estado que derroc\u00f3 al doctor Salvador Allende, amigo de Victor por su com\u00fan afici\u00f3n al ajedrez. V\u00edctor y Roser se encontrar\u00e1n nuevamente desarraigados, pero como dice la autora: \u00absi uno vive lo suficiente, todos los c\u00edrculos se cierran\u00bb. Un viaje a trav\u00e9s de la historia del siglo XX de la mano de unos personajes inolvidables que descubrir\u00e1n que en una sola vida caben muchas vidas y que, a veces, lo dif\u00edcil no es huir sino volver.<\/p>\n<p>\u2026\u2026\u2026\u2026\u2026\u2026\u2026\u2026\u2026\u2026\u2026\u2026\u2026\u2026\u2026\u2026\u2026\u2026\u2026\u2026\u2026\u2026\u2026\u2026\u2026\u2026\u2026\u2026\u2026\u2026\u2026\u2026\u2026\u2026\u2026<\/p>\n<p><strong>Synopsis:<br \/>\n<\/strong>In the midst of the Spanish Civil War, the young doctor V\u00edctor Dalmau, together with his pianist friend Roser Bruguera, are forced to leave Barcelona, go into exile and cross the Pyrenees to France. On board the Winnipeg, a ship chartered by the poet Pablo Neruda that took more than two thousand Spaniards to Valparaiso, they embark in search of the peace and freedom they did not have in their country. Received as heroes in Chile -that &#8220;long petal of sea and snow&#8221;, in the words of the Chilean poet-, they will be integrated into the social life of the country for several decades until the coup d&#8217;\u00e9tat that overthrew Dr. Salvador Allende, Victor&#8217;s friend because of their common love of chess. Victor and Roser will find themselves uprooted again, but as the author says: &#8220;if one lives long enough, all circles close&#8221;. A journey through the history of the twentieth century by the hand of some unforgettable characters who will discover that in a single life there are many lives and that, sometimes, the difficult thing is not to flee but to return.<\/p>","protected":false},"excerpt":{"rendered":"<p>Sin\u00f3psis: En plena Guerra Civil espa\u00f1ola, el joven m\u00e9dico V\u00edctor Dalmau, junto a su amiga pianista Roser Bruguera, se ven obligados a abandonar Barcelona, exiliarse&#8230;<\/p>","protected":false},"featured_media":47165,"comment_status":"closed","ping_status":"closed","template":"","meta":{"_acf_changed":false,"om_disable_all_campaigns":false,"_monsterinsights_skip_tracking":false,"_monsterinsights_sitenote_active":false,"_monsterinsights_sitenote_note":"","_monsterinsights_sitenote_category":0},"etheme_brands":[],"product_brand":[],"product_cat":[685],"product_tag":[203,234,224,8059,755,7561,856,8036,4725,752,8037,4726],"class_list":{"0":"post-47164","1":"product","2":"type-product","3":"status-publish","4":"has-post-thumbnail","6":"product_cat-libros","7":"product_tag-argentina","8":"product_tag-argentine","9":"product_tag-argentino","10":"product_tag-autora","11":"product_tag-book","12":"product_tag-chilena","13":"product_tag-isabel-allende","14":"product_tag-largo-petalo-de-mar","15":"product_tag-lectura","16":"product_tag-libro","17":"product_tag-long-sea-petal","18":"product_tag-reading","20":"first","21":"instock","22":"taxable","23":"shipping-taxable","24":"purchasable","25":"product-type-simple"},"acf":[],"aioseo_notices":[],"_links":{"self":[{"href":"https:\/\/www.argensend.com\/en\/wp-json\/wp\/v2\/product\/47164","targetHints":{"allow":["GET"]}}],"collection":[{"href":"https:\/\/www.argensend.com\/en\/wp-json\/wp\/v2\/product"}],"about":[{"href":"https:\/\/www.argensend.com\/en\/wp-json\/wp\/v2\/types\/product"}],"replies":[{"embeddable":true,"href":"https:\/\/www.argensend.com\/en\/wp-json\/wp\/v2\/comments?post=47164"}],"version-history":[{"count":2,"href":"https:\/\/www.argensend.com\/en\/wp-json\/wp\/v2\/product\/47164\/revisions"}],"predecessor-version":[{"id":102465,"href":"https:\/\/www.argensend.com\/en\/wp-json\/wp\/v2\/product\/47164\/revisions\/102465"}],"wp:featuredmedia":[{"embeddable":true,"href":"https:\/\/www.argensend.com\/en\/wp-json\/wp\/v2\/media\/47165"}],"wp:attachment":[{"href":"https:\/\/www.argensend.com\/en\/wp-json\/wp\/v2\/media?parent=47164"}],"wp:term":[{"taxonomy":"brand","embeddable":true,"href":"https:\/\/www.argensend.com\/en\/wp-json\/wp\/v2\/etheme_brands?post=47164"},{"taxonomy":"product_brand","embeddable":true,"href":"https:\/\/www.argensend.com\/en\/wp-json\/wp\/v2\/product_brand?post=47164"},{"taxonomy":"product_cat","embeddable":true,"href":"https:\/\/www.argensend.com\/en\/wp-json\/wp\/v2\/product_cat?post=47164"},{"taxonomy":"product_tag","embeddable":true,"href":"https:\/\/www.argensend.com\/en\/wp-json\/wp\/v2\/product_tag?post=47164"}],"curies":[{"name":"wp","href":"https:\/\/api.w.org\/{rel}","templated":true}]}}