{"id":47177,"date":"2022-03-21T10:20:21","date_gmt":"2022-03-21T13:20:21","guid":{"rendered":"https:\/\/www.argensend.com\/?post_type=product&#038;p=47177"},"modified":"2024-12-06T16:25:52","modified_gmt":"2024-12-06T19:25:52","slug":"isabel-allende-paula-reading-book-paula-by-isabel-allende","status":"publish","type":"product","link":"https:\/\/www.argensend.com\/en\/product\/isabel-allende-paula-reading-book-paula-by-isabel-allende\/","title":{"rendered":"Isabel Allende &#8211; Paula"},"content":{"rendered":"<p><strong>Sin\u00f3psis:<\/strong><br \/>\nCuando la gran autora chilena se encontraba en Espa\u00f1a con ocasi\u00f3n de la presentaci\u00f3n de El plan infinito, su hija entr\u00f3 en estado de coma. Junto al lecho de Paula, mientras segu\u00eda con angustia la evoluci\u00f3n de su enfermedad, Isabel Allende comenz\u00f3 a redactar en un cuaderno una historia de su familia y de s\u00ed misma con el prop\u00f3sito de regal\u00e1rsela a su hija una vez superara el dram\u00e1tico trance. Sin embargo, \u00e9ste se prolong\u00f3 durante meses y los apuntes de la autora acabaron convirti\u00e9ndose en este libro apasionante y revelador.<\/p>\n<p>Isabel Allende ejerce aqu\u00ed su prodigioso talento narrativo para recuperar y asumir sus propias vivencias como mujer y como escritora, as\u00ed como las de su familia y las de la historia reciente de su pa\u00eds. Autorretrato de ins\u00f3lita emotividad al tiempo que exquisita recreaci\u00f3n de la sensibilidad de las mujeres de nuestra \u00e9poca, Paula perdura en el \u00e1nimo del lector con la intensidad de una experiencia indeleble.<\/p>\n<p>\u2026\u2026\u2026\u2026\u2026\u2026\u2026\u2026\u2026\u2026\u2026\u2026\u2026\u2026\u2026\u2026\u2026\u2026\u2026\u2026\u2026\u2026\u2026\u2026\u2026\u2026\u2026\u2026\u2026\u2026\u2026\u2026\u2026\u2026\u2026<\/p>\n<p><strong>Synopsis:<br \/>\n<\/strong>When the great Chilean author was in Spain on the occasion of the presentation of The Infinite Plan, her daughter fell into a coma. At Paula&#8217;s bedside, as she anxiously followed the evolution of her illness, Isabel Allende began to write in a notebook a story of her family and herself with the intention of giving it to her daughter once she had overcome the dramatic trance. However, it dragged on for months and the author&#8217;s notes ended up becoming this passionate and revealing book.<\/p>\n<p>Isabel Allende exercises here her prodigious narrative talent to recover and assume her own experiences as a woman and as a writer, as well as those of her family and those of the recent history of her country. A self-portrait of unusual emotionality and at the same time an exquisite recreation of the sensibility of the women of our time, Paula lingers in the reader&#8217;s mind with the intensity of an indelible experience.<\/p>","protected":false},"excerpt":{"rendered":"<p>Sin\u00f3psis: Cuando la gran autora chilena se encontraba en Espa\u00f1a con ocasi\u00f3n de la presentaci\u00f3n de El plan infinito, su hija entr\u00f3 en estado de&#8230;<\/p>","protected":false},"featured_media":47178,"comment_status":"closed","ping_status":"closed","template":"","meta":{"_acf_changed":false,"om_disable_all_campaigns":false,"_monsterinsights_skip_tracking":false,"_monsterinsights_sitenote_active":false,"_monsterinsights_sitenote_note":"","_monsterinsights_sitenote_category":0},"etheme_brands":[],"product_brand":[],"product_cat":[685],"product_tag":[203,234,224,8059,755,7561,856,4725,752,8044,4726],"class_list":{"0":"post-47177","1":"product","2":"type-product","3":"status-publish","4":"has-post-thumbnail","6":"product_cat-libros","7":"product_tag-argentina","8":"product_tag-argentine","9":"product_tag-argentino","10":"product_tag-autora","11":"product_tag-book","12":"product_tag-chilena","13":"product_tag-isabel-allende","14":"product_tag-lectura","15":"product_tag-libro","16":"product_tag-paula","17":"product_tag-reading","19":"first","20":"instock","21":"taxable","22":"shipping-taxable","23":"purchasable","24":"product-type-simple"},"acf":[],"aioseo_notices":[],"_links":{"self":[{"href":"https:\/\/www.argensend.com\/en\/wp-json\/wp\/v2\/product\/47177","targetHints":{"allow":["GET"]}}],"collection":[{"href":"https:\/\/www.argensend.com\/en\/wp-json\/wp\/v2\/product"}],"about":[{"href":"https:\/\/www.argensend.com\/en\/wp-json\/wp\/v2\/types\/product"}],"replies":[{"embeddable":true,"href":"https:\/\/www.argensend.com\/en\/wp-json\/wp\/v2\/comments?post=47177"}],"version-history":[{"count":1,"href":"https:\/\/www.argensend.com\/en\/wp-json\/wp\/v2\/product\/47177\/revisions"}],"predecessor-version":[{"id":71035,"href":"https:\/\/www.argensend.com\/en\/wp-json\/wp\/v2\/product\/47177\/revisions\/71035"}],"wp:featuredmedia":[{"embeddable":true,"href":"https:\/\/www.argensend.com\/en\/wp-json\/wp\/v2\/media\/47178"}],"wp:attachment":[{"href":"https:\/\/www.argensend.com\/en\/wp-json\/wp\/v2\/media?parent=47177"}],"wp:term":[{"taxonomy":"brand","embeddable":true,"href":"https:\/\/www.argensend.com\/en\/wp-json\/wp\/v2\/etheme_brands?post=47177"},{"taxonomy":"product_brand","embeddable":true,"href":"https:\/\/www.argensend.com\/en\/wp-json\/wp\/v2\/product_brand?post=47177"},{"taxonomy":"product_cat","embeddable":true,"href":"https:\/\/www.argensend.com\/en\/wp-json\/wp\/v2\/product_cat?post=47177"},{"taxonomy":"product_tag","embeddable":true,"href":"https:\/\/www.argensend.com\/en\/wp-json\/wp\/v2\/product_tag?post=47177"}],"curies":[{"name":"wp","href":"https:\/\/api.w.org\/{rel}","templated":true}]}}