{"id":47180,"date":"2022-03-21T10:27:15","date_gmt":"2022-03-21T13:27:15","guid":{"rendered":"https:\/\/www.argensend.com\/?post_type=product&#038;p=47180"},"modified":"2024-12-06T16:25:52","modified_gmt":"2024-12-06T19:25:52","slug":"isabel-allende-el-amante-japones-reading-book-the-japanese-lover-by-isabel-allende","status":"publish","type":"product","link":"https:\/\/www.argensend.com\/en\/product\/isabel-allende-el-amante-japones-reading-book-the-japanese-lover-by-isabel-allende\/","title":{"rendered":"Isabel Allende &#8211; El Amante Japon\u00e9s"},"content":{"rendered":"<p><strong>Sin\u00f3psis:<\/strong><br \/>\nLa historia de amor entre la joven Alma Velasco y el jardinero japones Ichimei conduce al lector por un recorrido a traves de diversos escenarios que van desde la Polonia de la Segunda Guerra Mundial hasta el San Francisco de nuestros d\u00edas.<\/p>\n<p>&#8220;A los veintid\u00f3s a\u00f1os, sospechando que ten\u00edan el tiempo contado, Ichimei y Alma se atragantaron de amor para consumirlo entero, pero mientras m\u00e1s intentaban agotarlo, m\u00e1s imprudente era el deseo, y quien diga que todo fuego se apaga solo tarde o temprano, se equivoca: hay pasiones que son incendios hasta que las ahoga el destino de un zarpazo y aun as\u00ed quedan brasas calientes listas para arder apenas se les da ox\u00edgeno.&#8221;<\/p>\n<p>\u2026\u2026\u2026\u2026\u2026\u2026\u2026\u2026\u2026\u2026\u2026\u2026\u2026\u2026\u2026\u2026\u2026\u2026\u2026\u2026\u2026\u2026\u2026\u2026\u2026\u2026\u2026\u2026\u2026\u2026\u2026\u2026\u2026\u2026\u2026<\/p>\n<p><strong>Synopsis:<br \/>\n<\/strong>The love story between young Alma Velasco and Japanese gardener Ichimei takes the reader on a journey through diverse settings ranging from World War II Poland to modern-day San Francisco.<\/p>\n<p>&#8220;At the age of twenty-two, suspecting that they had their time counted, Ichimei and Alma choked on love to consume it all, but the more they tried to exhaust it, the more reckless the desire became, and whoever says that every fire extinguishes itself sooner or later, is wrong: there are passions that are fires until they are drowned by fate with one swipe and even then hot embers remain ready to burn as soon as they are given oxygen.&#8221;<\/p>\n<p><strong>\u00a0<\/strong><\/p>","protected":false},"excerpt":{"rendered":"<p>Sin\u00f3psis: La historia de amor entre la joven Alma Velasco y el jardinero japones Ichimei conduce al lector por un recorrido a traves de diversos&#8230;<\/p>","protected":false},"featured_media":47181,"comment_status":"closed","ping_status":"closed","template":"","meta":{"_acf_changed":false,"om_disable_all_campaigns":false,"_monsterinsights_skip_tracking":false,"_monsterinsights_sitenote_active":false,"_monsterinsights_sitenote_note":"","_monsterinsights_sitenote_category":0},"etheme_brands":[],"product_brand":[],"product_cat":[685],"product_tag":[203,234,224,8059,755,7561,8045,856,4725,752,4726,8046],"class_list":{"0":"post-47180","1":"product","2":"type-product","3":"status-publish","4":"has-post-thumbnail","6":"product_cat-libros","7":"product_tag-argentina","8":"product_tag-argentine","9":"product_tag-argentino","10":"product_tag-autora","11":"product_tag-book","12":"product_tag-chilena","13":"product_tag-el-amante-japones","14":"product_tag-isabel-allende","15":"product_tag-lectura","16":"product_tag-libro","17":"product_tag-reading","18":"product_tag-the-japanese-lover","20":"first","21":"instock","22":"taxable","23":"shipping-taxable","24":"purchasable","25":"product-type-simple"},"acf":[],"aioseo_notices":[],"_links":{"self":[{"href":"https:\/\/www.argensend.com\/en\/wp-json\/wp\/v2\/product\/47180","targetHints":{"allow":["GET"]}}],"collection":[{"href":"https:\/\/www.argensend.com\/en\/wp-json\/wp\/v2\/product"}],"about":[{"href":"https:\/\/www.argensend.com\/en\/wp-json\/wp\/v2\/types\/product"}],"replies":[{"embeddable":true,"href":"https:\/\/www.argensend.com\/en\/wp-json\/wp\/v2\/comments?post=47180"}],"version-history":[{"count":3,"href":"https:\/\/www.argensend.com\/en\/wp-json\/wp\/v2\/product\/47180\/revisions"}],"predecessor-version":[{"id":113992,"href":"https:\/\/www.argensend.com\/en\/wp-json\/wp\/v2\/product\/47180\/revisions\/113992"}],"wp:featuredmedia":[{"embeddable":true,"href":"https:\/\/www.argensend.com\/en\/wp-json\/wp\/v2\/media\/47181"}],"wp:attachment":[{"href":"https:\/\/www.argensend.com\/en\/wp-json\/wp\/v2\/media?parent=47180"}],"wp:term":[{"taxonomy":"brand","embeddable":true,"href":"https:\/\/www.argensend.com\/en\/wp-json\/wp\/v2\/etheme_brands?post=47180"},{"taxonomy":"product_brand","embeddable":true,"href":"https:\/\/www.argensend.com\/en\/wp-json\/wp\/v2\/product_brand?post=47180"},{"taxonomy":"product_cat","embeddable":true,"href":"https:\/\/www.argensend.com\/en\/wp-json\/wp\/v2\/product_cat?post=47180"},{"taxonomy":"product_tag","embeddable":true,"href":"https:\/\/www.argensend.com\/en\/wp-json\/wp\/v2\/product_tag?post=47180"}],"curies":[{"name":"wp","href":"https:\/\/api.w.org\/{rel}","templated":true}]}}