{"id":47182,"date":"2022-03-21T10:33:36","date_gmt":"2022-03-21T13:33:36","guid":{"rendered":"https:\/\/www.argensend.com\/?post_type=product&#038;p=47182"},"modified":"2024-12-06T16:25:52","modified_gmt":"2024-12-06T19:25:52","slug":"isabel-allende-la-ciudad-de-las-bestias-reading-book-the-city-of-beasts-by-isabel-allende","status":"publish","type":"product","link":"https:\/\/www.argensend.com\/en\/product\/isabel-allende-la-ciudad-de-las-bestias-reading-book-the-city-of-beasts-by-isabel-allende\/","title":{"rendered":"Isabel Allende &#8211; La Ciudad de las Bestias"},"content":{"rendered":"<p><strong>Sin\u00f3psis:<br \/>\n<\/strong>El primero de una serie de tres libros para j\u00f3venes adultos (le siguen Reino del Drag\u00f3n de Oro y El Bosque de los Pigmeos), La Ciudad de las Bestias se caracteriza por su aventura extrema y por el realismo m\u00e1gico. Cuando su madre se enferma, Alexander Cold, a los quince a\u00f1os de edad, es enviado a reunirse con su valiente y severa abuela, una periodista de la revista International Geographic, en una expedici\u00f3n al peligroso y remoto mundo del Amazonas. Su misi\u00f3n, junto con los dem\u00e1s de su equipo, incluyendo un c\u00e9lebre antrop\u00f3logo; un gu\u00eda local y su peque\u00f1a hija Nadia; y un m\u00e9dico, es documentar al legendario Yeti del Amazonas, conocido como la Bestia.<\/p>\n<p>Bajo el denso follaje de los \u00e1rboles selv\u00e1ticos, Alexander se sorprende al descubrir mucho m\u00e1s de lo que podr\u00eda haber imaginado acerca de los mundos ocultos de la selva tropical y sobre la naturaleza de los humanos. Utilizando la fuerza del jaguar, el animal tot\u00e9mico que Alexander encuentra dentro de s\u00ed mismo, y el \u00e1guila, gu\u00eda del esp\u00edritu de Nadia, los dos j\u00f3venes son guiados por el Pueblo de la Gente de la Neblina, un grupo ind\u00edgena que pose\u00e9 tanta armon\u00eda con su entorno, que pueden, literalmente, desaparecer, a un viaje emocionante e inolvidable al asombroso y vasto coraz\u00f3n del Amazonas.<\/p>\n<p>\u2026\u2026\u2026\u2026\u2026\u2026\u2026\u2026\u2026\u2026\u2026\u2026\u2026\u2026\u2026\u2026\u2026\u2026\u2026\u2026\u2026\u2026\u2026\u2026\u2026\u2026\u2026\u2026\u2026\u2026\u2026\u2026\u2026\u2026\u2026<\/p>\n<p><strong>Synopsis:<br \/>\n<\/strong>The first in a series of three books for young adults (Kingdom of the Golden Dragon and The Pygmy Forest follow), The City of Beasts is characterized by extreme adventure and magical realism. When his mother falls ill, fifteen-year-old Alexander Cold is sent to join his brave and stern grandmother, a journalist for International Geographic magazine, on an expedition to the dangerous and remote world of the Amazon. His mission, along with the others on his team, including a celebrated anthropologist; a local guide and his young daughter Nadia; and a doctor, is to document the legendary Yeti of the Amazon, known as the Beast.<\/p>\n<p>Under the dense foliage of the jungle trees, Alexander is surprised to discover much more than he could have imagined about the hidden worlds of the rainforest and about the nature of humans. Using the strength of the jaguar, the totemic animal Alexander finds within himself, and the eagle, Nadia&#8217;s spirit guide, the two young people are led by the Pueblo of the People of the Mist, an indigenous group who are so in harmony with their environment that they can literally disappear, on an exciting and unforgettable journey into the amazing and vast heart of the Amazon.<\/p>\n<p><strong>\u00a0<\/strong><\/p>","protected":false},"excerpt":{"rendered":"<p>Sin\u00f3psis: El primero de una serie de tres libros para j\u00f3venes adultos (le siguen Reino del Drag\u00f3n de Oro y El Bosque de los Pigmeos),&#8230;<\/p>","protected":false},"featured_media":47183,"comment_status":"closed","ping_status":"closed","template":"","meta":{"_acf_changed":false,"om_disable_all_campaigns":false,"_monsterinsights_skip_tracking":false,"_monsterinsights_sitenote_active":false,"_monsterinsights_sitenote_note":"","_monsterinsights_sitenote_category":0},"etheme_brands":[],"product_brand":[],"product_cat":[685],"product_tag":[203,234,224,8059,755,7561,856,8047,4725,752,4726,8048],"class_list":{"0":"post-47182","1":"product","2":"type-product","3":"status-publish","4":"has-post-thumbnail","6":"product_cat-libros","7":"product_tag-argentina","8":"product_tag-argentine","9":"product_tag-argentino","10":"product_tag-autora","11":"product_tag-book","12":"product_tag-chilena","13":"product_tag-isabel-allende","14":"product_tag-la-ciudad-de-las-bestias","15":"product_tag-lectura","16":"product_tag-libro","17":"product_tag-reading","18":"product_tag-the-city-of-beasts","20":"first","21":"instock","22":"taxable","23":"shipping-taxable","24":"purchasable","25":"product-type-simple"},"acf":[],"aioseo_notices":[],"_links":{"self":[{"href":"https:\/\/www.argensend.com\/en\/wp-json\/wp\/v2\/product\/47182","targetHints":{"allow":["GET"]}}],"collection":[{"href":"https:\/\/www.argensend.com\/en\/wp-json\/wp\/v2\/product"}],"about":[{"href":"https:\/\/www.argensend.com\/en\/wp-json\/wp\/v2\/types\/product"}],"replies":[{"embeddable":true,"href":"https:\/\/www.argensend.com\/en\/wp-json\/wp\/v2\/comments?post=47182"}],"version-history":[{"count":4,"href":"https:\/\/www.argensend.com\/en\/wp-json\/wp\/v2\/product\/47182\/revisions"}],"predecessor-version":[{"id":113991,"href":"https:\/\/www.argensend.com\/en\/wp-json\/wp\/v2\/product\/47182\/revisions\/113991"}],"wp:featuredmedia":[{"embeddable":true,"href":"https:\/\/www.argensend.com\/en\/wp-json\/wp\/v2\/media\/47183"}],"wp:attachment":[{"href":"https:\/\/www.argensend.com\/en\/wp-json\/wp\/v2\/media?parent=47182"}],"wp:term":[{"taxonomy":"brand","embeddable":true,"href":"https:\/\/www.argensend.com\/en\/wp-json\/wp\/v2\/etheme_brands?post=47182"},{"taxonomy":"product_brand","embeddable":true,"href":"https:\/\/www.argensend.com\/en\/wp-json\/wp\/v2\/product_brand?post=47182"},{"taxonomy":"product_cat","embeddable":true,"href":"https:\/\/www.argensend.com\/en\/wp-json\/wp\/v2\/product_cat?post=47182"},{"taxonomy":"product_tag","embeddable":true,"href":"https:\/\/www.argensend.com\/en\/wp-json\/wp\/v2\/product_tag?post=47182"}],"curies":[{"name":"wp","href":"https:\/\/api.w.org\/{rel}","templated":true}]}}