{"id":47184,"date":"2022-03-21T10:41:27","date_gmt":"2022-03-21T13:41:27","guid":{"rendered":"https:\/\/www.argensend.com\/?post_type=product&#038;p=47184"},"modified":"2024-12-06T16:25:53","modified_gmt":"2024-12-06T19:25:53","slug":"isabel-allende-el-reino-del-dragon-de-oro-reading-book-the-kingdom-of-the-golden-dragon-by-isabel-allende","status":"publish","type":"product","link":"https:\/\/www.argensend.com\/en\/product\/isabel-allende-el-reino-del-dragon-de-oro-reading-book-the-kingdom-of-the-golden-dragon-by-isabel-allende\/","title":{"rendered":"Isabel Allende &#8211; el Reino Del Drag\u00f3n de Oro"},"content":{"rendered":"<p><strong>Sin\u00f3psis:<br \/>\n<\/strong>Apenas unos meses han pasado desde que el joven Alexander Cold sigui\u00f3 a su audaz abuela al coraz\u00f3n del Amazonas para descubrir su bestia legendaria. En esta ocasi\u00f3n, la reportera Kate Cold acompa\u00f1a a su nieto y a su mejor amiga, Nadia, junto con los fot\u00f3grafos de International Geographic, a hacer un viaje a otro lugar remoto del mundo. En un vedado estado independiente enclavado entre las cumbres heladas de los Himalayas, la tarea del equipo consiste en localizar a su legendario Drag\u00f3n de Oro, una estatua sagrada y un or\u00e1culo invaluable que puede predecir el futuro del reino.<\/p>\n<p>En su lucha para llegar a la estatua antes de que sea destruida por la avaricia de un intruso, Alexander y Nadia deben usar el poder trascendente de los esp\u00edritus de animales tot\u00e9micos, Jaguar y \u00c1guila. Con la ayuda de un sabio monje budista, su joven disc\u00edpulo de la realeza, y una feroz tribu de guerreros Yeti, Alexander y Nadia luchan para proteger la sagrada doctrina del Drag\u00f3n de Oro.<\/p>\n<p>\u2026\u2026\u2026\u2026\u2026\u2026\u2026\u2026\u2026\u2026\u2026\u2026\u2026\u2026\u2026\u2026\u2026\u2026\u2026\u2026\u2026\u2026\u2026\u2026\u2026\u2026\u2026\u2026\u2026\u2026\u2026\u2026\u2026\u2026\u2026<\/p>\n<p><strong>Synopsis:<br \/>\n<\/strong>Just a few months have passed since young Alexander Cold followed his daring grandmother into the heart of the Amazon to discover her legendary beast. This time, reporter Kate Cold accompanies her grandson and his best friend, Nadia, along with International Geographic photographers, on a journey to another remote part of the world. In a remote independent state nestled among the icy peaks of the Himalayas, the team&#8217;s task is to locate their legendary Golden Dragon, a sacred statue and priceless oracle that can foretell the future of the kingdom.<\/p>\n<p>In their struggle to reach the statue before it is destroyed by the greed of an intruder, Alexander and Nadia must harness the transcendent power of the totemic animal spirits, Jaguar and Eagle. With the help of a wise Buddhist monk, his young royal disciple, and a fierce tribe of Yeti warriors, Alexander and Nadia fight to protect the sacred doctrine of the Golden Dragon.<\/p>","protected":false},"excerpt":{"rendered":"<p>Sin\u00f3psis: Apenas unos meses han pasado desde que el joven Alexander Cold sigui\u00f3 a su audaz abuela al coraz\u00f3n del Amazonas para descubrir su bestia&#8230;<\/p>","protected":false},"featured_media":47185,"comment_status":"closed","ping_status":"closed","template":"","meta":{"_acf_changed":false,"om_disable_all_campaigns":false,"_monsterinsights_skip_tracking":false,"_monsterinsights_sitenote_active":false,"_monsterinsights_sitenote_note":"","_monsterinsights_sitenote_category":0},"etheme_brands":[],"product_brand":[],"product_cat":[685],"product_tag":[203,234,224,8059,755,7561,8049,856,4725,752,4726,8050],"class_list":{"0":"post-47184","1":"product","2":"type-product","3":"status-publish","4":"has-post-thumbnail","6":"product_cat-libros","7":"product_tag-argentina","8":"product_tag-argentine","9":"product_tag-argentino","10":"product_tag-autora","11":"product_tag-book","12":"product_tag-chilena","13":"product_tag-el-reino-del-dragon-de-oro","14":"product_tag-isabel-allende","15":"product_tag-lectura","16":"product_tag-libro","17":"product_tag-reading","18":"product_tag-the-kingdom-of-the-golden-dragon","20":"first","21":"instock","22":"taxable","23":"shipping-taxable","24":"purchasable","25":"product-type-simple"},"acf":[],"aioseo_notices":[],"_links":{"self":[{"href":"https:\/\/www.argensend.com\/en\/wp-json\/wp\/v2\/product\/47184","targetHints":{"allow":["GET"]}}],"collection":[{"href":"https:\/\/www.argensend.com\/en\/wp-json\/wp\/v2\/product"}],"about":[{"href":"https:\/\/www.argensend.com\/en\/wp-json\/wp\/v2\/types\/product"}],"replies":[{"embeddable":true,"href":"https:\/\/www.argensend.com\/en\/wp-json\/wp\/v2\/comments?post=47184"}],"version-history":[{"count":3,"href":"https:\/\/www.argensend.com\/en\/wp-json\/wp\/v2\/product\/47184\/revisions"}],"predecessor-version":[{"id":107204,"href":"https:\/\/www.argensend.com\/en\/wp-json\/wp\/v2\/product\/47184\/revisions\/107204"}],"wp:featuredmedia":[{"embeddable":true,"href":"https:\/\/www.argensend.com\/en\/wp-json\/wp\/v2\/media\/47185"}],"wp:attachment":[{"href":"https:\/\/www.argensend.com\/en\/wp-json\/wp\/v2\/media?parent=47184"}],"wp:term":[{"taxonomy":"brand","embeddable":true,"href":"https:\/\/www.argensend.com\/en\/wp-json\/wp\/v2\/etheme_brands?post=47184"},{"taxonomy":"product_brand","embeddable":true,"href":"https:\/\/www.argensend.com\/en\/wp-json\/wp\/v2\/product_brand?post=47184"},{"taxonomy":"product_cat","embeddable":true,"href":"https:\/\/www.argensend.com\/en\/wp-json\/wp\/v2\/product_cat?post=47184"},{"taxonomy":"product_tag","embeddable":true,"href":"https:\/\/www.argensend.com\/en\/wp-json\/wp\/v2\/product_tag?post=47184"}],"curies":[{"name":"wp","href":"https:\/\/api.w.org\/{rel}","templated":true}]}}