{"id":47188,"date":"2022-03-21T10:46:26","date_gmt":"2022-03-21T13:46:26","guid":{"rendered":"https:\/\/www.argensend.com\/?post_type=product&#038;p=47188"},"modified":"2024-12-06T16:25:53","modified_gmt":"2024-12-06T19:25:53","slug":"isabel-allende-el-bosque-de-los-pigmeos-reading-book-the-pygmy-forest-by-isabel-allende","status":"publish","type":"product","link":"https:\/\/www.argensend.com\/en\/product\/isabel-allende-el-bosque-de-los-pigmeos-reading-book-the-pygmy-forest-by-isabel-allende\/","title":{"rendered":"Isabel Allende &#8211; el Bosque de Los Pigmeos"},"content":{"rendered":"<p><strong>Sin\u00f3psis:<br \/>\n<\/strong>Alexander Cold sabe muy bien que su abuela Kate siempre est\u00e1 dispuesta a embarcarse en una aventura. Cuando la International Geographic, le encomienda que escriba un art\u00edculo sobre los primeros safaris realizados con elefantes en \u00c1frica, se dirigen con Nadia Santos y el equipo de fotografi\u00e1 de la revista, a la ardiente y roja llanura de Kenia. Unos d\u00edas despu\u00e9s de comenzar la gira, un misionero cat\u00f3lico se acerca a su campamento en busca de sus compa\u00f1eros, quienes han desaparecido misteriosamente. Kate, Alexander, Nadia, y su equipo se ponen de acuerdo para ayudar con el rescate, contando con la ayuda de un piloto de la zona para llevarlos a los bosques pantanosos de Ngoub\u00e9. All\u00ed descubren una tribu de pigmeos que revela un mundo duro y sorprendente de corrupci\u00f3n, esclavitud, y caza furtiva.<\/p>\n<p>Alexander y Nadia llaman a las fuerzas m\u00e1gicas de Jaguar y \u00c1guila, sus esp\u00edritus de animales tot\u00e9micos, mientras lanzan una lucha espectacular y precaria para restaurar la libertad y regresar el liderazgo a los que le corresponde.<\/p>\n<p>\u2026\u2026\u2026\u2026\u2026\u2026\u2026\u2026\u2026\u2026\u2026\u2026\u2026\u2026\u2026\u2026\u2026\u2026\u2026\u2026\u2026\u2026\u2026\u2026\u2026\u2026\u2026\u2026\u2026\u2026\u2026\u2026\u2026\u2026\u2026<\/p>\n<p><strong>Synopsis:<br \/>\n<\/strong>Alexander Cold knows that his grandmother Kate is always up for an adventure. When International Geographic commissions him to write an article about the first elephant safaris in Africa, they head out with Nadia Santos and the magazine&#8217;s photography team to the fiery red plains of Kenya. A few days into the tour, a Catholic missionary comes to their camp in search of his companions, who have mysteriously disappeared. Kate, Alexander, Nadia, and their team agree to help with the rescue, enlisting the help of a local pilot to take them to the swampy forests of Ngoub\u00e9. There they discover a tribe of pygmies that reveals a harsh and surprising world of corruption, slavery, and poaching.<\/p>\n<p>Alexander and Nadia call upon the magical forces of Jaguar and Eagle, their totemic animal spirits, as they launch a spectacular and precarious struggle to restore freedom and return leadership to those to whom it belongs.<\/p>","protected":false},"excerpt":{"rendered":"<p>Sin\u00f3psis: Alexander Cold sabe muy bien que su abuela Kate siempre est\u00e1 dispuesta a embarcarse en una aventura. Cuando la International Geographic, le encomienda que&#8230;<\/p>","protected":false},"featured_media":47189,"comment_status":"closed","ping_status":"closed","template":"","meta":{"_acf_changed":false,"om_disable_all_campaigns":false,"_monsterinsights_skip_tracking":false,"_monsterinsights_sitenote_active":false,"_monsterinsights_sitenote_note":"","_monsterinsights_sitenote_category":0},"etheme_brands":[],"product_brand":[],"product_cat":[685],"product_tag":[203,234,224,8059,755,7561,8051,856,4725,752,4726,8052],"class_list":{"0":"post-47188","1":"product","2":"type-product","3":"status-publish","4":"has-post-thumbnail","6":"product_cat-libros","7":"product_tag-argentina","8":"product_tag-argentine","9":"product_tag-argentino","10":"product_tag-autora","11":"product_tag-book","12":"product_tag-chilena","13":"product_tag-el-bosque-de-los-pigmeos","14":"product_tag-isabel-allende","15":"product_tag-lectura","16":"product_tag-libro","17":"product_tag-reading","18":"product_tag-the-pygmy-forest","20":"first","21":"instock","22":"taxable","23":"shipping-taxable","24":"purchasable","25":"product-type-simple"},"acf":[],"aioseo_notices":[],"_links":{"self":[{"href":"https:\/\/www.argensend.com\/en\/wp-json\/wp\/v2\/product\/47188","targetHints":{"allow":["GET"]}}],"collection":[{"href":"https:\/\/www.argensend.com\/en\/wp-json\/wp\/v2\/product"}],"about":[{"href":"https:\/\/www.argensend.com\/en\/wp-json\/wp\/v2\/types\/product"}],"replies":[{"embeddable":true,"href":"https:\/\/www.argensend.com\/en\/wp-json\/wp\/v2\/comments?post=47188"}],"version-history":[{"count":3,"href":"https:\/\/www.argensend.com\/en\/wp-json\/wp\/v2\/product\/47188\/revisions"}],"predecessor-version":[{"id":107203,"href":"https:\/\/www.argensend.com\/en\/wp-json\/wp\/v2\/product\/47188\/revisions\/107203"}],"wp:featuredmedia":[{"embeddable":true,"href":"https:\/\/www.argensend.com\/en\/wp-json\/wp\/v2\/media\/47189"}],"wp:attachment":[{"href":"https:\/\/www.argensend.com\/en\/wp-json\/wp\/v2\/media?parent=47188"}],"wp:term":[{"taxonomy":"brand","embeddable":true,"href":"https:\/\/www.argensend.com\/en\/wp-json\/wp\/v2\/etheme_brands?post=47188"},{"taxonomy":"product_brand","embeddable":true,"href":"https:\/\/www.argensend.com\/en\/wp-json\/wp\/v2\/product_brand?post=47188"},{"taxonomy":"product_cat","embeddable":true,"href":"https:\/\/www.argensend.com\/en\/wp-json\/wp\/v2\/product_cat?post=47188"},{"taxonomy":"product_tag","embeddable":true,"href":"https:\/\/www.argensend.com\/en\/wp-json\/wp\/v2\/product_tag?post=47188"}],"curies":[{"name":"wp","href":"https:\/\/api.w.org\/{rel}","templated":true}]}}