{"id":47480,"date":"2022-03-29T13:23:38","date_gmt":"2022-03-29T16:23:38","guid":{"rendered":"https:\/\/www.argensend.com\/?post_type=product&#038;p=47480"},"modified":"2025-04-21T17:06:55","modified_gmt":"2025-04-21T20:06:55","slug":"mayov-mayonesa-suave-vegana-de-zanahoria-270-gr","status":"publish","type":"product","link":"https:\/\/www.argensend.com\/en\/product\/mayov-mayonesa-suave-vegana-de-zanahoria-270-gr\/","title":{"rendered":"Mayov &#8211; Mayonesa Suave Vegana de Zanahoria 270gr"},"content":{"rendered":"<p>Mayonesa suave vegana elaborada con legumbres, aceite de girasol, un poquito se sal y jugo de lim\u00f3n. Sin huevo, sin leche, 100% vegana y sana. Con zanahorias frescas.<\/p>\n<p>Apto Vegano<\/p>\n<p>Ingredientes: aceite de girasol, agua, garbanzo, porotos, zanahoria, mostaza, jugo de lim\u00f3n, sal, az\u00facar, pimienta, almid\u00f3n de ma\u00edz. ESP INS 412, COL INS 171, CONS INS 385, CONS INS 202, CONS 211 benzoato de potasio.<\/p>\n<p>\u2026\u2026\u2026\u2026\u2026\u2026\u2026\u2026\u2026\u2026\u2026\u2026\u2026\u2026\u2026\u2026\u2026\u2026\u2026\u2026\u2026\u2026\u2026\u2026\u2026\u2026\u2026\u2026\u2026\u2026<\/p>\n<p>Soft vegan mayonnaise made with legumes, sunflower oil, a little salt and lemon juice. Egg free, dairy free, 100% vegan and healthy. With fresh carrots.<\/p>\n<p>Suitable Vegan<\/p>\n<p>Ingredients: sunflower oil, water, chickpeas, beans, carrots, mustard, lemon juice, salt, sugar, pepper, corn starch. ESP INS 412, COL INS 171, CONS INS 385, CONS INS 202, CONS 211 potassium benzoate.<\/p>","protected":false},"excerpt":{"rendered":"<p>Mayonesa suave vegana elaborada con legumbres, aceite de girasol, un poquito se sal y jugo de lim\u00f3n. Sin huevo, sin leche, 100% vegana y sana&#8230;.<\/p>","protected":false},"featured_media":47481,"comment_status":"closed","ping_status":"closed","template":"","meta":{"_acf_changed":false,"om_disable_all_campaigns":false,"_monsterinsights_skip_tracking":false,"_monsterinsights_sitenote_active":false,"_monsterinsights_sitenote_note":"","_monsterinsights_sitenote_category":0},"etheme_brands":[],"product_brand":[],"product_cat":[2131,8815],"product_tag":[7267,1534,7702,8136,8137,1278,651,7268],"class_list":{"0":"post-47480","1":"product","2":"type-product","3":"status-publish","4":"has-post-thumbnail","6":"product_cat-aderezos-salsas","7":"product_cat-salados-veganos","8":"product_tag-carrot","9":"product_tag-mayonesa","10":"product_tag-mayonnaise","11":"product_tag-mayov","12":"product_tag-smoth","13":"product_tag-suave","14":"product_tag-vegano","15":"product_tag-zanahoria","17":"first","18":"instock","19":"taxable","20":"shipping-taxable","21":"purchasable","22":"product-type-simple"},"acf":[],"aioseo_notices":[],"_links":{"self":[{"href":"https:\/\/www.argensend.com\/en\/wp-json\/wp\/v2\/product\/47480","targetHints":{"allow":["GET"]}}],"collection":[{"href":"https:\/\/www.argensend.com\/en\/wp-json\/wp\/v2\/product"}],"about":[{"href":"https:\/\/www.argensend.com\/en\/wp-json\/wp\/v2\/types\/product"}],"replies":[{"embeddable":true,"href":"https:\/\/www.argensend.com\/en\/wp-json\/wp\/v2\/comments?post=47480"}],"version-history":[{"count":2,"href":"https:\/\/www.argensend.com\/en\/wp-json\/wp\/v2\/product\/47480\/revisions"}],"predecessor-version":[{"id":103464,"href":"https:\/\/www.argensend.com\/en\/wp-json\/wp\/v2\/product\/47480\/revisions\/103464"}],"wp:featuredmedia":[{"embeddable":true,"href":"https:\/\/www.argensend.com\/en\/wp-json\/wp\/v2\/media\/47481"}],"wp:attachment":[{"href":"https:\/\/www.argensend.com\/en\/wp-json\/wp\/v2\/media?parent=47480"}],"wp:term":[{"taxonomy":"brand","embeddable":true,"href":"https:\/\/www.argensend.com\/en\/wp-json\/wp\/v2\/etheme_brands?post=47480"},{"taxonomy":"product_brand","embeddable":true,"href":"https:\/\/www.argensend.com\/en\/wp-json\/wp\/v2\/product_brand?post=47480"},{"taxonomy":"product_cat","embeddable":true,"href":"https:\/\/www.argensend.com\/en\/wp-json\/wp\/v2\/product_cat?post=47480"},{"taxonomy":"product_tag","embeddable":true,"href":"https:\/\/www.argensend.com\/en\/wp-json\/wp\/v2\/product_tag?post=47480"}],"curies":[{"name":"wp","href":"https:\/\/api.w.org\/{rel}","templated":true}]}}