{"id":47621,"date":"2022-04-01T05:30:27","date_gmt":"2022-04-01T08:30:27","guid":{"rendered":"https:\/\/www.argensend.com\/?post_type=product&#038;p=47621"},"modified":"2024-12-06T16:26:17","modified_gmt":"2024-12-06T19:26:17","slug":"gabriel-rolon-historias-de-divan-reading-book-divan-stories-by-gabriel-rolon","status":"publish","type":"product","link":"https:\/\/www.argensend.com\/en\/product\/gabriel-rolon-historias-de-divan-reading-book-divan-stories-by-gabriel-rolon\/","title":{"rendered":"Gabriel Rol\u00f3n &#8211; Historias de Div\u00e1n"},"content":{"rendered":"<p>En 2007 Gabriel Rol\u00f3n iniciaba un viaje \u00fanico de la mano de la publicaci\u00f3n de Historias de div\u00e1n. Un recorrido que no s\u00f3lo lo convertir\u00eda en el escritor m\u00e1s vendido de la Argentina de las \u00faltimas d\u00e9cadas, sino que tambi\u00e9n le permiti\u00f3 llevar adelante una misi\u00f3n que \u00e9l mismo se impuso desde el inicio: sostener al psicoan\u00e1lisis como una disciplina capaz de transformar una vida, de dar alivio a quien padece un dolor. M\u00e1s de 300.000 ejemplares vendidos, traducciones, series de televisi\u00f3n, obras de teatro y congresos inter-nacionales no hacen m\u00e1s que celebrar una relaci\u00f3n \u00fanica entre un autor y sus lectores. Y a la vez dicen tarea cum-plida: Rol\u00f3n supo marcar &#8220;como nadie&#8221; un antes y un despu\u00e9s en la difusi\u00f3n y en la defensa del psicoan\u00e1lisis.<br \/>\nP\u00e1ginas: 352<br \/>\nPeso: 271<\/p>","protected":false},"excerpt":{"rendered":"<p>En 2007 Gabriel Rol\u00f3n iniciaba un viaje \u00fanico de la mano de la publicaci\u00f3n de Historias de div\u00e1n. Un recorrido que no s\u00f3lo lo convertir\u00eda&#8230;<\/p>","protected":false},"featured_media":112965,"comment_status":"closed","ping_status":"closed","template":"","meta":{"_acf_changed":false,"om_disable_all_campaigns":false,"_monsterinsights_skip_tracking":false,"_monsterinsights_sitenote_active":false,"_monsterinsights_sitenote_note":"","_monsterinsights_sitenote_category":0},"etheme_brands":[],"product_brand":[],"product_cat":[685],"product_tag":[8183,8182,203,234,224,755,8181,851,7952,752,4726,8184],"class_list":{"0":"post-47621","1":"product","2":"type-product","3":"status-publish","4":"has-post-thumbnail","6":"product_cat-libros","7":"product_tag-10-cuentos","8":"product_tag-10-stories","9":"product_tag-argentina","10":"product_tag-argentine","11":"product_tag-argentino","12":"product_tag-book","13":"product_tag-divan","14":"product_tag-gabriel-rolon","15":"product_tag-historias","16":"product_tag-libro","17":"product_tag-reading","18":"product_tag-relatos","20":"first","21":"instock","22":"taxable","23":"shipping-taxable","24":"purchasable","25":"product-type-simple"},"acf":[],"aioseo_notices":[],"_links":{"self":[{"href":"https:\/\/www.argensend.com\/en\/wp-json\/wp\/v2\/product\/47621","targetHints":{"allow":["GET"]}}],"collection":[{"href":"https:\/\/www.argensend.com\/en\/wp-json\/wp\/v2\/product"}],"about":[{"href":"https:\/\/www.argensend.com\/en\/wp-json\/wp\/v2\/types\/product"}],"replies":[{"embeddable":true,"href":"https:\/\/www.argensend.com\/en\/wp-json\/wp\/v2\/comments?post=47621"}],"version-history":[{"count":4,"href":"https:\/\/www.argensend.com\/en\/wp-json\/wp\/v2\/product\/47621\/revisions"}],"predecessor-version":[{"id":112967,"href":"https:\/\/www.argensend.com\/en\/wp-json\/wp\/v2\/product\/47621\/revisions\/112967"}],"wp:featuredmedia":[{"embeddable":true,"href":"https:\/\/www.argensend.com\/en\/wp-json\/wp\/v2\/media\/112965"}],"wp:attachment":[{"href":"https:\/\/www.argensend.com\/en\/wp-json\/wp\/v2\/media?parent=47621"}],"wp:term":[{"taxonomy":"brand","embeddable":true,"href":"https:\/\/www.argensend.com\/en\/wp-json\/wp\/v2\/etheme_brands?post=47621"},{"taxonomy":"product_brand","embeddable":true,"href":"https:\/\/www.argensend.com\/en\/wp-json\/wp\/v2\/product_brand?post=47621"},{"taxonomy":"product_cat","embeddable":true,"href":"https:\/\/www.argensend.com\/en\/wp-json\/wp\/v2\/product_cat?post=47621"},{"taxonomy":"product_tag","embeddable":true,"href":"https:\/\/www.argensend.com\/en\/wp-json\/wp\/v2\/product_tag?post=47621"}],"curies":[{"name":"wp","href":"https:\/\/api.w.org\/{rel}","templated":true}]}}