{"id":47626,"date":"2022-03-31T10:35:05","date_gmt":"2022-03-31T13:35:05","guid":{"rendered":"https:\/\/www.argensend.com\/?post_type=product&#038;p=47626"},"modified":"2025-04-21T20:56:25","modified_gmt":"2025-04-21T23:56:25","slug":"maizena-premezcla-chipa-sin-tacc-250-gr-x-6-unidades-premix-chipa-gluten-free-x-6-units","status":"publish","type":"product","link":"https:\/\/www.argensend.com\/en\/product\/maizena-premezcla-chipa-sin-tacc-250-gr-x-6-unidades-premix-chipa-gluten-free-x-6-units\/","title":{"rendered":"Maizena &#8211; Premezcla Chipa 250gr &#8211; 6 Unidades"},"content":{"rendered":"","protected":false},"excerpt":{"rendered":"<p>Nueva premezcla Chipa sin Tacc. Maizena te ofrece productos deliciosos libres de gluten \u00a1Disfrut\u00e1 de lo que m\u00e1s te gusta manteniendo una dieta equilibrada con MAIZENA!<br \/>\nPremezcla a base de f\u00e9cula de mandicoa con semillas de ch\u00eda y s\u00e9samo integral apto para celiacos.<br \/>\n250 gramos de Premezcla rinde para 20 chipas.<\/p>\n<p>Modo de Preparaci\u00f3n para unos ricos chipas:<br \/>\nNECESIDADES: 1 huevos, 80 cc de agua.Batir levemente el huevo con 80 cc de agua. Agregar el contenido del paquete y mezclar.<br \/>\nVolcar sobre la mesada y amasar suavemente 2 minutos hasta obtener una masa homog\u00e9nea.<br \/>\nCortar y formar unos 20 bollitos redondos y colocarlos en asadera. Hornear durante 15-20 minutos en horno medio\/m\u00e1ximo (180- 190 \u00b0C) precalentado.<\/p>\n<p>TIP! Si queres un sabor m\u00e1s intenso a queso, agrega a la preparaci\u00f3n 50 g de queso rallado que m\u00e1s te guste. Acompa\u00f1alos con un mate, caf\u00e9 o t\u00e9. Maizena es un gran aliado en la cocina de todos los hogares, es ingrediente de postres y masas que, sin modificar el sabor original de la preparaci\u00f3n, le otorga una textura y consistencia lisa y suave.<\/p>\n<p>\u00a1Con Maizena podes lograr bizcochuelos m\u00e1s suaves, salsas super cremosas, milanesas m\u00e1s crujientes y doradas, panqueques m\u00e1s livianos, empanadas de carnes m\u00e1s sabrosas, alb\u00f3ndigas m\u00e1s rendidoras y mucho m\u00e1s!<\/p>","protected":false},"featured_media":47625,"comment_status":"closed","ping_status":"closed","template":"","meta":{"_acf_changed":false,"om_disable_all_campaigns":false,"_monsterinsights_skip_tracking":false,"_monsterinsights_sitenote_active":false,"_monsterinsights_sitenote_note":"","_monsterinsights_sitenote_category":0},"etheme_brands":[],"product_brand":[],"product_cat":[8797,8804],"product_tag":[1267,785,68,278,747,4089,8185,648,3605,786,4441,791,746,10019,748],"class_list":{"0":"post-47626","1":"product","2":"type-product","3":"status-publish","4":"has-post-thumbnail","6":"product_cat-premezclas","7":"product_cat-salado-sin-tacc","8":"product_tag-casero","9":"product_tag-chipa","10":"product_tag-de","11":"product_tag-free","12":"product_tag-gluten","13":"product_tag-libre","14":"product_tag-maizena","15":"product_tag-pan","16":"product_tag-para","17":"product_tag-premezcla","18":"product_tag-premix","19":"product_tag-queso","20":"product_tag-sin","21":"product_tag-t10st","22":"product_tag-tacc","24":"first","25":"instock","26":"sale","27":"taxable","28":"shipping-taxable","29":"purchasable","30":"product-type-simple"},"acf":[],"aioseo_notices":[],"_links":{"self":[{"href":"https:\/\/www.argensend.com\/en\/wp-json\/wp\/v2\/product\/47626","targetHints":{"allow":["GET"]}}],"collection":[{"href":"https:\/\/www.argensend.com\/en\/wp-json\/wp\/v2\/product"}],"about":[{"href":"https:\/\/www.argensend.com\/en\/wp-json\/wp\/v2\/types\/product"}],"replies":[{"embeddable":true,"href":"https:\/\/www.argensend.com\/en\/wp-json\/wp\/v2\/comments?post=47626"}],"version-history":[{"count":3,"href":"https:\/\/www.argensend.com\/en\/wp-json\/wp\/v2\/product\/47626\/revisions"}],"predecessor-version":[{"id":103191,"href":"https:\/\/www.argensend.com\/en\/wp-json\/wp\/v2\/product\/47626\/revisions\/103191"}],"wp:featuredmedia":[{"embeddable":true,"href":"https:\/\/www.argensend.com\/en\/wp-json\/wp\/v2\/media\/47625"}],"wp:attachment":[{"href":"https:\/\/www.argensend.com\/en\/wp-json\/wp\/v2\/media?parent=47626"}],"wp:term":[{"taxonomy":"brand","embeddable":true,"href":"https:\/\/www.argensend.com\/en\/wp-json\/wp\/v2\/etheme_brands?post=47626"},{"taxonomy":"product_brand","embeddable":true,"href":"https:\/\/www.argensend.com\/en\/wp-json\/wp\/v2\/product_brand?post=47626"},{"taxonomy":"product_cat","embeddable":true,"href":"https:\/\/www.argensend.com\/en\/wp-json\/wp\/v2\/product_cat?post=47626"},{"taxonomy":"product_tag","embeddable":true,"href":"https:\/\/www.argensend.com\/en\/wp-json\/wp\/v2\/product_tag?post=47626"}],"curies":[{"name":"wp","href":"https:\/\/api.w.org\/{rel}","templated":true}]}}