{"id":47871,"date":"2022-04-09T15:00:02","date_gmt":"2022-04-09T18:00:02","guid":{"rendered":"https:\/\/www.argensend.com\/?post_type=product&#038;p=47871"},"modified":"2025-04-21T13:56:14","modified_gmt":"2025-04-21T16:56:14","slug":"juan-valdez-cafe-descafeinado-de-seleccion-premium-340-gr-decaffeinated-coffee-premium-selection-11-91-oz","status":"publish","type":"product","link":"https:\/\/www.argensend.com\/en\/product\/juan-valdez-cafe-descafeinado-de-seleccion-premium-340-gr-decaffeinated-coffee-premium-selection-11-91-oz\/","title":{"rendered":"Juan Valdez &#8211; Caf\u00e9 DesCaf\u00e9inado de Selecci\u00f3n Premium 340gr"},"content":{"rendered":"","protected":false},"excerpt":{"rendered":"","protected":false},"featured_media":47867,"comment_status":"closed","ping_status":"closed","template":"","meta":{"_acf_changed":false,"om_disable_all_campaigns":false,"_monsterinsights_skip_tracking":false,"_monsterinsights_sitenote_active":false,"_monsterinsights_sitenote_note":"","_monsterinsights_sitenote_category":0},"etheme_brands":[],"product_brand":[],"product_cat":[2126,8214],"product_tag":[8216,1417,1275,3009,6337,4045,6379,6373,8215,334,4046,704,3281,1213,5237,9997,2207,8217,5842],"class_list":{"0":"post-47871","1":"product","2":"type-product","3":"status-publish","4":"has-post-thumbnail","6":"product_cat-cafe","7":"product_cat-colombia","8":"product_tag-bean","9":"product_tag-black","10":"product_tag-cafe","11":"product_tag-coffee","12":"product_tag-colombia","13":"product_tag-dark","14":"product_tag-descafeinado","15":"product_tag-grano","16":"product_tag-juan-valdez","17":"product_tag-negro","18":"product_tag-oscuro","19":"product_tag-premium","20":"product_tag-roast","21":"product_tag-seleccion","22":"product_tag-selection","23":"product_tag-t10bi","24":"product_tag-tostado","25":"product_tag-volcano","26":"product_tag-whole","28":"first","29":"instock","30":"sale","31":"taxable","32":"shipping-taxable","33":"purchasable","34":"product-type-simple"},"acf":[],"aioseo_notices":[],"_links":{"self":[{"href":"https:\/\/www.argensend.com\/en\/wp-json\/wp\/v2\/product\/47871","targetHints":{"allow":["GET"]}}],"collection":[{"href":"https:\/\/www.argensend.com\/en\/wp-json\/wp\/v2\/product"}],"about":[{"href":"https:\/\/www.argensend.com\/en\/wp-json\/wp\/v2\/types\/product"}],"replies":[{"embeddable":true,"href":"https:\/\/www.argensend.com\/en\/wp-json\/wp\/v2\/comments?post=47871"}],"version-history":[{"count":3,"href":"https:\/\/www.argensend.com\/en\/wp-json\/wp\/v2\/product\/47871\/revisions"}],"predecessor-version":[{"id":112463,"href":"https:\/\/www.argensend.com\/en\/wp-json\/wp\/v2\/product\/47871\/revisions\/112463"}],"wp:featuredmedia":[{"embeddable":true,"href":"https:\/\/www.argensend.com\/en\/wp-json\/wp\/v2\/media\/47867"}],"wp:attachment":[{"href":"https:\/\/www.argensend.com\/en\/wp-json\/wp\/v2\/media?parent=47871"}],"wp:term":[{"taxonomy":"brand","embeddable":true,"href":"https:\/\/www.argensend.com\/en\/wp-json\/wp\/v2\/etheme_brands?post=47871"},{"taxonomy":"product_brand","embeddable":true,"href":"https:\/\/www.argensend.com\/en\/wp-json\/wp\/v2\/product_brand?post=47871"},{"taxonomy":"product_cat","embeddable":true,"href":"https:\/\/www.argensend.com\/en\/wp-json\/wp\/v2\/product_cat?post=47871"},{"taxonomy":"product_tag","embeddable":true,"href":"https:\/\/www.argensend.com\/en\/wp-json\/wp\/v2\/product_tag?post=47871"}],"curies":[{"name":"wp","href":"https:\/\/api.w.org\/{rel}","templated":true}]}}