{"id":47961,"date":"2022-04-09T01:25:24","date_gmt":"2022-04-09T04:25:24","guid":{"rendered":"https:\/\/www.argensend.com\/?post_type=product&#038;p=47961"},"modified":"2024-12-06T16:26:37","modified_gmt":"2024-12-06T19:26:37","slug":"set-bolsa-matera-x-5-bandera-argentina-argentine-flag","status":"publish","type":"product","link":"https:\/\/www.argensend.com\/en\/product\/set-bolsa-matera-x-5-bandera-argentina-argentine-flag\/","title":{"rendered":"Set Bolsa Matera 5 &#8211; Bandera Argentina"},"content":{"rendered":"<p>&#8216;- Termo bala acero inoxidable, Capacidad: 1 LITRO, Doble capa, Frio calor, Tap\u00f3n tipo bot\u00f3n.<br \/>\n&#8211; Yerbera con pico vertedor de pl\u00e1stico, 14 cm de alto x 8cm de di\u00e1metro<br \/>\n&#8211; Azucarera con pico vertedor de pl\u00e1stico, 11 cm de alto x 8cm de di\u00e1metro<br \/>\n&#8211; Mate de Madera forrado en aluminio , (Madera CANELA DO VEADO) Excelente calidad.<br \/>\n&#8211; Bombilla con resorte.<br \/>\n&#8211; Porta termo o tambi\u00e9n llamado Bolso Matero forrado en cuerina con una base Rigida medidas 35 cm de alto por 25 de ancho<\/p>","protected":false},"excerpt":{"rendered":"<p>&#8216;- Termo bala acero inoxidable, Capacidad: 1 LITRO, Doble capa, Frio calor, Tap\u00f3n tipo bot\u00f3n. &#8211; Yerbera con pico vertedor de pl\u00e1stico, 14 cm de&#8230;<\/p>","protected":false},"featured_media":76548,"comment_status":"closed","ping_status":"closed","template":"","meta":{"_acf_changed":false,"om_disable_all_campaigns":false,"_monsterinsights_skip_tracking":false,"_monsterinsights_sitenote_active":false,"_monsterinsights_sitenote_note":"","_monsterinsights_sitenote_category":0},"etheme_brands":[],"product_brand":[],"product_cat":[9012,2147],"product_tag":[596,203,234,224,1076,3504,4914,3471,1092,3220,4915,3488,996,165,175,6420,3275,3496,1051,5146,3153,1077],"class_list":{"0":"post-47961","1":"product","2":"type-product","3":"status-publish","4":"has-post-thumbnail","6":"product_cat-argentina-campeon-del-mundo","7":"product_cat-kits-mates-termos","8":"product_tag-acero","9":"product_tag-argentina","10":"product_tag-argentine","11":"product_tag-argentino","12":"product_tag-azucarera","13":"product_tag-bag","14":"product_tag-bala","15":"product_tag-bandera","16":"product_tag-bolso","17":"product_tag-bowl","18":"product_tag-bullet","19":"product_tag-flag","20":"product_tag-glass","21":"product_tag-mate","22":"product_tag-matero","23":"product_tag-set-x-5","24":"product_tag-steel","25":"product_tag-sugar","26":"product_tag-termo","27":"product_tag-thermos","28":"product_tag-vidrio","29":"product_tag-yerbera","31":"first","32":"outofstock","33":"taxable","34":"shipping-taxable","35":"purchasable","36":"product-type-simple"},"acf":[],"aioseo_notices":[],"_links":{"self":[{"href":"https:\/\/www.argensend.com\/en\/wp-json\/wp\/v2\/product\/47961","targetHints":{"allow":["GET"]}}],"collection":[{"href":"https:\/\/www.argensend.com\/en\/wp-json\/wp\/v2\/product"}],"about":[{"href":"https:\/\/www.argensend.com\/en\/wp-json\/wp\/v2\/types\/product"}],"replies":[{"embeddable":true,"href":"https:\/\/www.argensend.com\/en\/wp-json\/wp\/v2\/comments?post=47961"}],"version-history":[{"count":7,"href":"https:\/\/www.argensend.com\/en\/wp-json\/wp\/v2\/product\/47961\/revisions"}],"predecessor-version":[{"id":119276,"href":"https:\/\/www.argensend.com\/en\/wp-json\/wp\/v2\/product\/47961\/revisions\/119276"}],"wp:featuredmedia":[{"embeddable":true,"href":"https:\/\/www.argensend.com\/en\/wp-json\/wp\/v2\/media\/76548"}],"wp:attachment":[{"href":"https:\/\/www.argensend.com\/en\/wp-json\/wp\/v2\/media?parent=47961"}],"wp:term":[{"taxonomy":"brand","embeddable":true,"href":"https:\/\/www.argensend.com\/en\/wp-json\/wp\/v2\/etheme_brands?post=47961"},{"taxonomy":"product_brand","embeddable":true,"href":"https:\/\/www.argensend.com\/en\/wp-json\/wp\/v2\/product_brand?post=47961"},{"taxonomy":"product_cat","embeddable":true,"href":"https:\/\/www.argensend.com\/en\/wp-json\/wp\/v2\/product_cat?post=47961"},{"taxonomy":"product_tag","embeddable":true,"href":"https:\/\/www.argensend.com\/en\/wp-json\/wp\/v2\/product_tag?post=47961"}],"curies":[{"name":"wp","href":"https:\/\/api.w.org\/{rel}","templated":true}]}}