{"id":48044,"date":"2022-04-11T12:44:09","date_gmt":"2022-04-11T15:44:09","guid":{"rendered":"https:\/\/www.argensend.com\/?post_type=product&#038;p=48044"},"modified":"2024-12-06T16:26:38","modified_gmt":"2024-12-06T19:26:38","slug":"100-tangos-de-oro","status":"publish","type":"product","link":"https:\/\/www.argensend.com\/en\/product\/100-tangos-de-oro\/","title":{"rendered":"Libro &#8211; 100 Tangos de Oro"},"content":{"rendered":"","protected":false},"excerpt":{"rendered":"<ul class=\"tabs wc-tabs\">\n<li class=\"reviews_tab\"><\/li>\n<\/ul>\n<div class=\"wd-tab-wrapper woodmart-tab-wrapper\">\n<div id=\"tab-description\" class=\"woocommerce-Tabs-panel woocommerce-Tabs-panel--description panel entry-content wc-tab\">\n<div class=\"wc-tab-inner\">\n<div class=\"\">\n<p>En esta antolog\u00eda no est\u00e1n las mejores letras de tango de la historia, s\u00ed las cien m\u00e1s conocidas, porque la selecci\u00f3n fue hecha por el pueblo de la ciudad de Buenos Aires, en una encuesta realizada durante m\u00e1s de diez a\u00f1os por el Profesor C\u00e9sar Evaristo en bares, clubes, milongas y los m\u00e1s diversos espacios tangueros. \u2018\u00bfCuales son los cinco tangos que m\u00e1s le gustan?\u2019, fue la pregunta que sirvi\u00f3 para hacer funcionar la memoria emocional de los porte\u00f1os, autores absolutos de este libro. Las letras fueron ordenadas alfab\u00e9ticamente. En cada uno de los tangos se puede leer la historia de su creaci\u00f3n, y una recomendaci\u00f3n sobre las mejores versiones grabadas. Con estos versos inmortales se puede armar la comedia humana de Buenos Aires, y en cada uno de ellos encontrar respuestas a los interrogantes existenciales del R\u00edo de la Plata. \u00edA disfrutarlos entonces!, cantando si la melod\u00eda asoma, recitando si la emoci\u00f3n lo manda, sabiendo que, como dir\u00eda Discepol\u00edn, el tango es el coraz\u00f3n que piensa.<\/p>\n<\/div>\n<\/div>\n<\/div>\n<\/div>","protected":false},"featured_media":48045,"comment_status":"closed","ping_status":"closed","template":"","meta":{"_acf_changed":false,"om_disable_all_campaigns":false,"_monsterinsights_skip_tracking":false,"_monsterinsights_sitenote_active":false,"_monsterinsights_sitenote_note":"","_monsterinsights_sitenote_category":0},"etheme_brands":[],"product_brand":[],"product_cat":[685],"product_tag":[1753,1752,1149,1007,1749,1762,1743,1750,1744,1766,1193,1767,1081,1754,1763,1764,1768,1192,1751,1765],"class_list":{"0":"post-48044","1":"product","2":"type-product","3":"status-publish","4":"has-post-thumbnail","6":"product_cat-libros","7":"product_tag-carteleras","8":"product_tag-carteles","9":"product_tag-casa","10":"product_tag-chapa","11":"product_tag-chapon","12":"product_tag-club-del-poster","13":"product_tag-decoracion","14":"product_tag-decoration","15":"product_tag-decorativo","16":"product_tag-duro","17":"product_tag-fileteado","18":"product_tag-firme","19":"product_tag-home","20":"product_tag-melaticos","21":"product_tag-metal","22":"product_tag-metalico","23":"product_tag-personalizado","24":"product_tag-porteno","25":"product_tag-poster","26":"product_tag-rigido","28":"first","29":"instock","30":"taxable","31":"shipping-taxable","32":"purchasable","33":"product-type-simple"},"acf":[],"aioseo_notices":[],"_links":{"self":[{"href":"https:\/\/www.argensend.com\/en\/wp-json\/wp\/v2\/product\/48044","targetHints":{"allow":["GET"]}}],"collection":[{"href":"https:\/\/www.argensend.com\/en\/wp-json\/wp\/v2\/product"}],"about":[{"href":"https:\/\/www.argensend.com\/en\/wp-json\/wp\/v2\/types\/product"}],"replies":[{"embeddable":true,"href":"https:\/\/www.argensend.com\/en\/wp-json\/wp\/v2\/comments?post=48044"}],"version-history":[{"count":4,"href":"https:\/\/www.argensend.com\/en\/wp-json\/wp\/v2\/product\/48044\/revisions"}],"predecessor-version":[{"id":102981,"href":"https:\/\/www.argensend.com\/en\/wp-json\/wp\/v2\/product\/48044\/revisions\/102981"}],"wp:featuredmedia":[{"embeddable":true,"href":"https:\/\/www.argensend.com\/en\/wp-json\/wp\/v2\/media\/48045"}],"wp:attachment":[{"href":"https:\/\/www.argensend.com\/en\/wp-json\/wp\/v2\/media?parent=48044"}],"wp:term":[{"taxonomy":"brand","embeddable":true,"href":"https:\/\/www.argensend.com\/en\/wp-json\/wp\/v2\/etheme_brands?post=48044"},{"taxonomy":"product_brand","embeddable":true,"href":"https:\/\/www.argensend.com\/en\/wp-json\/wp\/v2\/product_brand?post=48044"},{"taxonomy":"product_cat","embeddable":true,"href":"https:\/\/www.argensend.com\/en\/wp-json\/wp\/v2\/product_cat?post=48044"},{"taxonomy":"product_tag","embeddable":true,"href":"https:\/\/www.argensend.com\/en\/wp-json\/wp\/v2\/product_tag?post=48044"}],"curies":[{"name":"wp","href":"https:\/\/api.w.org\/{rel}","templated":true}]}}