{"id":48594,"date":"2022-04-21T11:48:21","date_gmt":"2022-04-21T14:48:21","guid":{"rendered":"https:\/\/www.argensend.com\/?post_type=product&#038;p=48594"},"modified":"2024-12-06T16:26:59","modified_gmt":"2024-12-06T19:26:59","slug":"huggies-toallitas-humedas-triple-proteccion-3-paquetes-de-80-unidades-baby-wipes-with-aloe-vera-baby-skin-unscented-wet-wipes-3-packs-of-80-count","status":"publish","type":"product","link":"https:\/\/www.argensend.com\/en\/product\/huggies-toallitas-humedas-triple-proteccion-3-paquetes-de-80-unidades-baby-wipes-with-aloe-vera-baby-skin-unscented-wet-wipes-3-packs-of-80-count\/","title":{"rendered":"Huggies &#8211; Toallitas H\u00famedas Triple Protecci\u00f3n 3 Paquetes de 80 Unidades"},"content":{"rendered":"","protected":false},"excerpt":{"rendered":"<p>Las toallitas h\u00famedas Huggies Triple Protection est\u00e1n dise\u00f1adas para solucionar la limpieza diaria. Tienen extracto de manzanilla y una delicada fragancia para la limpieza del beb\u00e9. Tambi\u00e9n est\u00e1n hechas con Eco-Fibras, fibras naturales que limpian suavemente su piel.<\/p>\n<p>\u2026\u2026\u2026\u2026\u2026\u2026\u2026\u2026\u2026\u2026\u2026\u2026\u2026\u2026\u2026\u2026\u2026\u2026\u2026\u2026\u2026\u2026\u2026\u2026\u2026\u2026<\/p>\n<p>Huggies Triple Protection Wet Wipes are designed to solve everyday cleaning. They have chamomile extract and a delicate fragrance for baby cleansing. They are also made with Eco-Fibers, natural fibers that gently cleanse your skin.<\/p>","protected":false},"featured_media":78458,"comment_status":"closed","ping_status":"closed","template":"","meta":{"_acf_changed":false,"om_disable_all_campaigns":false,"_monsterinsights_skip_tracking":false,"_monsterinsights_sitenote_active":false,"_monsterinsights_sitenote_note":"","_monsterinsights_sitenote_category":0},"etheme_brands":[],"product_brand":[],"product_cat":[8819],"product_tag":[7515,1614,203,234,224,3295,1059,8371,8369,8367,6425,3565,8368,5507,4253,5538],"class_list":{"0":"post-48594","1":"product","2":"type-product","3":"status-publish","4":"has-post-thumbnail","6":"product_cat-farmacia","7":"product_tag-48-unidades","8":"product_tag-aloe-vera","9":"product_tag-argentina","10":"product_tag-argentine","11":"product_tag-argentino","12":"product_tag-baby","13":"product_tag-bebes","14":"product_tag-count","15":"product_tag-huggies","16":"product_tag-humedas","17":"product_tag-lid","18":"product_tag-newborn","19":"product_tag-skin-unscented","20":"product_tag-toallitas","21":"product_tag-wet","22":"product_tag-wipes","24":"first","25":"instock","26":"taxable","27":"shipping-taxable","28":"purchasable","29":"product-type-simple"},"acf":[],"aioseo_notices":[],"_links":{"self":[{"href":"https:\/\/www.argensend.com\/en\/wp-json\/wp\/v2\/product\/48594","targetHints":{"allow":["GET"]}}],"collection":[{"href":"https:\/\/www.argensend.com\/en\/wp-json\/wp\/v2\/product"}],"about":[{"href":"https:\/\/www.argensend.com\/en\/wp-json\/wp\/v2\/types\/product"}],"replies":[{"embeddable":true,"href":"https:\/\/www.argensend.com\/en\/wp-json\/wp\/v2\/comments?post=48594"}],"version-history":[{"count":3,"href":"https:\/\/www.argensend.com\/en\/wp-json\/wp\/v2\/product\/48594\/revisions"}],"predecessor-version":[{"id":103638,"href":"https:\/\/www.argensend.com\/en\/wp-json\/wp\/v2\/product\/48594\/revisions\/103638"}],"wp:featuredmedia":[{"embeddable":true,"href":"https:\/\/www.argensend.com\/en\/wp-json\/wp\/v2\/media\/78458"}],"wp:attachment":[{"href":"https:\/\/www.argensend.com\/en\/wp-json\/wp\/v2\/media?parent=48594"}],"wp:term":[{"taxonomy":"brand","embeddable":true,"href":"https:\/\/www.argensend.com\/en\/wp-json\/wp\/v2\/etheme_brands?post=48594"},{"taxonomy":"product_brand","embeddable":true,"href":"https:\/\/www.argensend.com\/en\/wp-json\/wp\/v2\/product_brand?post=48594"},{"taxonomy":"product_cat","embeddable":true,"href":"https:\/\/www.argensend.com\/en\/wp-json\/wp\/v2\/product_cat?post=48594"},{"taxonomy":"product_tag","embeddable":true,"href":"https:\/\/www.argensend.com\/en\/wp-json\/wp\/v2\/product_tag?post=48594"}],"curies":[{"name":"wp","href":"https:\/\/api.w.org\/{rel}","templated":true}]}}