{"id":48597,"date":"2022-04-20T06:30:10","date_gmt":"2022-04-20T09:30:10","guid":{"rendered":"https:\/\/www.argensend.com\/?post_type=product&#038;p=48597"},"modified":"2024-12-06T16:27:00","modified_gmt":"2024-12-06T19:27:00","slug":"huggies-panales-medianos-triple-proteccion-5-5-kg-a-9-5-kg-3-paquetes-de-8-unidades-baby-diapers-medium-size-disposable-baby-diapers-triple-protection-12-lb-to-21-lb-3-packs-of-8-units","status":"publish","type":"product","link":"https:\/\/www.argensend.com\/en\/product\/huggies-panales-medianos-triple-proteccion-5-5-kg-a-9-5-kg-3-paquetes-de-8-unidades-baby-diapers-medium-size-disposable-baby-diapers-triple-protection-12-lb-to-21-lb-3-packs-of-8-units\/","title":{"rendered":"Huggies &#8211; Pa\u00f1ales Huggies Flexi Comfort Disney M 48 Unidades"},"content":{"rendered":"","protected":false},"excerpt":{"rendered":"<p>Huggies Triple Protection presenta 3 beneficios en 1, donde encontrar\u00e1s sequedad, sistema antifugas y absorci\u00f3n fiable en un solo pa\u00f1al al mejor precio Huggies.<\/p>\n<p>\u2026\u2026\u2026\u2026\u2026\u2026\u2026\u2026\u2026\u2026\u2026\u2026\u2026\u2026\u2026\u2026\u2026\u2026\u2026\u2026\u2026\u2026\u2026\u2026\u2026\u2026<\/p>\n<p>Huggies Triple Protection features 3 benefits in 1, where you&#8217;ll find dryness, anti-leak system and reliable absorption in a single diaper at the best Huggies price.<\/p>","protected":false},"featured_media":92094,"comment_status":"closed","ping_status":"closed","template":"","meta":{"_acf_changed":false,"om_disable_all_campaigns":false,"_monsterinsights_skip_tracking":false,"_monsterinsights_sitenote_active":false,"_monsterinsights_sitenote_note":"","_monsterinsights_sitenote_category":0},"etheme_brands":[],"product_brand":[],"product_cat":[8819],"product_tag":[8376,8377,8378,8379,203,234,224,3295,1059,8371,8373,8375,8369,1313,1727,8372,4986,3659],"class_list":{"0":"post-48597","1":"product","2":"type-product","3":"status-publish","4":"has-post-thumbnail","6":"product_cat-farmacia","7":"product_tag-12-lb","8":"product_tag-21-lb","9":"product_tag-5-5kg","10":"product_tag-9-5kg","11":"product_tag-argentina","12":"product_tag-argentine","13":"product_tag-argentino","14":"product_tag-baby","15":"product_tag-bebes","16":"product_tag-count","17":"product_tag-diapers","18":"product_tag-disponsable","19":"product_tag-huggies","20":"product_tag-medianos","21":"product_tag-medium","22":"product_tag-panales","23":"product_tag-protection","24":"product_tag-triple","26":"first","27":"instock","28":"taxable","29":"shipping-taxable","30":"purchasable","31":"product-type-simple"},"acf":[],"aioseo_notices":[],"_links":{"self":[{"href":"https:\/\/www.argensend.com\/en\/wp-json\/wp\/v2\/product\/48597","targetHints":{"allow":["GET"]}}],"collection":[{"href":"https:\/\/www.argensend.com\/en\/wp-json\/wp\/v2\/product"}],"about":[{"href":"https:\/\/www.argensend.com\/en\/wp-json\/wp\/v2\/types\/product"}],"replies":[{"embeddable":true,"href":"https:\/\/www.argensend.com\/en\/wp-json\/wp\/v2\/comments?post=48597"}],"version-history":[{"count":4,"href":"https:\/\/www.argensend.com\/en\/wp-json\/wp\/v2\/product\/48597\/revisions"}],"predecessor-version":[{"id":103639,"href":"https:\/\/www.argensend.com\/en\/wp-json\/wp\/v2\/product\/48597\/revisions\/103639"}],"wp:featuredmedia":[{"embeddable":true,"href":"https:\/\/www.argensend.com\/en\/wp-json\/wp\/v2\/media\/92094"}],"wp:attachment":[{"href":"https:\/\/www.argensend.com\/en\/wp-json\/wp\/v2\/media?parent=48597"}],"wp:term":[{"taxonomy":"brand","embeddable":true,"href":"https:\/\/www.argensend.com\/en\/wp-json\/wp\/v2\/etheme_brands?post=48597"},{"taxonomy":"product_brand","embeddable":true,"href":"https:\/\/www.argensend.com\/en\/wp-json\/wp\/v2\/product_brand?post=48597"},{"taxonomy":"product_cat","embeddable":true,"href":"https:\/\/www.argensend.com\/en\/wp-json\/wp\/v2\/product_cat?post=48597"},{"taxonomy":"product_tag","embeddable":true,"href":"https:\/\/www.argensend.com\/en\/wp-json\/wp\/v2\/product_tag?post=48597"}],"curies":[{"name":"wp","href":"https:\/\/api.w.org\/{rel}","templated":true}]}}