{"id":48810,"date":"2022-04-22T16:19:48","date_gmt":"2022-04-22T19:19:48","guid":{"rendered":"https:\/\/www.argensend.com\/?post_type=product&#038;p=48810"},"modified":"2024-12-06T16:27:07","modified_gmt":"2024-12-06T19:27:07","slug":"banderin-equipo-de-futbol-club-atletico-boca-juniors","status":"publish","type":"product","link":"https:\/\/www.argensend.com\/en\/product\/banderin-equipo-de-futbol-club-atletico-boca-juniors\/","title":{"rendered":"Boca Juniors &#8211; Bander\u00edn Equipo de F\u00fatbol Club Atl\u00e9tico"},"content":{"rendered":"","protected":false},"excerpt":{"rendered":"<ul class=\"ui-pdp-list__wrapper\">\n<li class=\"ui-pdp-list__item\">\n<p class=\"ui-pdp-family--REGULAR ui-pdp-list__text\"><span class=\"ui-pdp-color--BLACK ui-pdp-size--XSMALL ui-pdp-family--BOLD\">Material<\/span>: PVC.<\/p>\n<\/li>\n<li class=\"ui-pdp-list__item\">\n<p class=\"ui-pdp-family--REGULAR ui-pdp-list__text\"><span class=\"ui-pdp-color--BLACK ui-pdp-size--XSMALL ui-pdp-family--BOLD\">Largo total<\/span>: 45 m.<\/p>\n<\/li>\n<\/ul>\n<p>Disponible 20 d\u00edas despu\u00e9s de la compra.<\/p>","protected":false},"featured_media":48812,"comment_status":"closed","ping_status":"closed","template":"","meta":{"_acf_changed":false,"om_disable_all_campaigns":false,"_monsterinsights_skip_tracking":false,"_monsterinsights_sitenote_active":false,"_monsterinsights_sitenote_note":"","_monsterinsights_sitenote_category":0},"etheme_brands":[],"product_brand":[],"product_cat":[1025,1212],"product_tag":[203,5605,8475,666,3615,68,2102,3488,3353,1050,1063,1060,3252],"class_list":{"0":"post-48810","1":"product","2":"type-product","3":"status-publish","4":"has-post-thumbnail","6":"product_cat-boca-juniors","7":"product_cat-seleccion-argentina","8":"product_tag-argentina","9":"product_tag-atletico","10":"product_tag-banner","11":"product_tag-boca","12":"product_tag-club","13":"product_tag-de","14":"product_tag-equipo","15":"product_tag-flag","16":"product_tag-football","17":"product_tag-futbol","18":"product_tag-juniors","19":"product_tag-pelota","20":"product_tag-team","22":"first","23":"outofstock","24":"taxable","25":"shipping-taxable","26":"purchasable","27":"product-type-simple"},"acf":[],"aioseo_notices":[],"_links":{"self":[{"href":"https:\/\/www.argensend.com\/en\/wp-json\/wp\/v2\/product\/48810","targetHints":{"allow":["GET"]}}],"collection":[{"href":"https:\/\/www.argensend.com\/en\/wp-json\/wp\/v2\/product"}],"about":[{"href":"https:\/\/www.argensend.com\/en\/wp-json\/wp\/v2\/types\/product"}],"replies":[{"embeddable":true,"href":"https:\/\/www.argensend.com\/en\/wp-json\/wp\/v2\/comments?post=48810"}],"version-history":[{"count":3,"href":"https:\/\/www.argensend.com\/en\/wp-json\/wp\/v2\/product\/48810\/revisions"}],"predecessor-version":[{"id":98833,"href":"https:\/\/www.argensend.com\/en\/wp-json\/wp\/v2\/product\/48810\/revisions\/98833"}],"wp:featuredmedia":[{"embeddable":true,"href":"https:\/\/www.argensend.com\/en\/wp-json\/wp\/v2\/media\/48812"}],"wp:attachment":[{"href":"https:\/\/www.argensend.com\/en\/wp-json\/wp\/v2\/media?parent=48810"}],"wp:term":[{"taxonomy":"brand","embeddable":true,"href":"https:\/\/www.argensend.com\/en\/wp-json\/wp\/v2\/etheme_brands?post=48810"},{"taxonomy":"product_brand","embeddable":true,"href":"https:\/\/www.argensend.com\/en\/wp-json\/wp\/v2\/product_brand?post=48810"},{"taxonomy":"product_cat","embeddable":true,"href":"https:\/\/www.argensend.com\/en\/wp-json\/wp\/v2\/product_cat?post=48810"},{"taxonomy":"product_tag","embeddable":true,"href":"https:\/\/www.argensend.com\/en\/wp-json\/wp\/v2\/product_tag?post=48810"}],"curies":[{"name":"wp","href":"https:\/\/api.w.org\/{rel}","templated":true}]}}