{"id":49168,"date":"2022-05-01T08:24:30","date_gmt":"2022-05-01T11:24:30","guid":{"rendered":"https:\/\/www.argensend.com\/?post_type=product&#038;p=49168"},"modified":"2025-04-21T13:56:07","modified_gmt":"2025-04-21T16:56:07","slug":"leche-infantil-kids-banana-nestum-180-cm3","status":"publish","type":"product","link":"https:\/\/www.argensend.com\/en\/product\/leche-infantil-kids-banana-nestum-180-cm3\/","title":{"rendered":"Nestum &#8211; Alimento de Bebe Org\u00e1nico &#8211; 225gr x2 Unidades"},"content":{"rendered":"","protected":false},"excerpt":{"rendered":"<p>Unidad: Softpack De 225 Gramos \u00a1Primer Nestum\u00ae Org\u00e1nico! \u00danico En El Mercado. Con Trigo Org\u00e1nico, Arroz Org\u00e1nico Y Ma\u00edz Org\u00e1nico. \u00a1Sin Az\u00facar Agregada Ni Conservantes Y Colorantes Artificiales.Fuente De Hierro Y Calcio. \u00a1Con 18 Vitaminas Y Minerales!Aviso Importante. La Leche Materna Es El Mejor Alimento Para El Lactante. La Lactancia Materna Deber\u00eda Continuar Tanto Como Sea Posible. Consulte A Su M\u00e9dico.Nestum\u00ae No Es Un Sustituto De La Leche Materna, Es Un Alimento Complementario. Producto En Polvo A Base De Harina De Trigo, Arroz Y Ma\u00edz Para Lactantes A Partir De Los 6 Meses De Vida Y Ni\u00f1os En La Primera Infancia.Conservaci\u00f3n:No Guarde Restos De Producto Preparado. Cierre Bien El Envase Despu\u00e9s De Cada Uso. Cons\u00e9rvese En Un Lugar Fresco Y Seco. Consuma El Producto Antes De Los 30 D\u00edas.<\/p>","protected":false},"featured_media":118220,"comment_status":"closed","ping_status":"closed","template":"","meta":{"_acf_changed":false,"om_disable_all_campaigns":false,"_monsterinsights_skip_tracking":false,"_monsterinsights_sitenote_active":false,"_monsterinsights_sitenote_note":"","_monsterinsights_sitenote_category":0},"etheme_brands":[],"product_brand":[],"product_cat":[85],"product_tag":[890,69,10609,894,887,904,905],"class_list":{"0":"post-49168","1":"product","2":"type-product","3":"status-publish","4":"has-post-thumbnail","6":"product_cat-bebidas","7":"product_tag-890","8":"product_tag-leche","9":"product_tag-nestum","10":"product_tag-nutrilon","11":"product_tag-polvo","12":"product_tag-proexpert","13":"product_tag-sin-lactosa","15":"first","16":"instock","17":"taxable","18":"shipping-taxable","19":"purchasable","20":"product-type-simple"},"acf":[],"aioseo_notices":[],"_links":{"self":[{"href":"https:\/\/www.argensend.com\/en\/wp-json\/wp\/v2\/product\/49168","targetHints":{"allow":["GET"]}}],"collection":[{"href":"https:\/\/www.argensend.com\/en\/wp-json\/wp\/v2\/product"}],"about":[{"href":"https:\/\/www.argensend.com\/en\/wp-json\/wp\/v2\/types\/product"}],"replies":[{"embeddable":true,"href":"https:\/\/www.argensend.com\/en\/wp-json\/wp\/v2\/comments?post=49168"}],"version-history":[{"count":5,"href":"https:\/\/www.argensend.com\/en\/wp-json\/wp\/v2\/product\/49168\/revisions"}],"predecessor-version":[{"id":118221,"href":"https:\/\/www.argensend.com\/en\/wp-json\/wp\/v2\/product\/49168\/revisions\/118221"}],"wp:featuredmedia":[{"embeddable":true,"href":"https:\/\/www.argensend.com\/en\/wp-json\/wp\/v2\/media\/118220"}],"wp:attachment":[{"href":"https:\/\/www.argensend.com\/en\/wp-json\/wp\/v2\/media?parent=49168"}],"wp:term":[{"taxonomy":"brand","embeddable":true,"href":"https:\/\/www.argensend.com\/en\/wp-json\/wp\/v2\/etheme_brands?post=49168"},{"taxonomy":"product_brand","embeddable":true,"href":"https:\/\/www.argensend.com\/en\/wp-json\/wp\/v2\/product_brand?post=49168"},{"taxonomy":"product_cat","embeddable":true,"href":"https:\/\/www.argensend.com\/en\/wp-json\/wp\/v2\/product_cat?post=49168"},{"taxonomy":"product_tag","embeddable":true,"href":"https:\/\/www.argensend.com\/en\/wp-json\/wp\/v2\/product_tag?post=49168"}],"curies":[{"name":"wp","href":"https:\/\/api.w.org\/{rel}","templated":true}]}}