{"id":49195,"date":"2022-05-02T09:34:07","date_gmt":"2022-05-02T12:34:07","guid":{"rendered":"https:\/\/www.argensend.com\/?post_type=product&#038;p=49195"},"modified":"2025-04-21T17:05:26","modified_gmt":"2025-04-21T20:05:26","slug":"sancor-queso-pategras-maduracion-optima-240-gr-pategras-optimum-ripening-cheese-8-46-oz","status":"publish","type":"product","link":"https:\/\/www.argensend.com\/en\/product\/sancor-queso-pategras-maduracion-optima-240-gr-pategras-optimum-ripening-cheese-8-46-oz\/","title":{"rendered":"Sancor &#8211; Queso Pategr\u00e1s Maduraci\u00f3n \u00d3ptima 240gr"},"content":{"rendered":"","protected":false},"excerpt":{"rendered":"","protected":false},"featured_media":49196,"comment_status":"closed","ping_status":"closed","template":"","meta":{"_acf_changed":false,"om_disable_all_campaigns":false,"_monsterinsights_skip_tracking":false,"_monsterinsights_sitenote_active":false,"_monsterinsights_sitenote_note":"","_monsterinsights_sitenote_category":0},"etheme_brands":[],"product_brand":[],"product_cat":[1649,8804],"product_tag":[203,234,224,8588,790,4343,8590,8591,8592,8589,791,8593,167,4920],"class_list":{"0":"post-49195","1":"product","2":"type-product","3":"status-publish","4":"has-post-thumbnail","6":"product_cat-quesos-fiambres","7":"product_cat-salado-sin-tacc","8":"product_tag-argentina","9":"product_tag-argentine","10":"product_tag-argentino","11":"product_tag-chees","12":"product_tag-cheese","13":"product_tag-gluten-free","14":"product_tag-maduracion","15":"product_tag-optima","16":"product_tag-optimum","17":"product_tag-pategras","18":"product_tag-queso","19":"product_tag-ripening","20":"product_tag-sin-tacc","21":"product_tag-without-tacc","23":"first","24":"outofstock","25":"taxable","26":"shipping-taxable","27":"purchasable","28":"product-type-simple"},"acf":[],"aioseo_notices":[],"_links":{"self":[{"href":"https:\/\/www.argensend.com\/en\/wp-json\/wp\/v2\/product\/49195","targetHints":{"allow":["GET"]}}],"collection":[{"href":"https:\/\/www.argensend.com\/en\/wp-json\/wp\/v2\/product"}],"about":[{"href":"https:\/\/www.argensend.com\/en\/wp-json\/wp\/v2\/types\/product"}],"replies":[{"embeddable":true,"href":"https:\/\/www.argensend.com\/en\/wp-json\/wp\/v2\/comments?post=49195"}],"version-history":[{"count":2,"href":"https:\/\/www.argensend.com\/en\/wp-json\/wp\/v2\/product\/49195\/revisions"}],"predecessor-version":[{"id":105538,"href":"https:\/\/www.argensend.com\/en\/wp-json\/wp\/v2\/product\/49195\/revisions\/105538"}],"wp:featuredmedia":[{"embeddable":true,"href":"https:\/\/www.argensend.com\/en\/wp-json\/wp\/v2\/media\/49196"}],"wp:attachment":[{"href":"https:\/\/www.argensend.com\/en\/wp-json\/wp\/v2\/media?parent=49195"}],"wp:term":[{"taxonomy":"brand","embeddable":true,"href":"https:\/\/www.argensend.com\/en\/wp-json\/wp\/v2\/etheme_brands?post=49195"},{"taxonomy":"product_brand","embeddable":true,"href":"https:\/\/www.argensend.com\/en\/wp-json\/wp\/v2\/product_brand?post=49195"},{"taxonomy":"product_cat","embeddable":true,"href":"https:\/\/www.argensend.com\/en\/wp-json\/wp\/v2\/product_cat?post=49195"},{"taxonomy":"product_tag","embeddable":true,"href":"https:\/\/www.argensend.com\/en\/wp-json\/wp\/v2\/product_tag?post=49195"}],"curies":[{"name":"wp","href":"https:\/\/api.w.org\/{rel}","templated":true}]}}